{"id":5443,"date":"2023-09-29T18:32:22","date_gmt":"2023-09-29T18:32:22","guid":{"rendered":"https:\/\/hidrosistem.al\/new\/?post_type=product&#038;p=5443"},"modified":"2023-09-29T18:32:22","modified_gmt":"2023-09-29T18:32:22","slug":"bidet-prej-porcelani-te-varur","status":"publish","type":"product","link":"https:\/\/hidrosistem.al\/new\/product\/bidet-prej-porcelani-te-varur\/","title":{"rendered":"Bidet prej porcelani t\u00eb varur"},"content":{"rendered":"<p><span data-sheets-value=\"{&quot;1&quot;:2,&quot;2&quot;:&quot;Koleksioni Debba : Nj\u00eb koleksion me nj\u00eb gam\u00eb t\u00eb gjer\u00eb zgjidhjesh q\u00eb, e kombinuar me dizajnin e tij t\u00eb matur dhe aktual, e b\u00ebjn\u00eb at\u00eb t\u00eb adaptuesh\u00ebm n\u00eb \u00e7do hap\u00ebsir\u00eb t\u00eb banj\u00ebs.&quot;}\" data-sheets-userformat=\"{&quot;2&quot;:513,&quot;3&quot;:{&quot;1&quot;:0},&quot;12&quot;:0}\">Koleksioni Debba : Nj\u00eb koleksion me nj\u00eb gam\u00eb t\u00eb gjer\u00eb zgjidhjesh q\u00eb, e kombinuar me dizajnin e tij t\u00eb matur dhe aktual, e b\u00ebjn\u00eb at\u00eb t\u00eb adaptuesh\u00ebm n\u00eb \u00e7do hap\u00ebsir\u00eb t\u00eb banj\u00ebs.<\/span><\/p>\n<p>Kodi i produktit ne ROCA : <span data-sheets-value=\"{&quot;1&quot;:2,&quot;2&quot;:&quot;A355995000&quot;}\" data-sheets-userformat=\"{&quot;2&quot;:12929,&quot;3&quot;:{&quot;1&quot;:0},&quot;10&quot;:2,&quot;12&quot;:0,&quot;15&quot;:&quot;Calibri&quot;,&quot;16&quot;:12}\">A355995000<\/span><br \/>\nDimensionet : <span data-sheets-value=\"{&quot;1&quot;:2,&quot;2&quot;:&quot;355 x 540 x 305 mm&quot;}\">355 x 540 x 305 mm<\/span><\/p>\n","protected":false},"excerpt":{"rendered":"<p>Koleksioni Debba : Nj\u00eb koleksion me nj\u00eb gam\u00eb t\u00eb gjer\u00eb zgjidhjesh q\u00eb, e kombinuar me dizajnin e tij t\u00eb matur<\/p>\n","protected":false},"featured_media":5444,"template":"","meta":[],"product_cat":[340],"product_tag":[],"class_list":["post-5443","product","type-product","status-publish","has-post-thumbnail","hentry","product_cat-hidrosanitare"],"_links":{"self":[{"href":"https:\/\/hidrosistem.al\/new\/wp-json\/wp\/v2\/product\/5443","targetHints":{"allow":["GET"]}}],"collection":[{"href":"https:\/\/hidrosistem.al\/new\/wp-json\/wp\/v2\/product"}],"about":[{"href":"https:\/\/hidrosistem.al\/new\/wp-json\/wp\/v2\/types\/product"}],"version-history":[{"count":1,"href":"https:\/\/hidrosistem.al\/new\/wp-json\/wp\/v2\/product\/5443\/revisions"}],"predecessor-version":[{"id":5448,"href":"https:\/\/hidrosistem.al\/new\/wp-json\/wp\/v2\/product\/5443\/revisions\/5448"}],"wp:featuredmedia":[{"embeddable":true,"href":"https:\/\/hidrosistem.al\/new\/wp-json\/wp\/v2\/media\/5444"}],"wp:attachment":[{"href":"https:\/\/hidrosistem.al\/new\/wp-json\/wp\/v2\/media?parent=5443"}],"wp:term":[{"taxonomy":"product_cat","embeddable":true,"href":"https:\/\/hidrosistem.al\/new\/wp-json\/wp\/v2\/product_cat?post=5443"},{"taxonomy":"product_tag","embeddable":true,"href":"https:\/\/hidrosistem.al\/new\/wp-json\/wp\/v2\/product_tag?post=5443"}],"curies":[{"name":"wp","href":"https:\/\/api.w.org\/{rel}","templated":true}]}}