{"id":5409,"date":"2023-09-29T18:21:16","date_gmt":"2023-09-29T18:21:16","guid":{"rendered":"https:\/\/hidrosistem.al\/new\/?post_type=product&#038;p=5409"},"modified":"2025-11-18T11:14:09","modified_gmt":"2025-11-18T11:14:09","slug":"victoria-bide-toksore-e-bardhe","status":"publish","type":"product","link":"https:\/\/hidrosistem.al\/new\/product\/victoria-bide-toksore-e-bardhe\/","title":{"rendered":"Bide Roca Victoria tok\u00ebsore"},"content":{"rendered":"<p>Koleksioni Victoria : Model dyshemeje, i prodhuar prej porcelani t\u00eb bardh\u00eb me dizajn klasik dhe linja t\u00eb buta. Ka dalje horizontale, duke e b\u00ebr\u00eb t\u00eb p\u00ebrshtatsh\u00ebm p\u00ebr shumic\u00ebn e instalimeve standarde. P\u00ebrmasat ofrojn\u00eb komoditet dhe funksionalitet t\u00eb p\u00ebrditsh\u00ebm, nd\u00ebrsa cil\u00ebsia e materialit siguron rezistenc\u00eb dhe jet\u00ebgjat\u00ebsi.<\/p>\n<p>Kodi i produktit ne ROCA :<span data-sheets-value=\"{&quot;1&quot;:2,&quot;2&quot;:&quot;A355394000&quot;}\" data-sheets-userformat=\"{&quot;2&quot;:12929,&quot;3&quot;:{&quot;1&quot;:0},&quot;10&quot;:2,&quot;12&quot;:0,&quot;15&quot;:&quot;Calibri&quot;,&quot;16&quot;:12}\">A355394000<\/span><br \/>\nDimensionet e produktit :<span id=\"dim-txt\">355 x 530 x 385 mm<\/span><\/p>\n","protected":false},"excerpt":{"rendered":"<p>Koleksioni Victoria : Model dyshemeje, i prodhuar prej porcelani t\u00eb bardh\u00eb me dizajn klasik dhe linja t\u00eb buta. Ka dalje<\/p>\n","protected":false},"featured_media":5412,"template":"","meta":[],"product_cat":[340,466,468],"product_tag":[],"class_list":["post-5409","product","type-product","status-publish","has-post-thumbnail","hentry","product_cat-hidrosanitare","product_cat-sanitare","product_cat-bide"],"_links":{"self":[{"href":"https:\/\/hidrosistem.al\/new\/wp-json\/wp\/v2\/product\/5409","targetHints":{"allow":["GET"]}}],"collection":[{"href":"https:\/\/hidrosistem.al\/new\/wp-json\/wp\/v2\/product"}],"about":[{"href":"https:\/\/hidrosistem.al\/new\/wp-json\/wp\/v2\/types\/product"}],"version-history":[{"count":3,"href":"https:\/\/hidrosistem.al\/new\/wp-json\/wp\/v2\/product\/5409\/revisions"}],"predecessor-version":[{"id":12767,"href":"https:\/\/hidrosistem.al\/new\/wp-json\/wp\/v2\/product\/5409\/revisions\/12767"}],"wp:featuredmedia":[{"embeddable":true,"href":"https:\/\/hidrosistem.al\/new\/wp-json\/wp\/v2\/media\/5412"}],"wp:attachment":[{"href":"https:\/\/hidrosistem.al\/new\/wp-json\/wp\/v2\/media?parent=5409"}],"wp:term":[{"taxonomy":"product_cat","embeddable":true,"href":"https:\/\/hidrosistem.al\/new\/wp-json\/wp\/v2\/product_cat?post=5409"},{"taxonomy":"product_tag","embeddable":true,"href":"https:\/\/hidrosistem.al\/new\/wp-json\/wp\/v2\/product_tag?post=5409"}],"curies":[{"name":"wp","href":"https:\/\/api.w.org\/{rel}","templated":true}]}}