{"id":5407,"date":"2023-09-29T18:20:03","date_gmt":"2023-09-29T18:20:03","guid":{"rendered":"https:\/\/hidrosistem.al\/new\/?post_type=product&#038;p=5407"},"modified":"2025-12-02T08:53:12","modified_gmt":"2025-12-02T08:53:12","slug":"gap-gjysem-kollone-lavamani","status":"publish","type":"product","link":"https:\/\/hidrosistem.al\/new\/product\/gap-gjysem-kollone-lavamani\/","title":{"rendered":"Gjysm\u00eb Kollone lavamani Roca Gap"},"content":{"rendered":"<p><span data-sheets-value=\"{&quot;1&quot;:2,&quot;2&quot;:&quot;Koleksioni Dama-N : Dizajni, funksionaliteti dhe gjer\u00ebsia e gam\u00ebs. Koleksioni, me linjat e tij neutrale dhe t\u00eb pastra, ofron nj\u00eb larmi madh\u00ebsish. Kombinimi i produkteve t\u00eb k\u00ebsaj serie do t'ju jap\u00eb rezultate mahnit\u00ebse n\u00eb t\u00eb gjitha llojet e hap\u00ebsirave t\u00eb banj\u00ebs.&quot;}\" data-sheets-userformat=\"{&quot;2&quot;:513,&quot;3&quot;:{&quot;1&quot;:0},&quot;12&quot;:0}\">Koleksioni Dama-N: <\/span>Pamje e past\u00ebr dhe funksionale. Gjysm\u00eb kollona mbulon pjes\u00ebrisht tubacionet e lavamanit, duke ruajtur nj\u00eb dizajn modern dhe t\u00eb rregullt. E prodhuar nga materiale rezistente, \u00ebsht\u00eb e leht\u00eb p\u00ebr t\u2019u montuar dhe pastruar.<\/p>\n<p>Kodi i produktit ne ROCA : <span data-sheets-value=\"{&quot;1&quot;:2,&quot;2&quot;:&quot;A337471000&quot;}\" data-sheets-userformat=\"{&quot;2&quot;:12929,&quot;3&quot;:{&quot;1&quot;:0},&quot;10&quot;:2,&quot;12&quot;:0,&quot;15&quot;:&quot;Calibri&quot;,&quot;16&quot;:12}\">A337471000<\/span><br \/>\nDimensionet : <span id=\"dim-txt\">195 x 300 x 295 mm<\/span><\/p>\n","protected":false},"excerpt":{"rendered":"<p>Koleksioni Dama-N: Pamje e past\u00ebr dhe funksionale. Gjysm\u00eb kollona mbulon pjes\u00ebrisht tubacionet e lavamanit, duke ruajtur nj\u00eb dizajn modern dhe<\/p>\n","protected":false},"featured_media":5410,"template":"","meta":[],"product_cat":[340,466,473],"product_tag":[],"class_list":["post-5407","product","type-product","status-publish","has-post-thumbnail","hentry","product_cat-hidrosanitare","product_cat-sanitare","product_cat-aksesore-te-tjere-sanitare"],"_links":{"self":[{"href":"https:\/\/hidrosistem.al\/new\/wp-json\/wp\/v2\/product\/5407","targetHints":{"allow":["GET"]}}],"collection":[{"href":"https:\/\/hidrosistem.al\/new\/wp-json\/wp\/v2\/product"}],"about":[{"href":"https:\/\/hidrosistem.al\/new\/wp-json\/wp\/v2\/types\/product"}],"version-history":[{"count":4,"href":"https:\/\/hidrosistem.al\/new\/wp-json\/wp\/v2\/product\/5407\/revisions"}],"predecessor-version":[{"id":13328,"href":"https:\/\/hidrosistem.al\/new\/wp-json\/wp\/v2\/product\/5407\/revisions\/13328"}],"wp:featuredmedia":[{"embeddable":true,"href":"https:\/\/hidrosistem.al\/new\/wp-json\/wp\/v2\/media\/5410"}],"wp:attachment":[{"href":"https:\/\/hidrosistem.al\/new\/wp-json\/wp\/v2\/media?parent=5407"}],"wp:term":[{"taxonomy":"product_cat","embeddable":true,"href":"https:\/\/hidrosistem.al\/new\/wp-json\/wp\/v2\/product_cat?post=5407"},{"taxonomy":"product_tag","embeddable":true,"href":"https:\/\/hidrosistem.al\/new\/wp-json\/wp\/v2\/product_tag?post=5407"}],"curies":[{"name":"wp","href":"https:\/\/api.w.org\/{rel}","templated":true}]}}