{"id":5397,"date":"2023-09-29T18:15:34","date_gmt":"2023-09-29T18:15:34","guid":{"rendered":"https:\/\/hidrosistem.al\/new\/?post_type=product&#038;p=5397"},"modified":"2025-12-02T10:49:34","modified_gmt":"2025-12-02T10:49:34","slug":"pishuar-chic-i-bardhe-325x330x560mm","status":"publish","type":"product","link":"https:\/\/hidrosistem.al\/new\/product\/pishuar-chic-i-bardhe-325x330x560mm\/","title":{"rendered":"Pishuar Roca Chic i bardh\u00eb 325x330x560 mm"},"content":{"rendered":"<p><span data-sheets-value=\"{&quot;1&quot;:2,&quot;2&quot;:&quot;Koleksioni Chic : Dizajni dhe funksionaliteti q\u00eb revolucionarizojn\u00eb hap\u00ebsir\u00ebn publike p\u00ebr t\u00eb cil\u00ebn \u00ebsht\u00eb projektuar dhe e b\u00ebjn\u00eb k\u00ebt\u00eb nj\u00eb koleksion elegant me personalitetin e tij urban, me nj\u00eb prekje shum\u00eb t\u00eb ve\u00e7ant\u00eb dallimi.&quot;}\" data-sheets-userformat=\"{&quot;2&quot;:513,&quot;3&quot;:{&quot;1&quot;:0},&quot;12&quot;:0}\">Koleksioni Chic: Higjien\u00eb dhe funksionalitet. Pishuari ofron zgjidhje praktike p\u00ebr hap\u00ebsira sanitare publike dhe private, me dizajn kompakt dhe shkarkim efikas. I prodhuar nga materiale rezistente, garanton past\u00ebrti t\u00eb leht\u00eb dhe jet\u00ebgjat\u00ebsi.<\/span><\/p>\n<p>Kodi i produktit ne ROCA : <span data-sheets-value=\"{&quot;1&quot;:2,&quot;2&quot;:&quot;A35945J000&quot;}\" data-sheets-userformat=\"{&quot;2&quot;:12929,&quot;3&quot;:{&quot;1&quot;:0},&quot;10&quot;:2,&quot;12&quot;:0,&quot;15&quot;:&quot;Calibri&quot;,&quot;16&quot;:12}\">A35945J000<\/span><br \/>\nDimensionet : <span data-sheets-value=\"{&quot;1&quot;:2,&quot;2&quot;:&quot;325 x 330 x 560 mm&quot;}\">325 x 330 x 560 mm<\/span><\/p>\n","protected":false},"excerpt":{"rendered":"<p>Koleksioni Chic: Higjien\u00eb dhe funksionalitet. Pishuari ofron zgjidhje praktike p\u00ebr hap\u00ebsira sanitare publike dhe private, me dizajn kompakt dhe shkarkim<\/p>\n","protected":false},"featured_media":5398,"template":"","meta":[],"product_cat":[340,466,473],"product_tag":[],"class_list":["post-5397","product","type-product","status-publish","has-post-thumbnail","hentry","product_cat-hidrosanitare","product_cat-sanitare","product_cat-aksesore-te-tjere-sanitare"],"_links":{"self":[{"href":"https:\/\/hidrosistem.al\/new\/wp-json\/wp\/v2\/product\/5397","targetHints":{"allow":["GET"]}}],"collection":[{"href":"https:\/\/hidrosistem.al\/new\/wp-json\/wp\/v2\/product"}],"about":[{"href":"https:\/\/hidrosistem.al\/new\/wp-json\/wp\/v2\/types\/product"}],"version-history":[{"count":3,"href":"https:\/\/hidrosistem.al\/new\/wp-json\/wp\/v2\/product\/5397\/revisions"}],"predecessor-version":[{"id":13469,"href":"https:\/\/hidrosistem.al\/new\/wp-json\/wp\/v2\/product\/5397\/revisions\/13469"}],"wp:featuredmedia":[{"embeddable":true,"href":"https:\/\/hidrosistem.al\/new\/wp-json\/wp\/v2\/media\/5398"}],"wp:attachment":[{"href":"https:\/\/hidrosistem.al\/new\/wp-json\/wp\/v2\/media?parent=5397"}],"wp:term":[{"taxonomy":"product_cat","embeddable":true,"href":"https:\/\/hidrosistem.al\/new\/wp-json\/wp\/v2\/product_cat?post=5397"},{"taxonomy":"product_tag","embeddable":true,"href":"https:\/\/hidrosistem.al\/new\/wp-json\/wp\/v2\/product_tag?post=5397"}],"curies":[{"name":"wp","href":"https:\/\/api.w.org\/{rel}","templated":true}]}}