{"id":5396,"date":"2023-09-29T18:18:02","date_gmt":"2023-09-29T18:18:02","guid":{"rendered":"https:\/\/hidrosistem.al\/new\/?post_type=product&#038;p=5396"},"modified":"2025-12-01T07:50:59","modified_gmt":"2025-12-01T07:50:59","slug":"victoria-lavaman-65-x-51-cm-i-bardhe","status":"publish","type":"product","link":"https:\/\/hidrosistem.al\/new\/product\/victoria-lavaman-65-x-51-cm-i-bardhe\/","title":{"rendered":"Lavaman Roca Victoria 65*51"},"content":{"rendered":"<p>Koleksioni Victoria: Lavaman me montim n\u00eb mur, i p\u00ebrb\u00ebr\u00eb prej porcelanit t\u00eb bardh\u00eb. Dizajni \u00ebsht\u00eb klasik dhe elegant, i p\u00ebrshtatsh\u00ebm p\u00ebr ambiente tualeti me linja t\u00eb harmonizuara, ku k\u00ebrkohet kombinim i estetik\u00ebs me funksionalitetin.<\/p>\n<p>Kodi i produktit ne ROCA :<span data-sheets-value=\"{&quot;1&quot;:2,&quot;2&quot;:&quot;A325391000&quot;}\" data-sheets-userformat=\"{&quot;2&quot;:12929,&quot;3&quot;:{&quot;1&quot;:0},&quot;10&quot;:2,&quot;12&quot;:0,&quot;15&quot;:&quot;Calibri&quot;,&quot;16&quot;:12}\">A325391000<\/span><br \/>\nDimensionet e produktit :<span id=\"dim-txt\">650 x 510 x 195 mm<\/span><\/p>\n","protected":false},"excerpt":{"rendered":"<p>Koleksioni Victoria: Lavaman me montim n\u00eb mur, i p\u00ebrb\u00ebr\u00eb prej porcelanit t\u00eb bardh\u00eb. Dizajni \u00ebsht\u00eb klasik dhe elegant, i p\u00ebrshtatsh\u00ebm<\/p>\n","protected":false},"featured_media":5402,"template":"","meta":[],"product_cat":[340,466,469],"product_tag":[],"class_list":["post-5396","product","type-product","status-publish","has-post-thumbnail","hentry","product_cat-hidrosanitare","product_cat-sanitare","product_cat-lavaman"],"_links":{"self":[{"href":"https:\/\/hidrosistem.al\/new\/wp-json\/wp\/v2\/product\/5396","targetHints":{"allow":["GET"]}}],"collection":[{"href":"https:\/\/hidrosistem.al\/new\/wp-json\/wp\/v2\/product"}],"about":[{"href":"https:\/\/hidrosistem.al\/new\/wp-json\/wp\/v2\/types\/product"}],"version-history":[{"count":3,"href":"https:\/\/hidrosistem.al\/new\/wp-json\/wp\/v2\/product\/5396\/revisions"}],"predecessor-version":[{"id":12761,"href":"https:\/\/hidrosistem.al\/new\/wp-json\/wp\/v2\/product\/5396\/revisions\/12761"}],"wp:featuredmedia":[{"embeddable":true,"href":"https:\/\/hidrosistem.al\/new\/wp-json\/wp\/v2\/media\/5402"}],"wp:attachment":[{"href":"https:\/\/hidrosistem.al\/new\/wp-json\/wp\/v2\/media?parent=5396"}],"wp:term":[{"taxonomy":"product_cat","embeddable":true,"href":"https:\/\/hidrosistem.al\/new\/wp-json\/wp\/v2\/product_cat?post=5396"},{"taxonomy":"product_tag","embeddable":true,"href":"https:\/\/hidrosistem.al\/new\/wp-json\/wp\/v2\/product_tag?post=5396"}],"curies":[{"name":"wp","href":"https:\/\/api.w.org\/{rel}","templated":true}]}}