{"id":5357,"date":"2023-09-29T17:50:03","date_gmt":"2023-09-29T17:50:03","guid":{"rendered":"https:\/\/hidrosistem.al\/new\/?post_type=product&#038;p=5357"},"modified":"2025-12-02T09:49:26","modified_gmt":"2025-12-02T09:49:26","slug":"grup-dushi-lanta","status":"publish","type":"product","link":"https:\/\/hidrosistem.al\/new\/product\/grup-dushi-lanta\/","title":{"rendered":"Grup dushi Roca Carmen"},"content":{"rendered":"<p><span data-sheets-value=\"{&quot;1&quot;:2,&quot;2&quot;:&quot;Koleksioni Carmen : Carmen \u00ebsht\u00eb nj\u00eb nga lavaman\u00ebt m\u00eb ikon\u00eb t\u00eb Roca-s nga vitet 1940, i cili kthehet me nj\u00eb karakter t\u00eb past\u00ebr vintage p\u00ebr t'u b\u00ebr\u00eb nj\u00eb koleksion prej porcelani dhe mobiljesh me risit\u00eb m\u00eb t\u00eb fundit n\u00eb dizajnimin e hap\u00ebsirave t\u00eb banj\u00ebs.&quot;}\" data-sheets-userformat=\"{&quot;2&quot;:513,&quot;3&quot;:{&quot;1&quot;:0},&quot;12&quot;:0}\">Koleksioni Carmen: Dizajn elegant dhe cil\u00ebsi e garantuar. Grupi i lavamanit ROCA ofron funksionim t\u00eb q\u00ebndruesh\u00ebm dhe stil modern. I prodhuar me standardet e larta t\u00eb mark\u00ebs ROCA, garanton kursim uji, q\u00ebndrueshm\u00ebri dhe pamje elegante.<\/span><\/p>\n<p>Kodi i produktit ne ROCA : <span data-sheets-value=\"{&quot;1&quot;:2,&quot;2&quot;:&quot;A5A3A4BC00&quot;}\" data-sheets-userformat=\"{&quot;2&quot;:12929,&quot;3&quot;:{&quot;1&quot;:0},&quot;10&quot;:2,&quot;12&quot;:0,&quot;15&quot;:&quot;Calibri&quot;,&quot;16&quot;:12}\">A5A3A4BC00<\/span><\/p>\n","protected":false},"excerpt":{"rendered":"<p>Koleksioni Carmen: Dizajn elegant dhe cil\u00ebsi e garantuar. Grupi i lavamanit ROCA ofron funksionim t\u00eb q\u00ebndruesh\u00ebm dhe stil modern. I<\/p>\n","protected":false},"featured_media":5359,"template":"","meta":[],"product_cat":[340,474,478],"product_tag":[],"class_list":["post-5357","product","type-product","status-publish","has-post-thumbnail","hentry","product_cat-hidrosanitare","product_cat-rubineta","product_cat-rubineta-per-dushe"],"_links":{"self":[{"href":"https:\/\/hidrosistem.al\/new\/wp-json\/wp\/v2\/product\/5357","targetHints":{"allow":["GET"]}}],"collection":[{"href":"https:\/\/hidrosistem.al\/new\/wp-json\/wp\/v2\/product"}],"about":[{"href":"https:\/\/hidrosistem.al\/new\/wp-json\/wp\/v2\/types\/product"}],"version-history":[{"count":3,"href":"https:\/\/hidrosistem.al\/new\/wp-json\/wp\/v2\/product\/5357\/revisions"}],"predecessor-version":[{"id":13406,"href":"https:\/\/hidrosistem.al\/new\/wp-json\/wp\/v2\/product\/5357\/revisions\/13406"}],"wp:featuredmedia":[{"embeddable":true,"href":"https:\/\/hidrosistem.al\/new\/wp-json\/wp\/v2\/media\/5359"}],"wp:attachment":[{"href":"https:\/\/hidrosistem.al\/new\/wp-json\/wp\/v2\/media?parent=5357"}],"wp:term":[{"taxonomy":"product_cat","embeddable":true,"href":"https:\/\/hidrosistem.al\/new\/wp-json\/wp\/v2\/product_cat?post=5357"},{"taxonomy":"product_tag","embeddable":true,"href":"https:\/\/hidrosistem.al\/new\/wp-json\/wp\/v2\/product_tag?post=5357"}],"curies":[{"name":"wp","href":"https:\/\/api.w.org\/{rel}","templated":true}]}}