{"id":5340,"date":"2023-09-29T17:46:12","date_gmt":"2023-09-29T17:46:12","guid":{"rendered":"https:\/\/hidrosistem.al\/new\/?post_type=product&#038;p=5340"},"modified":"2025-12-02T10:56:57","modified_gmt":"2025-12-02T10:56:57","slug":"mobilje-banjo-carmen-800mm","status":"publish","type":"product","link":"https:\/\/hidrosistem.al\/new\/product\/mobilje-banjo-carmen-800mm\/","title":{"rendered":"Mobilje tualeti Roca Carmen 800mm"},"content":{"rendered":"<p><span data-sheets-value=\"{&quot;1&quot;:2,&quot;2&quot;:&quot;Koleksioni Carmen : Carmen \u00ebsht\u00eb nj\u00eb nga lavaman\u00ebt m\u00eb ikon\u00eb t\u00eb Roca-s nga vitet 1940, i cili kthehet me nj\u00eb karakter t\u00eb past\u00ebr vintage p\u00ebr t'u b\u00ebr\u00eb nj\u00eb koleksion prej porcelani dhe mobiljesh me risit\u00eb m\u00eb t\u00eb fundit n\u00eb dizajnimin e hap\u00ebsirave t\u00eb banj\u00ebs.&quot;}\" data-sheets-userformat=\"{&quot;2&quot;:513,&quot;3&quot;:{&quot;1&quot;:0},&quot;12&quot;:0}\">Koleksioni Carmen: Eleganc\u00eb klasike me prekje moderne. Koleksioni ROCA kombinon dizajnin klasik me teknologjin\u00eb moderne, duke sjell\u00eb mobilje banjoje elegante dhe funksionale. Me materiale cil\u00ebsore dhe p\u00ebrpunim t\u00eb kujdessh\u00ebm, ofron q\u00ebndrueshm\u00ebri, estetik\u00eb premium dhe organizim praktik p\u00ebr \u00e7do tualet.<\/span><\/p>\n<p>Kodi i produktit ne ROCA : <span data-sheets-value=\"{&quot;1&quot;:2,&quot;2&quot;:&quot;A851369415&quot;}\" data-sheets-userformat=\"{&quot;2&quot;:12929,&quot;3&quot;:{&quot;1&quot;:0},&quot;10&quot;:2,&quot;12&quot;:0,&quot;15&quot;:&quot;Calibri&quot;,&quot;16&quot;:12}\">A851369415<\/span><br \/>\nDimensionet : <span data-sheets-value=\"{&quot;1&quot;:2,&quot;2&quot;:&quot;800 x 500 x 875 mm&quot;}\">800 x 500 x 875 mm<\/span><\/p>\n","protected":false},"excerpt":{"rendered":"<p>Koleksioni Carmen: Eleganc\u00eb klasike me prekje moderne. Koleksioni ROCA kombinon dizajnin klasik me teknologjin\u00eb moderne, duke sjell\u00eb mobilje banjoje elegante<\/p>\n","protected":false},"featured_media":5343,"template":"","meta":[],"product_cat":[340,487],"product_tag":[],"class_list":["post-5340","product","type-product","status-publish","has-post-thumbnail","hentry","product_cat-hidrosanitare","product_cat-mobilje-per-tualet"],"_links":{"self":[{"href":"https:\/\/hidrosistem.al\/new\/wp-json\/wp\/v2\/product\/5340","targetHints":{"allow":["GET"]}}],"collection":[{"href":"https:\/\/hidrosistem.al\/new\/wp-json\/wp\/v2\/product"}],"about":[{"href":"https:\/\/hidrosistem.al\/new\/wp-json\/wp\/v2\/types\/product"}],"version-history":[{"count":2,"href":"https:\/\/hidrosistem.al\/new\/wp-json\/wp\/v2\/product\/5340\/revisions"}],"predecessor-version":[{"id":13481,"href":"https:\/\/hidrosistem.al\/new\/wp-json\/wp\/v2\/product\/5340\/revisions\/13481"}],"wp:featuredmedia":[{"embeddable":true,"href":"https:\/\/hidrosistem.al\/new\/wp-json\/wp\/v2\/media\/5343"}],"wp:attachment":[{"href":"https:\/\/hidrosistem.al\/new\/wp-json\/wp\/v2\/media?parent=5340"}],"wp:term":[{"taxonomy":"product_cat","embeddable":true,"href":"https:\/\/hidrosistem.al\/new\/wp-json\/wp\/v2\/product_cat?post=5340"},{"taxonomy":"product_tag","embeddable":true,"href":"https:\/\/hidrosistem.al\/new\/wp-json\/wp\/v2\/product_tag?post=5340"}],"curies":[{"name":"wp","href":"https:\/\/api.w.org\/{rel}","templated":true}]}}