{"id":5334,"date":"2023-09-29T17:42:16","date_gmt":"2023-09-29T17:42:16","guid":{"rendered":"https:\/\/hidrosistem.al\/new\/?post_type=product&#038;p=5334"},"modified":"2023-09-29T17:42:57","modified_gmt":"2023-09-29T17:42:57","slug":"grup-bideje-carmen","status":"publish","type":"product","link":"https:\/\/hidrosistem.al\/new\/product\/grup-bideje-carmen\/","title":{"rendered":"Grup bideje Carmen"},"content":{"rendered":"<p><span data-sheets-value=\"{&quot;1&quot;:2,&quot;2&quot;:&quot;Koleksioni Carmen : Carmen \u00ebsht\u00eb nj\u00eb nga lavaman\u00ebt m\u00eb ikon\u00eb t\u00eb Roca-s nga vitet 1940, i cili kthehet me nj\u00eb karakter t\u00eb past\u00ebr vintage p\u00ebr t'u b\u00ebr\u00eb nj\u00eb koleksion prej porcelani dhe mobiljesh me risit\u00eb m\u00eb t\u00eb fundit n\u00eb dizajnimin e hap\u00ebsirave t\u00eb banj\u00ebs.&quot;}\" data-sheets-userformat=\"{&quot;2&quot;:513,&quot;3&quot;:{&quot;1&quot;:0},&quot;12&quot;:0}\">Koleksioni Carmen : Carmen \u00ebsht\u00eb nj\u00eb nga lavaman\u00ebt m\u00eb ikon\u00eb t\u00eb Roca-s nga vitet 1940, i cili kthehet me nj\u00eb karakter t\u00eb past\u00ebr vintage p\u00ebr t&#8217;u b\u00ebr\u00eb nj\u00eb koleksion prej porcelani dhe mobiljesh me risit\u00eb m\u00eb t\u00eb fundit n\u00eb dizajnimin e hap\u00ebsirave t\u00eb banj\u00ebs.<\/span><\/p>\n<p>Kodi i produktit ne ROCA: <span data-sheets-value=\"{&quot;1&quot;:2,&quot;2&quot;:&quot;A5A6A4BC00&quot;}\" data-sheets-userformat=\"{&quot;2&quot;:12929,&quot;3&quot;:{&quot;1&quot;:0},&quot;10&quot;:2,&quot;12&quot;:0,&quot;15&quot;:&quot;Calibri&quot;,&quot;16&quot;:12}\">A5A6A4BC00<\/span><\/p>\n","protected":false},"excerpt":{"rendered":"<p>Koleksioni Carmen : Carmen \u00ebsht\u00eb nj\u00eb nga lavaman\u00ebt m\u00eb ikon\u00eb t\u00eb Roca-s nga vitet 1940, i cili kthehet me nj\u00eb<\/p>\n","protected":false},"featured_media":5335,"template":"","meta":[],"product_cat":[340],"product_tag":[],"class_list":["post-5334","product","type-product","status-publish","has-post-thumbnail","hentry","product_cat-hidrosanitare"],"_links":{"self":[{"href":"https:\/\/hidrosistem.al\/new\/wp-json\/wp\/v2\/product\/5334","targetHints":{"allow":["GET"]}}],"collection":[{"href":"https:\/\/hidrosistem.al\/new\/wp-json\/wp\/v2\/product"}],"about":[{"href":"https:\/\/hidrosistem.al\/new\/wp-json\/wp\/v2\/types\/product"}],"version-history":[{"count":2,"href":"https:\/\/hidrosistem.al\/new\/wp-json\/wp\/v2\/product\/5334\/revisions"}],"predecessor-version":[{"id":5341,"href":"https:\/\/hidrosistem.al\/new\/wp-json\/wp\/v2\/product\/5334\/revisions\/5341"}],"wp:featuredmedia":[{"embeddable":true,"href":"https:\/\/hidrosistem.al\/new\/wp-json\/wp\/v2\/media\/5335"}],"wp:attachment":[{"href":"https:\/\/hidrosistem.al\/new\/wp-json\/wp\/v2\/media?parent=5334"}],"wp:term":[{"taxonomy":"product_cat","embeddable":true,"href":"https:\/\/hidrosistem.al\/new\/wp-json\/wp\/v2\/product_cat?post=5334"},{"taxonomy":"product_tag","embeddable":true,"href":"https:\/\/hidrosistem.al\/new\/wp-json\/wp\/v2\/product_tag?post=5334"}],"curies":[{"name":"wp","href":"https:\/\/api.w.org\/{rel}","templated":true}]}}