{"id":5324,"date":"2023-09-29T17:40:13","date_gmt":"2023-09-29T17:40:13","guid":{"rendered":"https:\/\/hidrosistem.al\/new\/?post_type=product&#038;p=5324"},"modified":"2025-12-02T10:15:51","modified_gmt":"2025-12-02T10:15:51","slug":"kapak-bideje-carmen-soft-closing","status":"publish","type":"product","link":"https:\/\/hidrosistem.al\/new\/product\/kapak-bideje-carmen-soft-closing\/","title":{"rendered":"Kapak bideje Roca Carmen soft closing"},"content":{"rendered":"<p><span data-sheets-value=\"{&quot;1&quot;:2,&quot;2&quot;:&quot;Koleksioni Carmen : Carmen \u00ebsht\u00eb nj\u00eb nga lavaman\u00ebt m\u00eb ikon\u00eb t\u00eb Roca-s nga vitet 1940, i cili kthehet me nj\u00eb karakter t\u00eb past\u00ebr vintage p\u00ebr t'u b\u00ebr\u00eb nj\u00eb koleksion prej porcelani dhe mobiljesh me risit\u00eb m\u00eb t\u00eb fundit n\u00eb dizajnimin e hap\u00ebsirave t\u00eb banj\u00ebs.&quot;}\" data-sheets-userformat=\"{&quot;2&quot;:513,&quot;3&quot;:{&quot;1&quot;:0},&quot;12&quot;:0}\">Koleksioni Carmen: Komoditet dhe higjien\u00eb. Kapaku i bides\u00eb siguron p\u00ebrdorim t\u00eb rehatsh\u00ebm dhe pamje t\u00eb rregullt. I prodhuar nga materiale rezistente dhe i leht\u00eb p\u00ebr t\u2019u pastruar, garanton q\u00ebndrueshm\u00ebri dhe higjien\u00eb n\u00eb p\u00ebrdorim t\u00eb p\u00ebrditsh\u00ebm.<br \/>\n<\/span><br \/>\nKodi i produktit ne ROCA : <span data-sheets-value=\"{&quot;1&quot;:2,&quot;2&quot;:&quot;A806B5000B&quot;}\" data-sheets-userformat=\"{&quot;2&quot;:14915,&quot;3&quot;:{&quot;1&quot;:0},&quot;4&quot;:{&quot;1&quot;:2,&quot;2&quot;:16777215},&quot;9&quot;:0,&quot;12&quot;:0,&quot;14&quot;:{&quot;1&quot;:2,&quot;2&quot;:0},&quot;15&quot;:&quot;docs-Calibri&quot;,&quot;16&quot;:13}\">A806B5000B<\/span><br \/>\nDimensionet : <span id=\"dim-txt\">370 x 472 x 28 mm<\/span><\/p>\n","protected":false},"excerpt":{"rendered":"<p>Koleksioni Carmen: Komoditet dhe higjien\u00eb. Kapaku i bides\u00eb siguron p\u00ebrdorim t\u00eb rehatsh\u00ebm dhe pamje t\u00eb rregullt. I prodhuar nga materiale<\/p>\n","protected":false},"featured_media":5325,"template":"","meta":[],"product_cat":[340,466,473],"product_tag":[],"class_list":["post-5324","product","type-product","status-publish","has-post-thumbnail","hentry","product_cat-hidrosanitare","product_cat-sanitare","product_cat-aksesore-te-tjere-sanitare"],"_links":{"self":[{"href":"https:\/\/hidrosistem.al\/new\/wp-json\/wp\/v2\/product\/5324","targetHints":{"allow":["GET"]}}],"collection":[{"href":"https:\/\/hidrosistem.al\/new\/wp-json\/wp\/v2\/product"}],"about":[{"href":"https:\/\/hidrosistem.al\/new\/wp-json\/wp\/v2\/types\/product"}],"version-history":[{"count":3,"href":"https:\/\/hidrosistem.al\/new\/wp-json\/wp\/v2\/product\/5324\/revisions"}],"predecessor-version":[{"id":13440,"href":"https:\/\/hidrosistem.al\/new\/wp-json\/wp\/v2\/product\/5324\/revisions\/13440"}],"wp:featuredmedia":[{"embeddable":true,"href":"https:\/\/hidrosistem.al\/new\/wp-json\/wp\/v2\/media\/5325"}],"wp:attachment":[{"href":"https:\/\/hidrosistem.al\/new\/wp-json\/wp\/v2\/media?parent=5324"}],"wp:term":[{"taxonomy":"product_cat","embeddable":true,"href":"https:\/\/hidrosistem.al\/new\/wp-json\/wp\/v2\/product_cat?post=5324"},{"taxonomy":"product_tag","embeddable":true,"href":"https:\/\/hidrosistem.al\/new\/wp-json\/wp\/v2\/product_tag?post=5324"}],"curies":[{"name":"wp","href":"https:\/\/api.w.org\/{rel}","templated":true}]}}