{"id":5316,"date":"2023-09-29T17:36:43","date_gmt":"2023-09-29T17:36:43","guid":{"rendered":"https:\/\/hidrosistem.al\/new\/?post_type=product&#038;p=5316"},"modified":"2025-12-01T09:59:41","modified_gmt":"2025-12-01T09:59:41","slug":"bide-carmen-fs-560","status":"publish","type":"product","link":"https:\/\/hidrosistem.al\/new\/product\/bide-carmen-fs-560\/","title":{"rendered":"Bide Roca Carmen FS 560"},"content":{"rendered":"<p><span data-sheets-value=\"{&quot;1&quot;:2,&quot;2&quot;:&quot;Koleksioni Carmen : Carmen \u00ebsht\u00eb nj\u00eb nga lavaman\u00ebt m\u00eb ikon\u00eb t\u00eb Roca-s nga vitet 1940, i cili kthehet me nj\u00eb karakter t\u00eb past\u00ebr vintage p\u00ebr t'u b\u00ebr\u00eb nj\u00eb koleksion prej porcelani dhe mobiljesh me risit\u00eb m\u00eb t\u00eb fundit n\u00eb dizajnimin e hap\u00ebsirave t\u00eb banj\u00ebs.&quot;}\" data-sheets-userformat=\"{&quot;2&quot;:513,&quot;3&quot;:{&quot;1&quot;:0},&quot;12&quot;:0}\">Koleksioni Carmen: Model dyshemeje, i prodhuar prej porcelani t\u00eb bardh\u00eb me dizajn klasik dhe linja t\u00eb buta. Ka dalje horizontale, duke e b\u00ebr\u00eb t\u00eb p\u00ebrshtatsh\u00ebm p\u00ebr shumic\u00ebn e instalimeve standarde. P\u00ebrmasat ofrojn\u00eb komoditet dhe funksionalitet t\u00eb p\u00ebrditsh\u00ebm, nd\u00ebrsa cil\u00ebsia e materialit siguron rezistenc\u00eb dhe jet\u00ebgjat\u00ebsi.<br \/>\n<\/span><br \/>\nKodi i produktit ne ROCA : <span data-sheets-value=\"{&quot;1&quot;:2,&quot;2&quot;:&quot;A3570A4000&quot;}\" data-sheets-userformat=\"{&quot;2&quot;:12929,&quot;3&quot;:{&quot;1&quot;:0},&quot;10&quot;:2,&quot;12&quot;:0,&quot;15&quot;:&quot;Calibri&quot;,&quot;16&quot;:12}\">A3570A4000<\/span><br \/>\nDimensionet : <span data-sheets-value=\"{&quot;1&quot;:2,&quot;2&quot;:&quot;370 x 560 x 400 mm&quot;}\">370 x 560 x 400 mm<\/span><\/p>\n","protected":false},"excerpt":{"rendered":"<p>Koleksioni Carmen: Model dyshemeje, i prodhuar prej porcelani t\u00eb bardh\u00eb me dizajn klasik dhe linja t\u00eb buta. Ka dalje horizontale,<\/p>\n","protected":false},"featured_media":5319,"template":"","meta":[],"product_cat":[340,466,468],"product_tag":[],"class_list":["post-5316","product","type-product","status-publish","has-post-thumbnail","hentry","product_cat-hidrosanitare","product_cat-sanitare","product_cat-bide"],"_links":{"self":[{"href":"https:\/\/hidrosistem.al\/new\/wp-json\/wp\/v2\/product\/5316","targetHints":{"allow":["GET"]}}],"collection":[{"href":"https:\/\/hidrosistem.al\/new\/wp-json\/wp\/v2\/product"}],"about":[{"href":"https:\/\/hidrosistem.al\/new\/wp-json\/wp\/v2\/types\/product"}],"version-history":[{"count":3,"href":"https:\/\/hidrosistem.al\/new\/wp-json\/wp\/v2\/product\/5316\/revisions"}],"predecessor-version":[{"id":13035,"href":"https:\/\/hidrosistem.al\/new\/wp-json\/wp\/v2\/product\/5316\/revisions\/13035"}],"wp:featuredmedia":[{"embeddable":true,"href":"https:\/\/hidrosistem.al\/new\/wp-json\/wp\/v2\/media\/5319"}],"wp:attachment":[{"href":"https:\/\/hidrosistem.al\/new\/wp-json\/wp\/v2\/media?parent=5316"}],"wp:term":[{"taxonomy":"product_cat","embeddable":true,"href":"https:\/\/hidrosistem.al\/new\/wp-json\/wp\/v2\/product_cat?post=5316"},{"taxonomy":"product_tag","embeddable":true,"href":"https:\/\/hidrosistem.al\/new\/wp-json\/wp\/v2\/product_tag?post=5316"}],"curies":[{"name":"wp","href":"https:\/\/api.w.org\/{rel}","templated":true}]}}