{"id":5258,"date":"2023-09-29T17:17:56","date_gmt":"2023-09-29T17:17:56","guid":{"rendered":"https:\/\/hidrosistem.al\/new\/?post_type=product&#038;p=5258"},"modified":"2025-12-02T10:15:17","modified_gmt":"2025-12-02T10:15:17","slug":"kapak-bideje-beyond","status":"publish","type":"product","link":"https:\/\/hidrosistem.al\/new\/product\/kapak-bideje-beyond\/","title":{"rendered":"Kapak bideje Roca Beyond"},"content":{"rendered":"<p><span data-sheets-value=\"{&quot;1&quot;:2,&quot;2&quot;:&quot;Koleksioni Beyond : Nd\u00ebrveprimi i v\u00ebllimeve p\u00ebrcakton nj\u00eb nga koleksionet m\u00eb ekskluzive t\u00eb Kin\u00ebs prej qelqi t\u00eb Roca-s, p\u00ebr ata q\u00eb d\u00ebshirojn\u00eb t\u00eb b\u00ebjn\u00eb nj\u00eb hap m\u00eb tej n\u00eb k\u00ebrkimin e inovacionit dhe dizajnit.&quot;}\" data-sheets-userformat=\"{&quot;2&quot;:513,&quot;3&quot;:{&quot;1&quot;:0},&quot;12&quot;:0}\">Koleksioni Beyond: Komoditet dhe higjien\u00eb. Kapaku i bides\u00eb siguron p\u00ebrdorim t\u00eb rehatsh\u00ebm dhe pamje t\u00eb rregullt. I prodhuar nga materiale rezistente dhe i leht\u00eb p\u00ebr t\u2019u pastruar, garanton q\u00ebndrueshm\u00ebri dhe higjien\u00eb n\u00eb p\u00ebrdorim t\u00eb p\u00ebrditsh\u00ebm.<br \/>\n<\/span><br \/>\nKodi i produktit ne ROCA : <span data-sheets-value=\"{&quot;1&quot;:2,&quot;2&quot;:&quot;A806B8200B&quot;}\" data-sheets-userformat=\"{&quot;2&quot;:12929,&quot;3&quot;:{&quot;1&quot;:0},&quot;10&quot;:2,&quot;12&quot;:0,&quot;15&quot;:&quot;Calibri&quot;,&quot;16&quot;:12}\">A806B8200B<\/span><\/p>\n","protected":false},"excerpt":{"rendered":"<p>Koleksioni Beyond: Komoditet dhe higjien\u00eb. Kapaku i bides\u00eb siguron p\u00ebrdorim t\u00eb rehatsh\u00ebm dhe pamje t\u00eb rregullt. I prodhuar nga materiale<\/p>\n","protected":false},"featured_media":5259,"template":"","meta":[],"product_cat":[340,466,473],"product_tag":[],"class_list":["post-5258","product","type-product","status-publish","has-post-thumbnail","hentry","product_cat-hidrosanitare","product_cat-sanitare","product_cat-aksesore-te-tjere-sanitare"],"_links":{"self":[{"href":"https:\/\/hidrosistem.al\/new\/wp-json\/wp\/v2\/product\/5258","targetHints":{"allow":["GET"]}}],"collection":[{"href":"https:\/\/hidrosistem.al\/new\/wp-json\/wp\/v2\/product"}],"about":[{"href":"https:\/\/hidrosistem.al\/new\/wp-json\/wp\/v2\/types\/product"}],"version-history":[{"count":3,"href":"https:\/\/hidrosistem.al\/new\/wp-json\/wp\/v2\/product\/5258\/revisions"}],"predecessor-version":[{"id":13438,"href":"https:\/\/hidrosistem.al\/new\/wp-json\/wp\/v2\/product\/5258\/revisions\/13438"}],"wp:featuredmedia":[{"embeddable":true,"href":"https:\/\/hidrosistem.al\/new\/wp-json\/wp\/v2\/media\/5259"}],"wp:attachment":[{"href":"https:\/\/hidrosistem.al\/new\/wp-json\/wp\/v2\/media?parent=5258"}],"wp:term":[{"taxonomy":"product_cat","embeddable":true,"href":"https:\/\/hidrosistem.al\/new\/wp-json\/wp\/v2\/product_cat?post=5258"},{"taxonomy":"product_tag","embeddable":true,"href":"https:\/\/hidrosistem.al\/new\/wp-json\/wp\/v2\/product_tag?post=5258"}],"curies":[{"name":"wp","href":"https:\/\/api.w.org\/{rel}","templated":true}]}}