{"id":5241,"date":"2023-09-29T17:09:03","date_gmt":"2023-09-29T17:09:03","guid":{"rendered":"https:\/\/hidrosistem.al\/new\/?post_type=product&#038;p=5241"},"modified":"2025-12-01T10:00:30","modified_gmt":"2025-12-01T10:00:30","slug":"bide-beyond-580","status":"publish","type":"product","link":"https:\/\/hidrosistem.al\/new\/product\/bide-beyond-580\/","title":{"rendered":"Bide Roca Beyond 580"},"content":{"rendered":"<p><span data-sheets-value=\"{&quot;1&quot;:2,&quot;2&quot;:&quot;Koleksioni Beyond : Nd\u00ebrveprimi i v\u00ebllimeve p\u00ebrcakton nj\u00eb nga koleksionet m\u00eb ekskluzive t\u00eb Kin\u00ebs prej qelqi t\u00eb Roca-s, p\u00ebr ata q\u00eb d\u00ebshirojn\u00eb t\u00eb b\u00ebjn\u00eb nj\u00eb hap m\u00eb tej n\u00eb k\u00ebrkimin e inovacionit dhe dizajnit.&quot;}\" data-sheets-userformat=\"{&quot;2&quot;:513,&quot;3&quot;:{&quot;1&quot;:0},&quot;12&quot;:0}\">Koleksioni Beyond: Bide murore me form\u00eb t\u00eb rrumbullak\u00ebt dhe n\u00eb ngjyr\u00eb t\u00eb bardh\u00eb. P\u00ebrshtatet t\u00ebr\u00ebsisht me strukturat e montimit muror. Zgjidhje ideale p\u00ebr ambiente tualeti q\u00eb k\u00ebrkojn\u00eb linja t\u00eb pastra, instalim muror t\u00eb kompakt, dhe pamje estetike t\u00eb qet\u00eb.<\/span><\/p>\n<p>Kodi i produktit ne ROCA : <span data-sheets-value=\"{&quot;1&quot;:2,&quot;2&quot;:&quot;A3570B6000&quot;}\" data-sheets-userformat=\"{&quot;2&quot;:12929,&quot;3&quot;:{&quot;1&quot;:0},&quot;10&quot;:2,&quot;12&quot;:0,&quot;15&quot;:&quot;Calibri&quot;,&quot;16&quot;:12}\">A3570B6000<\/span><\/p>\n","protected":false},"excerpt":{"rendered":"<p>Koleksioni Beyond: Bide murore me form\u00eb t\u00eb rrumbullak\u00ebt dhe n\u00eb ngjyr\u00eb t\u00eb bardh\u00eb. P\u00ebrshtatet t\u00ebr\u00ebsisht me strukturat e montimit muror.<\/p>\n","protected":false},"featured_media":5242,"template":"","meta":[],"product_cat":[340,466,468],"product_tag":[],"class_list":["post-5241","product","type-product","status-publish","has-post-thumbnail","hentry","product_cat-hidrosanitare","product_cat-sanitare","product_cat-bide"],"_links":{"self":[{"href":"https:\/\/hidrosistem.al\/new\/wp-json\/wp\/v2\/product\/5241","targetHints":{"allow":["GET"]}}],"collection":[{"href":"https:\/\/hidrosistem.al\/new\/wp-json\/wp\/v2\/product"}],"about":[{"href":"https:\/\/hidrosistem.al\/new\/wp-json\/wp\/v2\/types\/product"}],"version-history":[{"count":3,"href":"https:\/\/hidrosistem.al\/new\/wp-json\/wp\/v2\/product\/5241\/revisions"}],"predecessor-version":[{"id":13036,"href":"https:\/\/hidrosistem.al\/new\/wp-json\/wp\/v2\/product\/5241\/revisions\/13036"}],"wp:featuredmedia":[{"embeddable":true,"href":"https:\/\/hidrosistem.al\/new\/wp-json\/wp\/v2\/media\/5242"}],"wp:attachment":[{"href":"https:\/\/hidrosistem.al\/new\/wp-json\/wp\/v2\/media?parent=5241"}],"wp:term":[{"taxonomy":"product_cat","embeddable":true,"href":"https:\/\/hidrosistem.al\/new\/wp-json\/wp\/v2\/product_cat?post=5241"},{"taxonomy":"product_tag","embeddable":true,"href":"https:\/\/hidrosistem.al\/new\/wp-json\/wp\/v2\/product_tag?post=5241"}],"curies":[{"name":"wp","href":"https:\/\/api.w.org\/{rel}","templated":true}]}}