{"id":5194,"date":"2023-09-29T16:47:19","date_gmt":"2023-09-29T16:47:19","guid":{"rendered":"https:\/\/hidrosistem.al\/new\/?post_type=product&#038;p=5194"},"modified":"2025-12-02T09:37:42","modified_gmt":"2025-12-02T09:37:42","slug":"grup-lavamani-atlas-3","status":"publish","type":"product","link":"https:\/\/hidrosistem.al\/new\/product\/grup-lavamani-atlas-3\/","title":{"rendered":"Grup lavamani Roca Atlas"},"content":{"rendered":"<p><span data-sheets-value=\"{&quot;1&quot;:2,&quot;2&quot;:&quot;Koleksioni Atlas : Atlas, gam\u00eb verbuese q\u00eb \u00ebsht\u00eb e p\u00ebrfunduar n\u00eb m\u00ebnyr\u00eb perfekte p\u00ebr hap\u00ebsirat q\u00eb joshin me dizajnin, cil\u00ebsin\u00eb dhe bukurin\u00eb e tyre. Kjo seri ofron nj\u00eb pasqyrim t\u00eb shijes p\u00ebr nj\u00eb estetik\u00eb bashk\u00ebkohore q\u00eb bashkon komoditetin, funksionalitetin dhe origjinalitetin.&quot;}\" data-sheets-userformat=\"{&quot;2&quot;:513,&quot;3&quot;:{&quot;1&quot;:0},&quot;12&quot;:0}\">Koleksioni Atlas: Dizajn elegant dhe cil\u00ebsi e garantuar. Grupi i lavamanit ROCA ofron funksionim t\u00eb q\u00ebndruesh\u00ebm dhe stil modern. I prodhuar me standardet e larta t\u00eb mark\u00ebs ROCA, garanton kursim uji, q\u00ebndrueshm\u00ebri dhe pamje elegante.<\/span><\/p>\n<p>Kodi i produktit ne ROCA : <span data-sheets-value=\"{&quot;1&quot;:2,&quot;2&quot;:&quot;A5A3090C00&quot;}\" data-sheets-userformat=\"{&quot;2&quot;:12929,&quot;3&quot;:{&quot;1&quot;:0},&quot;10&quot;:2,&quot;12&quot;:0,&quot;15&quot;:&quot;Calibri&quot;,&quot;16&quot;:12}\">A5A3090C00<\/span><\/p>\n","protected":false},"excerpt":{"rendered":"<p>Koleksioni Atlas: Dizajn elegant dhe cil\u00ebsi e garantuar. Grupi i lavamanit ROCA ofron funksionim t\u00eb q\u00ebndruesh\u00ebm dhe stil modern. I<\/p>\n","protected":false},"featured_media":5195,"template":"","meta":[],"product_cat":[340,474,475],"product_tag":[],"class_list":["post-5194","product","type-product","status-publish","has-post-thumbnail","hentry","product_cat-hidrosanitare","product_cat-rubineta","product_cat-rubineta-per-lavaman"],"_links":{"self":[{"href":"https:\/\/hidrosistem.al\/new\/wp-json\/wp\/v2\/product\/5194","targetHints":{"allow":["GET"]}}],"collection":[{"href":"https:\/\/hidrosistem.al\/new\/wp-json\/wp\/v2\/product"}],"about":[{"href":"https:\/\/hidrosistem.al\/new\/wp-json\/wp\/v2\/types\/product"}],"version-history":[{"count":3,"href":"https:\/\/hidrosistem.al\/new\/wp-json\/wp\/v2\/product\/5194\/revisions"}],"predecessor-version":[{"id":13383,"href":"https:\/\/hidrosistem.al\/new\/wp-json\/wp\/v2\/product\/5194\/revisions\/13383"}],"wp:featuredmedia":[{"embeddable":true,"href":"https:\/\/hidrosistem.al\/new\/wp-json\/wp\/v2\/media\/5195"}],"wp:attachment":[{"href":"https:\/\/hidrosistem.al\/new\/wp-json\/wp\/v2\/media?parent=5194"}],"wp:term":[{"taxonomy":"product_cat","embeddable":true,"href":"https:\/\/hidrosistem.al\/new\/wp-json\/wp\/v2\/product_cat?post=5194"},{"taxonomy":"product_tag","embeddable":true,"href":"https:\/\/hidrosistem.al\/new\/wp-json\/wp\/v2\/product_tag?post=5194"}],"curies":[{"name":"wp","href":"https:\/\/api.w.org\/{rel}","templated":true}]}}