{"id":5190,"date":"2023-09-29T16:48:49","date_gmt":"2023-09-29T16:48:49","guid":{"rendered":"https:\/\/hidrosistem.al\/new\/?post_type=product&#038;p=5190"},"modified":"2025-12-01T09:08:41","modified_gmt":"2025-12-01T09:08:41","slug":"aksesore-banjo-mbajtese-kendore-210x210x80mm","status":"publish","type":"product","link":"https:\/\/hidrosistem.al\/new\/product\/aksesore-banjo-mbajtese-kendore-210x210x80mm\/","title":{"rendered":"Aksesor Tualeti &#8211; Mbajt\u00ebse k\u00ebndore Roca 210x210x80 mm"},"content":{"rendered":"<p><span data-sheets-value=\"{&quot;1&quot;:2,&quot;2&quot;:&quot;Koleksioni Victoria : Nj\u00eb p\u00ebrgjigje tradicionale ndaj atmosferave klasike. Kurba elegante dhe funksionale n\u00eb nj\u00eb koleksion t\u00eb gjer\u00eb pjes\u00ebsh q\u00eb kombinojn\u00eb thjesht\u00ebsin\u00eb dhe shkatht\u00ebsin\u00eb.&quot;}\" data-sheets-userformat=\"{&quot;2&quot;:513,&quot;3&quot;:{&quot;1&quot;:0},&quot;12&quot;:0}\">Koleksioni Victoria: Mbajt\u00ebsja k\u00ebndore shfryt\u00ebzon maksimalisht hap\u00ebsirat e qosheve, duke ofruar vend t\u00eb p\u00ebrshtatsh\u00ebm p\u00ebr aksesor\u00eb tualeti. Me dizajn funksional dhe materiale rezistente ndaj lag\u00ebshtir\u00ebs, garanton p\u00ebrdorim afatgjat\u00eb dhe pamje t\u00eb rregullt.<\/span><\/p>\n<p>Kodi i produktit ne ROCA :<span data-sheets-value=\"{&quot;1&quot;:2,&quot;2&quot;:&quot;A816685001&quot;}\" data-sheets-userformat=\"{&quot;2&quot;:12929,&quot;3&quot;:{&quot;1&quot;:0},&quot;10&quot;:2,&quot;12&quot;:0,&quot;15&quot;:&quot;Calibri&quot;,&quot;16&quot;:12}\">A816685001<\/span><br \/>\nDimensionet e produktit :<span id=\"dim-txt\">210 x 210 x 80 mm<\/span><\/p>\n","protected":false},"excerpt":{"rendered":"<p>Koleksioni Victoria: Mbajt\u00ebsja k\u00ebndore shfryt\u00ebzon maksimalisht hap\u00ebsirat e qosheve, duke ofruar vend t\u00eb p\u00ebrshtatsh\u00ebm p\u00ebr aksesor\u00eb tualeti. Me dizajn funksional<\/p>\n","protected":false},"featured_media":5199,"template":"","meta":[],"product_cat":[340,491],"product_tag":[],"class_list":["post-5190","product","type-product","status-publish","has-post-thumbnail","hentry","product_cat-hidrosanitare","product_cat-aksesore-te-tjere-hidrosanitare"],"_links":{"self":[{"href":"https:\/\/hidrosistem.al\/new\/wp-json\/wp\/v2\/product\/5190","targetHints":{"allow":["GET"]}}],"collection":[{"href":"https:\/\/hidrosistem.al\/new\/wp-json\/wp\/v2\/product"}],"about":[{"href":"https:\/\/hidrosistem.al\/new\/wp-json\/wp\/v2\/types\/product"}],"version-history":[{"count":4,"href":"https:\/\/hidrosistem.al\/new\/wp-json\/wp\/v2\/product\/5190\/revisions"}],"predecessor-version":[{"id":12966,"href":"https:\/\/hidrosistem.al\/new\/wp-json\/wp\/v2\/product\/5190\/revisions\/12966"}],"wp:featuredmedia":[{"embeddable":true,"href":"https:\/\/hidrosistem.al\/new\/wp-json\/wp\/v2\/media\/5199"}],"wp:attachment":[{"href":"https:\/\/hidrosistem.al\/new\/wp-json\/wp\/v2\/media?parent=5190"}],"wp:term":[{"taxonomy":"product_cat","embeddable":true,"href":"https:\/\/hidrosistem.al\/new\/wp-json\/wp\/v2\/product_cat?post=5190"},{"taxonomy":"product_tag","embeddable":true,"href":"https:\/\/hidrosistem.al\/new\/wp-json\/wp\/v2\/product_tag?post=5190"}],"curies":[{"name":"wp","href":"https:\/\/api.w.org\/{rel}","templated":true}]}}