{"id":5173,"date":"2023-09-29T16:40:41","date_gmt":"2023-09-29T16:40:41","guid":{"rendered":"https:\/\/hidrosistem.al\/new\/?post_type=product&#038;p=5173"},"modified":"2025-12-01T09:42:54","modified_gmt":"2025-12-01T09:42:54","slug":"aksesor-lavamani-i-jashtem-katrore-atlas-a525220613","status":"publish","type":"product","link":"https:\/\/hidrosistem.al\/new\/product\/aksesor-lavamani-i-jashtem-katrore-atlas-a525220613\/","title":{"rendered":"Aksesor i jasht\u00ebm lavamani Roca Atlas katrore"},"content":{"rendered":"<p><span data-sheets-value=\"{&quot;1&quot;:2,&quot;2&quot;:&quot;Koleksioni Atlas : Atlas, gam\u00eb verbuese q\u00eb \u00ebsht\u00eb e p\u00ebrfunduar n\u00eb m\u00ebnyr\u00eb perfekte p\u00ebr hap\u00ebsirat q\u00eb joshin me dizajnin, cil\u00ebsin\u00eb dhe bukurin\u00eb e tyre. Kjo seri ofron nj\u00eb pasqyrim t\u00eb shijes p\u00ebr nj\u00eb estetik\u00eb bashk\u00ebkohore q\u00eb bashkon komoditetin, funksionalitetin dhe origjinalitetin.&quot;}\" data-sheets-userformat=\"{&quot;2&quot;:513,&quot;3&quot;:{&quot;1&quot;:0},&quot;12&quot;:0}\">Koleksioni Atlas:\u00a0 Aksesori i jasht\u00ebm i lavamanit sjell eleganc\u00eb dhe funksionalitet n\u00eb banjon tuaj. Me montim t\u00eb fshehur, dorez\u00eb an\u00ebsore dhe konsum minimalist uji \u00ebsht\u00eb zgjedhje ideale p\u00ebr lavaman\u00eb modern\u00eb q\u00eb synojn\u00eb dizajn t\u00eb past\u00ebr dhe minimal. Instalimi b\u00ebhet me \u201cbuilt-in body\u201d. Nj\u00eb zgjedhje premium p\u00ebr p\u00ebrdorues q\u00eb vler\u00ebsojn\u00eb dizajnin dhe kursimin e energjis\u00eb.<\/span><\/p>\n<p>Kodi i produktit ne ROCA : <span data-sheets-value=\"{&quot;1&quot;:2,&quot;2&quot;:&quot;A5A3590C00&quot;}\" data-sheets-userformat=\"{&quot;2&quot;:12929,&quot;3&quot;:{&quot;1&quot;:0},&quot;10&quot;:2,&quot;12&quot;:0,&quot;15&quot;:&quot;Calibri&quot;,&quot;16&quot;:12}\">A5A3590C00<\/span><\/p>\n","protected":false},"excerpt":{"rendered":"<p>Koleksioni Atlas:\u00a0 Aksesori i jasht\u00ebm i lavamanit sjell eleganc\u00eb dhe funksionalitet n\u00eb banjon tuaj. Me montim t\u00eb fshehur, dorez\u00eb an\u00ebsore<\/p>\n","protected":false},"featured_media":5175,"template":"","meta":[],"product_cat":[340,474,475],"product_tag":[],"class_list":["post-5173","product","type-product","status-publish","has-post-thumbnail","hentry","product_cat-hidrosanitare","product_cat-rubineta","product_cat-rubineta-per-lavaman"],"_links":{"self":[{"href":"https:\/\/hidrosistem.al\/new\/wp-json\/wp\/v2\/product\/5173","targetHints":{"allow":["GET"]}}],"collection":[{"href":"https:\/\/hidrosistem.al\/new\/wp-json\/wp\/v2\/product"}],"about":[{"href":"https:\/\/hidrosistem.al\/new\/wp-json\/wp\/v2\/types\/product"}],"version-history":[{"count":4,"href":"https:\/\/hidrosistem.al\/new\/wp-json\/wp\/v2\/product\/5173\/revisions"}],"predecessor-version":[{"id":13013,"href":"https:\/\/hidrosistem.al\/new\/wp-json\/wp\/v2\/product\/5173\/revisions\/13013"}],"wp:featuredmedia":[{"embeddable":true,"href":"https:\/\/hidrosistem.al\/new\/wp-json\/wp\/v2\/media\/5175"}],"wp:attachment":[{"href":"https:\/\/hidrosistem.al\/new\/wp-json\/wp\/v2\/media?parent=5173"}],"wp:term":[{"taxonomy":"product_cat","embeddable":true,"href":"https:\/\/hidrosistem.al\/new\/wp-json\/wp\/v2\/product_cat?post=5173"},{"taxonomy":"product_tag","embeddable":true,"href":"https:\/\/hidrosistem.al\/new\/wp-json\/wp\/v2\/product_tag?post=5173"}],"curies":[{"name":"wp","href":"https:\/\/api.w.org\/{rel}","templated":true}]}}