{"id":5171,"date":"2023-09-29T16:41:04","date_gmt":"2023-09-29T16:41:04","guid":{"rendered":"https:\/\/hidrosistem.al\/new\/?post_type=product&#038;p=5171"},"modified":"2025-11-18T15:14:43","modified_gmt":"2025-11-18T15:14:43","slug":"victoria-aksesore-banjo-mbajtese-kendore-300x135x65-mm","status":"publish","type":"product","link":"https:\/\/hidrosistem.al\/new\/product\/victoria-aksesore-banjo-mbajtese-kendore-300x135x65-mm\/","title":{"rendered":"Mbajt\u00ebse p\u00ebr tualet Roca Victoria"},"content":{"rendered":"<p><span data-sheets-value=\"{&quot;1&quot;:2,&quot;2&quot;:&quot;Koleksioni Victoria : Nj\u00eb p\u00ebrgjigje tradicionale ndaj atmosferave klasike. Kurba elegante dhe funksionale n\u00eb nj\u00eb koleksion t\u00eb gjer\u00eb pjes\u00ebsh q\u00eb kombinojn\u00eb thjesht\u00ebsin\u00eb dhe shkatht\u00ebsin\u00eb.&quot;}\" data-sheets-userformat=\"{&quot;2&quot;:513,&quot;3&quot;:{&quot;1&quot;:0},&quot;12&quot;:0}\">Koleksioni Victoria : Aksesor\u00ebt e tualetit plot\u00ebsojn\u00eb \u00e7do ambient sanitar duke ofruar prakticitet, organizim dhe estetik\u00eb.<\/span><\/p>\n<p>Kodi i produktit ne ROCA :<span data-sheets-value=\"{&quot;1&quot;:2,&quot;2&quot;:&quot;A816688001&quot;}\" data-sheets-userformat=\"{&quot;2&quot;:12929,&quot;3&quot;:{&quot;1&quot;:0},&quot;10&quot;:2,&quot;12&quot;:0,&quot;15&quot;:&quot;Calibri&quot;,&quot;16&quot;:12}\">A816688001<\/span><br \/>\nDimensionet e produktit :<span id=\"dim-txt\">300 x 135 x 65 mm<\/span><\/p>\n","protected":false},"excerpt":{"rendered":"<p>Koleksioni Victoria : Aksesor\u00ebt e tualetit plot\u00ebsojn\u00eb \u00e7do ambient sanitar duke ofruar prakticitet, organizim dhe estetik\u00eb. Kodi i produktit ne<\/p>\n","protected":false},"featured_media":5187,"template":"","meta":[],"product_cat":[340,466,473],"product_tag":[],"class_list":["post-5171","product","type-product","status-publish","has-post-thumbnail","hentry","product_cat-hidrosanitare","product_cat-sanitare","product_cat-aksesore-te-tjere-sanitare"],"_links":{"self":[{"href":"https:\/\/hidrosistem.al\/new\/wp-json\/wp\/v2\/product\/5171","targetHints":{"allow":["GET"]}}],"collection":[{"href":"https:\/\/hidrosistem.al\/new\/wp-json\/wp\/v2\/product"}],"about":[{"href":"https:\/\/hidrosistem.al\/new\/wp-json\/wp\/v2\/types\/product"}],"version-history":[{"count":3,"href":"https:\/\/hidrosistem.al\/new\/wp-json\/wp\/v2\/product\/5171\/revisions"}],"predecessor-version":[{"id":12810,"href":"https:\/\/hidrosistem.al\/new\/wp-json\/wp\/v2\/product\/5171\/revisions\/12810"}],"wp:featuredmedia":[{"embeddable":true,"href":"https:\/\/hidrosistem.al\/new\/wp-json\/wp\/v2\/media\/5187"}],"wp:attachment":[{"href":"https:\/\/hidrosistem.al\/new\/wp-json\/wp\/v2\/media?parent=5171"}],"wp:term":[{"taxonomy":"product_cat","embeddable":true,"href":"https:\/\/hidrosistem.al\/new\/wp-json\/wp\/v2\/product_cat?post=5171"},{"taxonomy":"product_tag","embeddable":true,"href":"https:\/\/hidrosistem.al\/new\/wp-json\/wp\/v2\/product_tag?post=5171"}],"curies":[{"name":"wp","href":"https:\/\/api.w.org\/{rel}","templated":true}]}}