{"id":5142,"date":"2023-09-29T16:30:53","date_gmt":"2023-09-29T16:30:53","guid":{"rendered":"https:\/\/hidrosistem.al\/new\/?post_type=product&#038;p=5142"},"modified":"2023-09-29T16:30:53","modified_gmt":"2023-09-29T16:30:53","slug":"grup-bideje-arola","status":"publish","type":"product","link":"https:\/\/hidrosistem.al\/new\/product\/grup-bideje-arola\/","title":{"rendered":"Grup bideje Arola"},"content":{"rendered":"<p><span data-sheets-value=\"{&quot;1&quot;:2,&quot;2&quot;:&quot;Koleksioni Arola : Mikser i aft\u00eb p\u00ebr t'u integruar n\u00eb \u00e7do banj\u00eb. Fal\u00eb veshjes EverShine, ju mund t\u00eb shijoni bukurin\u00eb e tyre p\u00ebr m\u00eb gjat\u00eb.&quot;}\" data-sheets-userformat=\"{&quot;2&quot;:513,&quot;3&quot;:{&quot;1&quot;:0},&quot;12&quot;:0}\">Koleksioni Arola : Mikser i aft\u00eb p\u00ebr t&#8217;u integruar n\u00eb \u00e7do banj\u00eb. Fal\u00eb veshjes EverShine, ju mund t\u00eb shijoni bukurin\u00eb e tyre p\u00ebr m\u00eb gjat\u00eb.<\/span><\/p>\n<p>Kodi i produktit ne ROCA : <span data-sheets-value=\"{&quot;1&quot;:2,&quot;2&quot;:&quot;A5A626AC0K&quot;}\" data-sheets-userformat=\"{&quot;2&quot;:12929,&quot;3&quot;:{&quot;1&quot;:0},&quot;10&quot;:2,&quot;12&quot;:0,&quot;15&quot;:&quot;Calibri&quot;,&quot;16&quot;:12}\">A5A626AC0K<\/span><\/p>\n","protected":false},"excerpt":{"rendered":"<p>Koleksioni Arola : Mikser i aft\u00eb p\u00ebr t&#8217;u integruar n\u00eb \u00e7do banj\u00eb. Fal\u00eb veshjes EverShine, ju mund t\u00eb shijoni bukurin\u00eb<\/p>\n","protected":false},"featured_media":5143,"template":"","meta":[],"product_cat":[340],"product_tag":[],"class_list":["post-5142","product","type-product","status-publish","has-post-thumbnail","hentry","product_cat-hidrosanitare"],"_links":{"self":[{"href":"https:\/\/hidrosistem.al\/new\/wp-json\/wp\/v2\/product\/5142","targetHints":{"allow":["GET"]}}],"collection":[{"href":"https:\/\/hidrosistem.al\/new\/wp-json\/wp\/v2\/product"}],"about":[{"href":"https:\/\/hidrosistem.al\/new\/wp-json\/wp\/v2\/types\/product"}],"version-history":[{"count":1,"href":"https:\/\/hidrosistem.al\/new\/wp-json\/wp\/v2\/product\/5142\/revisions"}],"predecessor-version":[{"id":5145,"href":"https:\/\/hidrosistem.al\/new\/wp-json\/wp\/v2\/product\/5142\/revisions\/5145"}],"wp:featuredmedia":[{"embeddable":true,"href":"https:\/\/hidrosistem.al\/new\/wp-json\/wp\/v2\/media\/5143"}],"wp:attachment":[{"href":"https:\/\/hidrosistem.al\/new\/wp-json\/wp\/v2\/media?parent=5142"}],"wp:term":[{"taxonomy":"product_cat","embeddable":true,"href":"https:\/\/hidrosistem.al\/new\/wp-json\/wp\/v2\/product_cat?post=5142"},{"taxonomy":"product_tag","embeddable":true,"href":"https:\/\/hidrosistem.al\/new\/wp-json\/wp\/v2\/product_tag?post=5142"}],"curies":[{"name":"wp","href":"https:\/\/api.w.org\/{rel}","templated":true}]}}