{"id":5139,"date":"2023-09-29T16:33:10","date_gmt":"2023-09-29T16:33:10","guid":{"rendered":"https:\/\/hidrosistem.al\/new\/?post_type=product&#038;p=5139"},"modified":"2025-12-01T09:10:13","modified_gmt":"2025-12-01T09:10:13","slug":"aksesore-banjo-mbajtese-letre-higjenike-181x65x50mm","status":"publish","type":"product","link":"https:\/\/hidrosistem.al\/new\/product\/aksesore-banjo-mbajtese-letre-higjenike-181x65x50mm\/","title":{"rendered":"Aksesor tualeti &#8211; Mbajt\u00ebse letre higjenike Roca 181x65x50 mm"},"content":{"rendered":"<p><span data-sheets-value=\"{&quot;1&quot;:2,&quot;2&quot;:&quot;Koleksioni Victoria : Nj\u00eb p\u00ebrgjigje tradicionale ndaj atmosferave klasike. Kurba elegante dhe funksionale n\u00eb nj\u00eb koleksion t\u00eb gjer\u00eb pjes\u00ebsh q\u00eb kombinojn\u00eb thjesht\u00ebsin\u00eb dhe shkatht\u00ebsin\u00eb.&quot;}\" data-sheets-userformat=\"{&quot;2&quot;:513,&quot;3&quot;:{&quot;1&quot;:0},&quot;12&quot;:0}\">Koleksioni Victoria: Mbajt\u00ebsja e letr\u00ebs higjienike ofron p\u00ebrdorim t\u00eb leht\u00eb dhe organizim t\u00eb past\u00ebr n\u00eb tualet. Me dizajn t\u00eb thjesht\u00eb dhe materiale rezistente, siguron q\u00ebndrueshm\u00ebri dhe p\u00ebrshtatje me \u00e7do ambient sanitar.<\/span><\/p>\n<p>Kodi i produktit ne ROCA :<span data-sheets-value=\"{&quot;1&quot;:2,&quot;2&quot;:&quot;A816663001&quot;}\" data-sheets-userformat=\"{&quot;2&quot;:12929,&quot;3&quot;:{&quot;1&quot;:0},&quot;10&quot;:2,&quot;12&quot;:0,&quot;15&quot;:&quot;Calibri&quot;,&quot;16&quot;:12}\">A816663001<\/span><br \/>\nDimensionet e produktit :<span id=\"dim-txt\">181 x 65 x 50 mm<\/span><\/p>\n","protected":false},"excerpt":{"rendered":"<p>Koleksioni Victoria: Mbajt\u00ebsja e letr\u00ebs higjienike ofron p\u00ebrdorim t\u00eb leht\u00eb dhe organizim t\u00eb past\u00ebr n\u00eb tualet. Me dizajn t\u00eb thjesht\u00eb<\/p>\n","protected":false},"featured_media":5144,"template":"","meta":[],"product_cat":[340,491],"product_tag":[],"class_list":["post-5139","product","type-product","status-publish","has-post-thumbnail","hentry","product_cat-hidrosanitare","product_cat-aksesore-te-tjere-hidrosanitare"],"_links":{"self":[{"href":"https:\/\/hidrosistem.al\/new\/wp-json\/wp\/v2\/product\/5139","targetHints":{"allow":["GET"]}}],"collection":[{"href":"https:\/\/hidrosistem.al\/new\/wp-json\/wp\/v2\/product"}],"about":[{"href":"https:\/\/hidrosistem.al\/new\/wp-json\/wp\/v2\/types\/product"}],"version-history":[{"count":4,"href":"https:\/\/hidrosistem.al\/new\/wp-json\/wp\/v2\/product\/5139\/revisions"}],"predecessor-version":[{"id":12971,"href":"https:\/\/hidrosistem.al\/new\/wp-json\/wp\/v2\/product\/5139\/revisions\/12971"}],"wp:featuredmedia":[{"embeddable":true,"href":"https:\/\/hidrosistem.al\/new\/wp-json\/wp\/v2\/media\/5144"}],"wp:attachment":[{"href":"https:\/\/hidrosistem.al\/new\/wp-json\/wp\/v2\/media?parent=5139"}],"wp:term":[{"taxonomy":"product_cat","embeddable":true,"href":"https:\/\/hidrosistem.al\/new\/wp-json\/wp\/v2\/product_cat?post=5139"},{"taxonomy":"product_tag","embeddable":true,"href":"https:\/\/hidrosistem.al\/new\/wp-json\/wp\/v2\/product_tag?post=5139"}],"curies":[{"name":"wp","href":"https:\/\/api.w.org\/{rel}","templated":true}]}}