{"id":5131,"date":"2023-09-29T16:26:45","date_gmt":"2023-09-29T16:26:45","guid":{"rendered":"https:\/\/hidrosistem.al\/new\/?post_type=product&#038;p=5131"},"modified":"2025-12-02T09:15:56","modified_gmt":"2025-12-02T09:15:56","slug":"grup-dushi-inkaso-arola-me-deviator-i-rrumbullaketper-kutine-gri","status":"publish","type":"product","link":"https:\/\/hidrosistem.al\/new\/product\/grup-dushi-inkaso-arola-me-deviator-i-rrumbullaketper-kutine-gri\/","title":{"rendered":"Grup dushi inkaso Roca Arola me deviator i rrumbullak\u00ebt, p\u00ebr kutin\u00eb gri"},"content":{"rendered":"<p><span data-sheets-value=\"{&quot;1&quot;:2,&quot;2&quot;:&quot;Koleksioni Arola : Mikser i aft\u00eb p\u00ebr t'u integruar n\u00eb \u00e7do banj\u00eb. Fal\u00eb veshjes EverShine, ju mund t\u00eb shijoni bukurin\u00eb e tyre p\u00ebr m\u00eb gjat\u00eb.&quot;}\" data-sheets-userformat=\"{&quot;2&quot;:513,&quot;3&quot;:{&quot;1&quot;:0},&quot;12&quot;:0}\">Koleksioni Arola: Komfort dhe funksionalitet n\u00eb \u00e7do dush. Grupi i dushit ofron nj\u00eb zgjidhje t\u00eb plot\u00eb p\u00ebr p\u00ebrdorim t\u00eb p\u00ebrditsh\u00ebm, me kontroll t\u00eb sakt\u00eb t\u00eb ujit dhe materiale rezistente ndaj lag\u00ebshtir\u00ebs. Dizajni praktik garanton instalim t\u00eb leht\u00eb dhe p\u00ebrvoj\u00eb komode dushi.<\/span><\/p>\n<p>Kodi i produktit ne ROCA : <span data-sheets-value=\"{&quot;1&quot;:2,&quot;2&quot;:&quot;A5A0B6AC0K&quot;}\" data-sheets-userformat=\"{&quot;2&quot;:12929,&quot;3&quot;:{&quot;1&quot;:0},&quot;10&quot;:2,&quot;12&quot;:0,&quot;15&quot;:&quot;Calibri&quot;,&quot;16&quot;:12}\">A5A0B6AC0K<\/span><\/p>\n","protected":false},"excerpt":{"rendered":"<p>Koleksioni Arola: Komfort dhe funksionalitet n\u00eb \u00e7do dush. Grupi i dushit ofron nj\u00eb zgjidhje t\u00eb plot\u00eb p\u00ebr p\u00ebrdorim t\u00eb p\u00ebrditsh\u00ebm,<\/p>\n","protected":false},"featured_media":5132,"template":"","meta":[],"product_cat":[340,474,478],"product_tag":[],"class_list":["post-5131","product","type-product","status-publish","has-post-thumbnail","hentry","product_cat-hidrosanitare","product_cat-rubineta","product_cat-rubineta-per-dushe"],"_links":{"self":[{"href":"https:\/\/hidrosistem.al\/new\/wp-json\/wp\/v2\/product\/5131","targetHints":{"allow":["GET"]}}],"collection":[{"href":"https:\/\/hidrosistem.al\/new\/wp-json\/wp\/v2\/product"}],"about":[{"href":"https:\/\/hidrosistem.al\/new\/wp-json\/wp\/v2\/types\/product"}],"version-history":[{"count":3,"href":"https:\/\/hidrosistem.al\/new\/wp-json\/wp\/v2\/product\/5131\/revisions"}],"predecessor-version":[{"id":13345,"href":"https:\/\/hidrosistem.al\/new\/wp-json\/wp\/v2\/product\/5131\/revisions\/13345"}],"wp:featuredmedia":[{"embeddable":true,"href":"https:\/\/hidrosistem.al\/new\/wp-json\/wp\/v2\/media\/5132"}],"wp:attachment":[{"href":"https:\/\/hidrosistem.al\/new\/wp-json\/wp\/v2\/media?parent=5131"}],"wp:term":[{"taxonomy":"product_cat","embeddable":true,"href":"https:\/\/hidrosistem.al\/new\/wp-json\/wp\/v2\/product_cat?post=5131"},{"taxonomy":"product_tag","embeddable":true,"href":"https:\/\/hidrosistem.al\/new\/wp-json\/wp\/v2\/product_tag?post=5131"}],"curies":[{"name":"wp","href":"https:\/\/api.w.org\/{rel}","templated":true}]}}