{"id":5117,"date":"2023-09-29T16:22:06","date_gmt":"2023-09-29T16:22:06","guid":{"rendered":"https:\/\/hidrosistem.al\/new\/?post_type=product&#038;p=5117"},"modified":"2025-12-01T09:45:59","modified_gmt":"2025-12-01T09:45:59","slug":"aksesore-banjo-mbajtese-telefoni-e-kromuar-1-2katrore","status":"publish","type":"product","link":"https:\/\/hidrosistem.al\/new\/product\/aksesore-banjo-mbajtese-telefoni-e-kromuar-1-2katrore\/","title":{"rendered":"Aksesor tualeti &#8211; Mbajt\u00ebse telefoni Roca e kromuar 1\/2,katrore"},"content":{"rendered":"<p><span data-sheets-value=\"{&quot;1&quot;:2,&quot;2&quot;:&quot;Koleksioni Aqua : Ky koleksion \u00ebsht\u00eb nj\u00eb propozim dizajni q\u00eb p\u00ebrzihet n\u00eb hap\u00ebsir\u00ebn e banj\u00ebs, ku \u00ebsht\u00eb menduar shum\u00eb p\u00ebr parimet e kursimit, q\u00ebndrueshm\u00ebris\u00eb dhe integrimit n\u00eb konceptimin teknologjik t\u00eb \u00e7do artikulli.&quot;}\" data-sheets-userformat=\"{&quot;2&quot;:513,&quot;3&quot;:{&quot;1&quot;:0},&quot;12&quot;:0}\">Koleksioni Aqua: <\/span>Komoditet dhe siguri n\u00eb tualet. Mbajt\u00ebsja e telefonit ofron vendosje t\u00eb sigurt p\u00ebr pajisjen tuaj brenda tualetit. Me dizajn praktik dhe materiale rezistente ndaj lag\u00ebshtir\u00ebs, \u00ebsht\u00eb ideale p\u00ebr p\u00ebrdorim t\u00eb p\u00ebrditsh\u00ebm.<\/p>\n<p>Kodi i produktit : <span data-sheets-value=\"{&quot;1&quot;:2,&quot;2&quot;:&quot;A5B0850C00&quot;}\" data-sheets-userformat=\"{&quot;2&quot;:12929,&quot;3&quot;:{&quot;1&quot;:0},&quot;10&quot;:2,&quot;12&quot;:0,&quot;15&quot;:&quot;Calibri&quot;,&quot;16&quot;:12}\">A5B0850C00<br \/>\nDimensionet : 110 x 65 x 50 mm<\/span><\/p>\n","protected":false},"excerpt":{"rendered":"<p>Koleksioni Aqua: Komoditet dhe siguri n\u00eb tualet. Mbajt\u00ebsja e telefonit ofron vendosje t\u00eb sigurt p\u00ebr pajisjen tuaj brenda tualetit. Me<\/p>\n","protected":false},"featured_media":5118,"template":"","meta":[],"product_cat":[340,491],"product_tag":[],"class_list":["post-5117","product","type-product","status-publish","has-post-thumbnail","hentry","product_cat-hidrosanitare","product_cat-aksesore-te-tjere-hidrosanitare"],"_links":{"self":[{"href":"https:\/\/hidrosistem.al\/new\/wp-json\/wp\/v2\/product\/5117","targetHints":{"allow":["GET"]}}],"collection":[{"href":"https:\/\/hidrosistem.al\/new\/wp-json\/wp\/v2\/product"}],"about":[{"href":"https:\/\/hidrosistem.al\/new\/wp-json\/wp\/v2\/types\/product"}],"version-history":[{"count":3,"href":"https:\/\/hidrosistem.al\/new\/wp-json\/wp\/v2\/product\/5117\/revisions"}],"predecessor-version":[{"id":13018,"href":"https:\/\/hidrosistem.al\/new\/wp-json\/wp\/v2\/product\/5117\/revisions\/13018"}],"wp:featuredmedia":[{"embeddable":true,"href":"https:\/\/hidrosistem.al\/new\/wp-json\/wp\/v2\/media\/5118"}],"wp:attachment":[{"href":"https:\/\/hidrosistem.al\/new\/wp-json\/wp\/v2\/media?parent=5117"}],"wp:term":[{"taxonomy":"product_cat","embeddable":true,"href":"https:\/\/hidrosistem.al\/new\/wp-json\/wp\/v2\/product_cat?post=5117"},{"taxonomy":"product_tag","embeddable":true,"href":"https:\/\/hidrosistem.al\/new\/wp-json\/wp\/v2\/product_tag?post=5117"}],"curies":[{"name":"wp","href":"https:\/\/api.w.org\/{rel}","templated":true}]}}