{"id":5087,"date":"2023-09-29T16:14:25","date_gmt":"2023-09-29T16:14:25","guid":{"rendered":"https:\/\/hidrosistem.al\/new\/?post_type=product&#038;p=5087"},"modified":"2025-12-01T08:41:13","modified_gmt":"2025-12-01T08:41:13","slug":"aksesore-banjo-mbajtese-koke-dushi-e-rrumbullaket-e-zeze","status":"publish","type":"product","link":"https:\/\/hidrosistem.al\/new\/product\/aksesore-banjo-mbajtese-koke-dushi-e-rrumbullaket-e-zeze\/","title":{"rendered":"Aksesor tualeti -Mbajt\u00ebse koke dushi e rrumbullak\u00ebt, e zez\u00eb"},"content":{"rendered":"<p><span data-sheets-value=\"{&quot;1&quot;:2,&quot;2&quot;:&quot;Koleksioni Aqua : Ky koleksion \u00ebsht\u00eb nj\u00eb propozim dizajni q\u00eb p\u00ebrzihet n\u00eb hap\u00ebsir\u00ebn e banj\u00ebs, ku \u00ebsht\u00eb menduar shum\u00eb p\u00ebr parimet e kursimit, q\u00ebndrueshm\u00ebris\u00eb dhe integrimit n\u00eb konceptimin teknologjik t\u00eb \u00e7do artikulli.&quot;}\" data-sheets-userformat=\"{&quot;2&quot;:513,&quot;3&quot;:{&quot;1&quot;:0},&quot;12&quot;:0}\">Koleksioni Aqua: Mbajt\u00ebsja e kok\u00ebs s\u00eb dushit garanton pozicionim t\u00eb q\u00ebndruesh\u00ebm dhe p\u00ebrdorim t\u00eb rehatsh\u00ebm. E prodhuar nga materiale rezistente ndaj lag\u00ebshtir\u00ebs, \u00ebsht\u00eb e leht\u00eb p\u00ebr t\u2019u instaluar dhe p\u00ebrshtatet me shumic\u00ebn e kokave standarde t\u00eb dushit.<\/span><\/p>\n<p>Kodi i produktit : A5B5250CN0<\/p>\n<p>&nbsp;<\/p>\n","protected":false},"excerpt":{"rendered":"<p>Koleksioni Aqua: Mbajt\u00ebsja e kok\u00ebs s\u00eb dushit garanton pozicionim t\u00eb q\u00ebndruesh\u00ebm dhe p\u00ebrdorim t\u00eb rehatsh\u00ebm. E prodhuar nga materiale rezistente<\/p>\n","protected":false},"featured_media":5091,"template":"","meta":[],"product_cat":[340,474,480],"product_tag":[],"class_list":["post-5087","product","type-product","status-publish","has-post-thumbnail","hentry","product_cat-hidrosanitare","product_cat-rubineta","product_cat-aksesore-te-tjere-rubineteri"],"_links":{"self":[{"href":"https:\/\/hidrosistem.al\/new\/wp-json\/wp\/v2\/product\/5087","targetHints":{"allow":["GET"]}}],"collection":[{"href":"https:\/\/hidrosistem.al\/new\/wp-json\/wp\/v2\/product"}],"about":[{"href":"https:\/\/hidrosistem.al\/new\/wp-json\/wp\/v2\/types\/product"}],"version-history":[{"count":4,"href":"https:\/\/hidrosistem.al\/new\/wp-json\/wp\/v2\/product\/5087\/revisions"}],"predecessor-version":[{"id":12937,"href":"https:\/\/hidrosistem.al\/new\/wp-json\/wp\/v2\/product\/5087\/revisions\/12937"}],"wp:featuredmedia":[{"embeddable":true,"href":"https:\/\/hidrosistem.al\/new\/wp-json\/wp\/v2\/media\/5091"}],"wp:attachment":[{"href":"https:\/\/hidrosistem.al\/new\/wp-json\/wp\/v2\/media?parent=5087"}],"wp:term":[{"taxonomy":"product_cat","embeddable":true,"href":"https:\/\/hidrosistem.al\/new\/wp-json\/wp\/v2\/product_cat?post=5087"},{"taxonomy":"product_tag","embeddable":true,"href":"https:\/\/hidrosistem.al\/new\/wp-json\/wp\/v2\/product_tag?post=5087"}],"curies":[{"name":"wp","href":"https:\/\/api.w.org\/{rel}","templated":true}]}}