{"id":5077,"date":"2023-09-29T16:06:55","date_gmt":"2023-09-29T16:06:55","guid":{"rendered":"https:\/\/hidrosistem.al\/new\/?post_type=product&#038;p=5077"},"modified":"2025-12-04T14:41:30","modified_gmt":"2025-12-04T14:41:30","slug":"pilet-klik-klak-1-1-4-fi-40","status":"publish","type":"product","link":"https:\/\/hidrosistem.al\/new\/product\/pilet-klik-klak-1-1-4-fi-40\/","title":{"rendered":"Pilet\u00eb klik-klak 1.1\/4 fi 40"},"content":{"rendered":"<p><span data-sheets-value=\"{&quot;1&quot;:2,&quot;2&quot;:&quot;Koleksioni Aqua : Ky koleksion \u00ebsht\u00eb nj\u00eb propozim dizajni q\u00eb p\u00ebrzihet n\u00eb hap\u00ebsir\u00ebn e banj\u00ebs, ku \u00ebsht\u00eb menduar shum\u00eb p\u00ebr parimet e kursimit, q\u00ebndrueshm\u00ebris\u00eb dhe integrimit n\u00eb konceptimin teknologjik t\u00eb \u00e7do artikulli.&quot;}\" data-sheets-userformat=\"{&quot;2&quot;:513,&quot;3&quot;:{&quot;1&quot;:0},&quot;12&quot;:0}\">Koleksioni Aqua: Shkarkim i sigurt dhe higjienik. Pileta siguron largim efikas t\u00eb ujit dhe parandalon aromat e pak\u00ebndshme. E prodhuar nga materiale rezistente, ofron instalim t\u00eb leht\u00eb, q\u00ebndrueshm\u00ebri dhe mir\u00ebmbajtje t\u00eb thjesht\u00eb<\/span><\/p>\n<p>Kodi i produktit ne ROCA : <span data-sheets-value=\"{&quot;1&quot;:2,&quot;2&quot;:&quot;A505400900&quot;}\" data-sheets-userformat=\"{&quot;2&quot;:12929,&quot;3&quot;:{&quot;1&quot;:0},&quot;10&quot;:2,&quot;12&quot;:0,&quot;15&quot;:&quot;Calibri&quot;,&quot;16&quot;:12}\">A505400900<\/span><br \/>\nDimensionet : <span id=\"dim-txt\">95 x 75 x 70 mm<\/span><\/p>\n","protected":false},"excerpt":{"rendered":"<p>Koleksioni Aqua: Shkarkim i sigurt dhe higjienik. Pileta siguron largim efikas t\u00eb ujit dhe parandalon aromat e pak\u00ebndshme. E prodhuar<\/p>\n","protected":false},"featured_media":5080,"template":"","meta":[],"product_cat":[340,474,480],"product_tag":[],"class_list":["post-5077","product","type-product","status-publish","has-post-thumbnail","hentry","product_cat-hidrosanitare","product_cat-rubineta","product_cat-aksesore-te-tjere-rubineteri"],"_links":{"self":[{"href":"https:\/\/hidrosistem.al\/new\/wp-json\/wp\/v2\/product\/5077","targetHints":{"allow":["GET"]}}],"collection":[{"href":"https:\/\/hidrosistem.al\/new\/wp-json\/wp\/v2\/product"}],"about":[{"href":"https:\/\/hidrosistem.al\/new\/wp-json\/wp\/v2\/types\/product"}],"version-history":[{"count":3,"href":"https:\/\/hidrosistem.al\/new\/wp-json\/wp\/v2\/product\/5077\/revisions"}],"predecessor-version":[{"id":13475,"href":"https:\/\/hidrosistem.al\/new\/wp-json\/wp\/v2\/product\/5077\/revisions\/13475"}],"wp:featuredmedia":[{"embeddable":true,"href":"https:\/\/hidrosistem.al\/new\/wp-json\/wp\/v2\/media\/5080"}],"wp:attachment":[{"href":"https:\/\/hidrosistem.al\/new\/wp-json\/wp\/v2\/media?parent=5077"}],"wp:term":[{"taxonomy":"product_cat","embeddable":true,"href":"https:\/\/hidrosistem.al\/new\/wp-json\/wp\/v2\/product_cat?post=5077"},{"taxonomy":"product_tag","embeddable":true,"href":"https:\/\/hidrosistem.al\/new\/wp-json\/wp\/v2\/product_tag?post=5077"}],"curies":[{"name":"wp","href":"https:\/\/api.w.org\/{rel}","templated":true}]}}