{"id":5056,"date":"2023-09-29T16:03:01","date_gmt":"2023-09-29T16:03:01","guid":{"rendered":"https:\/\/hidrosistem.al\/new\/?post_type=product&#038;p=5056"},"modified":"2025-12-01T09:08:31","modified_gmt":"2025-12-01T09:08:31","slug":"aksesore-banjo-mbajtese-peshqiri-600mm-e-rrumbullaket","status":"publish","type":"product","link":"https:\/\/hidrosistem.al\/new\/product\/aksesore-banjo-mbajtese-peshqiri-600mm-e-rrumbullaket\/","title":{"rendered":"Aksesor tualeti &#8211; Mbajt\u00ebse peshqiri Roca 600 mm e rrumbullak\u00ebt"},"content":{"rendered":"<p><span data-sheets-value=\"{&quot;1&quot;:2,&quot;2&quot;:&quot;Koleksioni Victoria : Nj\u00eb p\u00ebrgjigje tradicionale ndaj atmosferave klasike. Kurba elegante dhe funksionale n\u00eb nj\u00eb koleksion t\u00eb gjer\u00eb pjes\u00ebsh q\u00eb kombinojn\u00eb thjesht\u00ebsin\u00eb dhe shkatht\u00ebsin\u00eb.&quot;}\" data-sheets-userformat=\"{&quot;2&quot;:513,&quot;3&quot;:{&quot;1&quot;:0},&quot;12&quot;:0}\">Koleksioni Victoria: <\/span>Praktike dhe elegante p\u00ebr \u00e7do tualet. Mbajt\u00ebsja e peshqirit siguron organizim t\u00eb rregullt dhe tharje t\u00eb shpejt\u00eb. Me dizajn modern dhe materiale rezistente ndaj lag\u00ebshtir\u00ebs, ofron p\u00ebrdorim afatgjat\u00eb dhe p\u00ebrshtatet me \u00e7do stil tualeti.<\/p>\n<p>Kodi i produktit ne ROCA :<span data-sheets-value=\"{&quot;1&quot;:2,&quot;2&quot;:&quot;A816660001&quot;}\" data-sheets-userformat=\"{&quot;2&quot;:12929,&quot;3&quot;:{&quot;1&quot;:0},&quot;10&quot;:2,&quot;12&quot;:0,&quot;15&quot;:&quot;Calibri&quot;,&quot;16&quot;:12}\">A816660001<\/span><br \/>\nDimensionet e produktit :<span id=\"dim-txt\">625 x 198 x 135 mm<\/span><\/p>\n","protected":false},"excerpt":{"rendered":"<p>Koleksioni Victoria: Praktike dhe elegante p\u00ebr \u00e7do tualet. Mbajt\u00ebsja e peshqirit siguron organizim t\u00eb rregullt dhe tharje t\u00eb shpejt\u00eb. Me<\/p>\n","protected":false},"featured_media":5062,"template":"","meta":[],"product_cat":[340,491],"product_tag":[],"class_list":["post-5056","product","type-product","status-publish","has-post-thumbnail","hentry","product_cat-hidrosanitare","product_cat-aksesore-te-tjere-hidrosanitare"],"_links":{"self":[{"href":"https:\/\/hidrosistem.al\/new\/wp-json\/wp\/v2\/product\/5056","targetHints":{"allow":["GET"]}}],"collection":[{"href":"https:\/\/hidrosistem.al\/new\/wp-json\/wp\/v2\/product"}],"about":[{"href":"https:\/\/hidrosistem.al\/new\/wp-json\/wp\/v2\/types\/product"}],"version-history":[{"count":4,"href":"https:\/\/hidrosistem.al\/new\/wp-json\/wp\/v2\/product\/5056\/revisions"}],"predecessor-version":[{"id":12919,"href":"https:\/\/hidrosistem.al\/new\/wp-json\/wp\/v2\/product\/5056\/revisions\/12919"}],"wp:featuredmedia":[{"embeddable":true,"href":"https:\/\/hidrosistem.al\/new\/wp-json\/wp\/v2\/media\/5062"}],"wp:attachment":[{"href":"https:\/\/hidrosistem.al\/new\/wp-json\/wp\/v2\/media?parent=5056"}],"wp:term":[{"taxonomy":"product_cat","embeddable":true,"href":"https:\/\/hidrosistem.al\/new\/wp-json\/wp\/v2\/product_cat?post=5056"},{"taxonomy":"product_tag","embeddable":true,"href":"https:\/\/hidrosistem.al\/new\/wp-json\/wp\/v2\/product_tag?post=5056"}],"curies":[{"name":"wp","href":"https:\/\/api.w.org\/{rel}","templated":true}]}}