{"id":5053,"date":"2023-09-29T16:00:02","date_gmt":"2023-09-29T16:00:02","guid":{"rendered":"https:\/\/hidrosistem.al\/new\/?post_type=product&#038;p=5053"},"modified":"2025-12-01T09:56:06","modified_gmt":"2025-12-01T09:56:06","slug":"bide-adele-inkaso","status":"publish","type":"product","link":"https:\/\/hidrosistem.al\/new\/product\/bide-adele-inkaso\/","title":{"rendered":"Bide Roca Adele inkaso"},"content":{"rendered":"<p><span data-sheets-value=\"{&quot;1&quot;:2,&quot;2&quot;:&quot;Koleksioni Adele : Dizajn neutral, linja t\u00eb thjeshta, forma harmonike. Adele kombinohet me t\u00eb gjitha llojet e arkitektur\u00ebs s\u00eb brendshme, pavar\u00ebsisht nga stili. Nj\u00eb koleksion shum\u00eb i gjithansh\u00ebm prej porcelani dhe mobiljesh, ideale p\u00ebr t\u00eb rinovuar jet\u00ebn e banj\u00ebs me sigurin\u00eb se dizajni i saj do t\u00eb zgjas\u00eb me kalimin e koh\u00ebs.&quot;}\" data-sheets-userformat=\"{&quot;2&quot;:513,&quot;3&quot;:{&quot;1&quot;:0},&quot;12&quot;:0}\">Koleksioni Adele: Bide murore me form\u00eb t\u00eb rrumbullak\u00ebt dhe n\u00eb ngjyr\u00eb t\u00eb bardh\u00eb. P\u00ebrshtatet t\u00ebr\u00ebsisht me strukturat e montimit muror. Zgjidhje ideale p\u00ebr ambiente tualeti q\u00eb k\u00ebrkojn\u00eb linja t\u00eb pastra, instalim muror t\u00eb kompakt, dhe pamje estetike t\u00eb qet\u00eb.<br \/>\n<\/span><br \/>\nKodi i produktit ne ROCA : <span data-sheets-value=\"{&quot;1&quot;:2,&quot;2&quot;:&quot;A355198000&quot;}\" data-sheets-userformat=\"{&quot;2&quot;:12929,&quot;3&quot;:{&quot;1&quot;:0},&quot;10&quot;:2,&quot;12&quot;:0,&quot;15&quot;:&quot;Calibri&quot;,&quot;16&quot;:12}\">A355198000<\/span><\/p>\n","protected":false},"excerpt":{"rendered":"<p>Koleksioni Adele: Bide murore me form\u00eb t\u00eb rrumbullak\u00ebt dhe n\u00eb ngjyr\u00eb t\u00eb bardh\u00eb. P\u00ebrshtatet t\u00ebr\u00ebsisht me strukturat e montimit muror.<\/p>\n","protected":false},"featured_media":5057,"template":"","meta":[],"product_cat":[340,466,468],"product_tag":[],"class_list":["post-5053","product","type-product","status-publish","has-post-thumbnail","hentry","product_cat-hidrosanitare","product_cat-sanitare","product_cat-bide"],"_links":{"self":[{"href":"https:\/\/hidrosistem.al\/new\/wp-json\/wp\/v2\/product\/5053","targetHints":{"allow":["GET"]}}],"collection":[{"href":"https:\/\/hidrosistem.al\/new\/wp-json\/wp\/v2\/product"}],"about":[{"href":"https:\/\/hidrosistem.al\/new\/wp-json\/wp\/v2\/types\/product"}],"version-history":[{"count":3,"href":"https:\/\/hidrosistem.al\/new\/wp-json\/wp\/v2\/product\/5053\/revisions"}],"predecessor-version":[{"id":13029,"href":"https:\/\/hidrosistem.al\/new\/wp-json\/wp\/v2\/product\/5053\/revisions\/13029"}],"wp:featuredmedia":[{"embeddable":true,"href":"https:\/\/hidrosistem.al\/new\/wp-json\/wp\/v2\/media\/5057"}],"wp:attachment":[{"href":"https:\/\/hidrosistem.al\/new\/wp-json\/wp\/v2\/media?parent=5053"}],"wp:term":[{"taxonomy":"product_cat","embeddable":true,"href":"https:\/\/hidrosistem.al\/new\/wp-json\/wp\/v2\/product_cat?post=5053"},{"taxonomy":"product_tag","embeddable":true,"href":"https:\/\/hidrosistem.al\/new\/wp-json\/wp\/v2\/product_tag?post=5053"}],"curies":[{"name":"wp","href":"https:\/\/api.w.org\/{rel}","templated":true}]}}