{"id":5037,"date":"2023-09-29T15:53:10","date_gmt":"2023-09-29T15:53:10","guid":{"rendered":"https:\/\/hidrosistem.al\/new\/?post_type=product&#038;p=5037"},"modified":"2025-12-01T10:05:55","modified_gmt":"2025-12-01T10:05:55","slug":"adele-semi-pedestal","status":"publish","type":"product","link":"https:\/\/hidrosistem.al\/new\/product\/adele-semi-pedestal\/","title":{"rendered":"ADELE SEMI-PEDESTAL"},"content":{"rendered":"<p><span data-sheets-value=\"{&quot;1&quot;:2,&quot;2&quot;:&quot;Koleksioni Adele : Dizajn neutral, linja t\u00eb thjeshta, forma harmonike. Adele kombinohet me t\u00eb gjitha llojet e arkitektur\u00ebs s\u00eb brendshme, pavar\u00ebsisht nga stili. Nj\u00eb koleksion shum\u00eb i gjithansh\u00ebm prej porcelani dhe mobiljesh, ideale p\u00ebr t\u00eb rinovuar jet\u00ebn e banj\u00ebs me sigurin\u00eb se dizajni i saj do t\u00eb zgjas\u00eb me kalimin e koh\u00ebs.&quot;}\" data-sheets-userformat=\"{&quot;2&quot;:513,&quot;3&quot;:{&quot;1&quot;:0},&quot;12&quot;:0}\">Koleksioni Adele: Gjysm\u00eb-kollona ADELE mbulon tubacionet e lavamanit dhe krijon nj\u00eb pamje t\u00eb rregullt, elegante dhe moderne n\u00eb tuaet. E prodhuar nga materiale cil\u00ebsore, \u00ebsht\u00eb rezistente dhe e leht\u00eb p\u00ebr t\u2019u pastruar.<br \/>\n<\/span><br \/>\nKodi i produktit ne ROCA : <span data-sheets-value=\"{&quot;1&quot;:2,&quot;2&quot;:&quot;A335191000&quot;}\" data-sheets-userformat=\"{&quot;2&quot;:12929,&quot;3&quot;:{&quot;1&quot;:0},&quot;10&quot;:2,&quot;12&quot;:0,&quot;15&quot;:&quot;Calibri&quot;,&quot;16&quot;:12}\">A335191000<\/span><\/p>\n","protected":false},"excerpt":{"rendered":"<p>Koleksioni Adele: Gjysm\u00eb-kollona ADELE mbulon tubacionet e lavamanit dhe krijon nj\u00eb pamje t\u00eb rregullt, elegante dhe moderne n\u00eb tuaet. E<\/p>\n","protected":false},"featured_media":5040,"template":"","meta":[],"product_cat":[340,466,473],"product_tag":[],"class_list":["post-5037","product","type-product","status-publish","has-post-thumbnail","hentry","product_cat-hidrosanitare","product_cat-sanitare","product_cat-aksesore-te-tjere-sanitare"],"_links":{"self":[{"href":"https:\/\/hidrosistem.al\/new\/wp-json\/wp\/v2\/product\/5037","targetHints":{"allow":["GET"]}}],"collection":[{"href":"https:\/\/hidrosistem.al\/new\/wp-json\/wp\/v2\/product"}],"about":[{"href":"https:\/\/hidrosistem.al\/new\/wp-json\/wp\/v2\/types\/product"}],"version-history":[{"count":4,"href":"https:\/\/hidrosistem.al\/new\/wp-json\/wp\/v2\/product\/5037\/revisions"}],"predecessor-version":[{"id":13040,"href":"https:\/\/hidrosistem.al\/new\/wp-json\/wp\/v2\/product\/5037\/revisions\/13040"}],"wp:featuredmedia":[{"embeddable":true,"href":"https:\/\/hidrosistem.al\/new\/wp-json\/wp\/v2\/media\/5040"}],"wp:attachment":[{"href":"https:\/\/hidrosistem.al\/new\/wp-json\/wp\/v2\/media?parent=5037"}],"wp:term":[{"taxonomy":"product_cat","embeddable":true,"href":"https:\/\/hidrosistem.al\/new\/wp-json\/wp\/v2\/product_cat?post=5037"},{"taxonomy":"product_tag","embeddable":true,"href":"https:\/\/hidrosistem.al\/new\/wp-json\/wp\/v2\/product_tag?post=5037"}],"curies":[{"name":"wp","href":"https:\/\/api.w.org\/{rel}","templated":true}]}}