{"id":5031,"date":"2023-09-29T15:50:48","date_gmt":"2023-09-29T15:50:48","guid":{"rendered":"https:\/\/hidrosistem.al\/new\/?post_type=product&#038;p=5031"},"modified":"2025-11-18T11:50:07","modified_gmt":"2025-11-18T11:50:07","slug":"bide-toksore-e-bardhe","status":"publish","type":"product","link":"https:\/\/hidrosistem.al\/new\/product\/bide-toksore-e-bardhe\/","title":{"rendered":"Bide tok\u00ebsore Roca Adele"},"content":{"rendered":"<p><span data-sheets-value=\"{&quot;1&quot;:2,&quot;2&quot;:&quot;Koleksioni Adele : Dizajn neutral, linja t\u00eb thjeshta, forma harmonike. Adele kombinohet me t\u00eb gjitha llojet e arkitektur\u00ebs s\u00eb brendshme, pavar\u00ebsisht nga stili. Nj\u00eb koleksion shum\u00eb i gjithansh\u00ebm prej porcelani dhe mobiljesh, ideale p\u00ebr t\u00eb rinovuar jet\u00ebn e banj\u00ebs me sigurin\u00eb se dizajni i saj do t\u00eb zgjas\u00eb me kalimin e koh\u00ebs.&quot;}\" data-sheets-userformat=\"{&quot;2&quot;:513,&quot;3&quot;:{&quot;1&quot;:0},&quot;12&quot;:0}\">Koleksioni Adele: Prakticitet, higjien\u00eb dhe dizajn i past\u00ebr. Bideja toksore e bardh\u00eb Adele nga Roca ofron nj\u00eb zgjidhje higjienike dhe funksionale p\u00ebr \u00e7do banjo moderne. E prodhuar me material t\u00eb cil\u00ebsis\u00eb s\u00eb lart\u00eb, kjo bide siguron rezistenc\u00eb afatgjat\u00eb, pastrohet me leht\u00ebsi dhe ruan shk\u00eblqimin p\u00ebr vite. Instalimi n\u00eb dysheme garanton stabilitet maksimal dhe funksion optimal t\u00eb uj\u00ebrrjedh\u00ebs.<\/span><\/p>\n<p>Kodi i produktit ne ROCA : <span data-sheets-value=\"{&quot;1&quot;:2,&quot;2&quot;:&quot;A355195000&quot;}\" data-sheets-userformat=\"{&quot;2&quot;:12929,&quot;3&quot;:{&quot;1&quot;:0},&quot;10&quot;:2,&quot;12&quot;:0,&quot;15&quot;:&quot;Calibri&quot;,&quot;16&quot;:12}\">A355195000<\/span><\/p>\n","protected":false},"excerpt":{"rendered":"<p>Koleksioni Adele: Prakticitet, higjien\u00eb dhe dizajn i past\u00ebr. Bideja toksore e bardh\u00eb Adele nga Roca ofron nj\u00eb zgjidhje higjienike dhe<\/p>\n","protected":false},"featured_media":5034,"template":"","meta":[],"product_cat":[340],"product_tag":[],"class_list":["post-5031","product","type-product","status-publish","has-post-thumbnail","hentry","product_cat-hidrosanitare"],"_links":{"self":[{"href":"https:\/\/hidrosistem.al\/new\/wp-json\/wp\/v2\/product\/5031","targetHints":{"allow":["GET"]}}],"collection":[{"href":"https:\/\/hidrosistem.al\/new\/wp-json\/wp\/v2\/product"}],"about":[{"href":"https:\/\/hidrosistem.al\/new\/wp-json\/wp\/v2\/types\/product"}],"version-history":[{"count":3,"href":"https:\/\/hidrosistem.al\/new\/wp-json\/wp\/v2\/product\/5031\/revisions"}],"predecessor-version":[{"id":12785,"href":"https:\/\/hidrosistem.al\/new\/wp-json\/wp\/v2\/product\/5031\/revisions\/12785"}],"wp:featuredmedia":[{"embeddable":true,"href":"https:\/\/hidrosistem.al\/new\/wp-json\/wp\/v2\/media\/5034"}],"wp:attachment":[{"href":"https:\/\/hidrosistem.al\/new\/wp-json\/wp\/v2\/media?parent=5031"}],"wp:term":[{"taxonomy":"product_cat","embeddable":true,"href":"https:\/\/hidrosistem.al\/new\/wp-json\/wp\/v2\/product_cat?post=5031"},{"taxonomy":"product_tag","embeddable":true,"href":"https:\/\/hidrosistem.al\/new\/wp-json\/wp\/v2\/product_tag?post=5031"}],"curies":[{"name":"wp","href":"https:\/\/api.w.org\/{rel}","templated":true}]}}