{"id":5025,"date":"2023-09-29T15:48:31","date_gmt":"2023-09-29T15:48:31","guid":{"rendered":"https:\/\/hidrosistem.al\/new\/?post_type=product&#038;p=5025"},"modified":"2025-12-01T07:56:01","modified_gmt":"2025-12-01T07:56:01","slug":"lavaman-550x450-e-bardhe","status":"publish","type":"product","link":"https:\/\/hidrosistem.al\/new\/product\/lavaman-550x450-e-bardhe\/","title":{"rendered":"Lavaman Roca Adele 550&#215;450"},"content":{"rendered":"<p><span data-sheets-value=\"{&quot;1&quot;:2,&quot;2&quot;:&quot;Koleksioni Adele : Dizajn neutral, linja t\u00eb thjeshta, forma harmonike. Adele kombinohet me t\u00eb gjitha llojet e arkitektur\u00ebs s\u00eb brendshme, pavar\u00ebsisht nga stili. Nj\u00eb koleksion shum\u00eb i gjithansh\u00ebm prej porcelani dhe mobiljesh, ideale p\u00ebr t\u00eb rinovuar jet\u00ebn e banj\u00ebs me sigurin\u00eb se dizajni i saj do t\u00eb zgjas\u00eb me kalimin e koh\u00ebs.&quot;}\" data-sheets-userformat=\"{&quot;2&quot;:513,&quot;3&quot;:{&quot;1&quot;:0},&quot;12&quot;:0}\">Koleksioni Adele: Dizajn neutral, linja t\u00eb thjeshta, forma harmonike. Adele kombinohet me t\u00eb gjitha llojet e arkitektur\u00ebs s\u00eb brendshme, pavar\u00ebsisht nga stili. Nj\u00eb koleksion shum\u00eb i gjithansh\u00ebm prej porcelani,\u00a0 ideal p\u00ebr t\u00eb rinovuar tualetin tuaj me sigurin\u00eb se dizajni do t\u00eb zgjas\u00eb me kalimin e koh\u00ebs.<\/span><\/p>\n<p>Kodi i produktit ne ROCA : <span data-sheets-value=\"{&quot;1&quot;:2,&quot;2&quot;:&quot;A325195000&quot;}\" data-sheets-userformat=\"{&quot;2&quot;:6723,&quot;3&quot;:{&quot;1&quot;:0},&quot;4&quot;:{&quot;1&quot;:2,&quot;2&quot;:16777215},&quot;9&quot;:0,&quot;12&quot;:0,&quot;14&quot;:{&quot;1&quot;:2,&quot;2&quot;:0},&quot;15&quot;:&quot;Roboto-Regular, sans-serif&quot;}\">A325195000<\/span><br \/>\nDimensionet : \u00a0550&#215;450 cm<\/p>\n","protected":false},"excerpt":{"rendered":"<p>Koleksioni Adele: Dizajn neutral, linja t\u00eb thjeshta, forma harmonike. Adele kombinohet me t\u00eb gjitha llojet e arkitektur\u00ebs s\u00eb brendshme, pavar\u00ebsisht<\/p>\n","protected":false},"featured_media":5026,"template":"","meta":[],"product_cat":[340,466,469],"product_tag":[],"class_list":["post-5025","product","type-product","status-publish","has-post-thumbnail","hentry","product_cat-hidrosanitare","product_cat-sanitare","product_cat-lavaman"],"_links":{"self":[{"href":"https:\/\/hidrosistem.al\/new\/wp-json\/wp\/v2\/product\/5025","targetHints":{"allow":["GET"]}}],"collection":[{"href":"https:\/\/hidrosistem.al\/new\/wp-json\/wp\/v2\/product"}],"about":[{"href":"https:\/\/hidrosistem.al\/new\/wp-json\/wp\/v2\/types\/product"}],"version-history":[{"count":3,"href":"https:\/\/hidrosistem.al\/new\/wp-json\/wp\/v2\/product\/5025\/revisions"}],"predecessor-version":[{"id":12908,"href":"https:\/\/hidrosistem.al\/new\/wp-json\/wp\/v2\/product\/5025\/revisions\/12908"}],"wp:featuredmedia":[{"embeddable":true,"href":"https:\/\/hidrosistem.al\/new\/wp-json\/wp\/v2\/media\/5026"}],"wp:attachment":[{"href":"https:\/\/hidrosistem.al\/new\/wp-json\/wp\/v2\/media?parent=5025"}],"wp:term":[{"taxonomy":"product_cat","embeddable":true,"href":"https:\/\/hidrosistem.al\/new\/wp-json\/wp\/v2\/product_cat?post=5025"},{"taxonomy":"product_tag","embeddable":true,"href":"https:\/\/hidrosistem.al\/new\/wp-json\/wp\/v2\/product_tag?post=5025"}],"curies":[{"name":"wp","href":"https:\/\/api.w.org\/{rel}","templated":true}]}}