{"id":5007,"date":"2023-09-29T15:45:18","date_gmt":"2023-09-29T15:45:18","guid":{"rendered":"https:\/\/hidrosistem.al\/new\/?post_type=product&#038;p=5007"},"modified":"2025-12-01T09:28:36","modified_gmt":"2025-12-01T09:28:36","slug":"aksesore-banjo-mbajtese-shampo-inkaso-64x104x184mm","status":"publish","type":"product","link":"https:\/\/hidrosistem.al\/new\/product\/aksesore-banjo-mbajtese-shampo-inkaso-64x104x184mm\/","title":{"rendered":"Aksesor tualeti \u2013 Mbajt\u00ebse shampo inkaso Roca 64x104x184 mm"},"content":{"rendered":"<p><span data-sheets-value=\"{&quot;1&quot;:2,&quot;2&quot;:&quot;Koleksioni Victoria : Nj\u00eb p\u00ebrgjigje tradicionale ndaj atmosferave klasike. Kurba elegante dhe funksionale n\u00eb nj\u00eb koleksion t\u00eb gjer\u00eb pjes\u00ebsh q\u00eb kombinojn\u00eb thjesht\u00ebsin\u00eb dhe shkatht\u00ebsin\u00eb.&quot;}\" data-sheets-userformat=\"{&quot;2&quot;:513,&quot;3&quot;:{&quot;1&quot;:0},&quot;12&quot;:0}\">Koleksioni Victoria: Mbajt\u00ebsja e shampos ofron ruajtje t\u00eb rregullt dhe t\u00eb leht\u00eb p\u00ebr produktet e dushit. Me dizajn funksional dhe materiale rezistente ndaj lag\u00ebshtir\u00ebs, siguron q\u00ebndrueshm\u00ebri dhe p\u00ebrdorim afatgjat\u00eb.<\/span><\/p>\n<p>Kodi i produktit ne ROCA :<span data-sheets-value=\"{&quot;1&quot;:2,&quot;2&quot;:&quot;A816677001&quot;}\" data-sheets-userformat=\"{&quot;2&quot;:12929,&quot;3&quot;:{&quot;1&quot;:0},&quot;10&quot;:2,&quot;12&quot;:0,&quot;15&quot;:&quot;Calibri&quot;,&quot;16&quot;:12}\">A816677001<\/span><br \/>\nDimensionet e produktit :<span id=\"dim-txt\">64 x 104 x 184 mm<\/span><\/p>\n","protected":false},"excerpt":{"rendered":"<p>Koleksioni Victoria: Mbajt\u00ebsja e shampos ofron ruajtje t\u00eb rregullt dhe t\u00eb leht\u00eb p\u00ebr produktet e dushit. Me dizajn funksional dhe<\/p>\n","protected":false},"featured_media":5014,"template":"","meta":[],"product_cat":[340,491],"product_tag":[],"class_list":["post-5007","product","type-product","status-publish","has-post-thumbnail","hentry","product_cat-hidrosanitare","product_cat-aksesore-te-tjere-hidrosanitare"],"_links":{"self":[{"href":"https:\/\/hidrosistem.al\/new\/wp-json\/wp\/v2\/product\/5007","targetHints":{"allow":["GET"]}}],"collection":[{"href":"https:\/\/hidrosistem.al\/new\/wp-json\/wp\/v2\/product"}],"about":[{"href":"https:\/\/hidrosistem.al\/new\/wp-json\/wp\/v2\/types\/product"}],"version-history":[{"count":3,"href":"https:\/\/hidrosistem.al\/new\/wp-json\/wp\/v2\/product\/5007\/revisions"}],"predecessor-version":[{"id":12998,"href":"https:\/\/hidrosistem.al\/new\/wp-json\/wp\/v2\/product\/5007\/revisions\/12998"}],"wp:featuredmedia":[{"embeddable":true,"href":"https:\/\/hidrosistem.al\/new\/wp-json\/wp\/v2\/media\/5014"}],"wp:attachment":[{"href":"https:\/\/hidrosistem.al\/new\/wp-json\/wp\/v2\/media?parent=5007"}],"wp:term":[{"taxonomy":"product_cat","embeddable":true,"href":"https:\/\/hidrosistem.al\/new\/wp-json\/wp\/v2\/product_cat?post=5007"},{"taxonomy":"product_tag","embeddable":true,"href":"https:\/\/hidrosistem.al\/new\/wp-json\/wp\/v2\/product_tag?post=5007"}],"curies":[{"name":"wp","href":"https:\/\/api.w.org\/{rel}","templated":true}]}}