{"id":4996,"date":"2023-09-29T15:36:55","date_gmt":"2023-09-29T15:36:55","guid":{"rendered":"https:\/\/hidrosistem.al\/new\/?post_type=product&#038;p=4996"},"modified":"2025-12-01T09:47:37","modified_gmt":"2025-12-01T09:47:37","slug":"aksesore-banjo-raft-xhami-600x108x50mm","status":"publish","type":"product","link":"https:\/\/hidrosistem.al\/new\/product\/aksesore-banjo-raft-xhami-600x108x50mm\/","title":{"rendered":"Aksesor tualeti &#8211; Raft xhami Roca 600x108x50 mm"},"content":{"rendered":"<p><span data-sheets-value=\"{&quot;1&quot;:2,&quot;2&quot;:&quot;Koleksioni Victoria : Nj\u00eb p\u00ebrgjigje tradicionale ndaj atmosferave klasike. Kurba elegante dhe funksionale n\u00eb nj\u00eb koleksion t\u00eb gjer\u00eb pjes\u00ebsh q\u00eb kombinojn\u00eb thjesht\u00ebsin\u00eb dhe shkatht\u00ebsin\u00eb.&quot;}\" data-sheets-userformat=\"{&quot;2&quot;:513,&quot;3&quot;:{&quot;1&quot;:0},&quot;12&quot;:0}\">Koleksioni Victoria: <\/span>Eleganc\u00eb dhe organizim n\u00eb tualet. Rafti i xhamit ofron hap\u00ebsir\u00eb praktike p\u00ebr vendosjen e aksesor\u00ebve t\u00eb tualetit. Me dizajn modern dhe material rezistent, i jep ambientit pamje elegante dhe siguron p\u00ebrdorim t\u00eb q\u00ebndruesh\u00ebm.<\/p>\n<p>Kodi i produktit ne ROCA :<span data-sheets-value=\"{&quot;1&quot;:2,&quot;2&quot;:&quot;A816661001&quot;}\" data-sheets-userformat=\"{&quot;2&quot;:12929,&quot;3&quot;:{&quot;1&quot;:0},&quot;10&quot;:2,&quot;12&quot;:0,&quot;15&quot;:&quot;Calibri&quot;,&quot;16&quot;:12}\">A816661001<\/span><br \/>\nDimensionet e produktit : <span data-sheets-value=\"{&quot;1&quot;:2,&quot;2&quot;:&quot;600 x 108 x 50 mm&quot;}\">600 x 108 x 50 mm<\/span><\/p>\n","protected":false},"excerpt":{"rendered":"<p>Koleksioni Victoria: Eleganc\u00eb dhe organizim n\u00eb tualet. Rafti i xhamit ofron hap\u00ebsir\u00eb praktike p\u00ebr vendosjen e aksesor\u00ebve t\u00eb tualetit. Me<\/p>\n","protected":false},"featured_media":5003,"template":"","meta":[],"product_cat":[340,491],"product_tag":[],"class_list":["post-4996","product","type-product","status-publish","has-post-thumbnail","hentry","product_cat-hidrosanitare","product_cat-aksesore-te-tjere-hidrosanitare"],"_links":{"self":[{"href":"https:\/\/hidrosistem.al\/new\/wp-json\/wp\/v2\/product\/4996","targetHints":{"allow":["GET"]}}],"collection":[{"href":"https:\/\/hidrosistem.al\/new\/wp-json\/wp\/v2\/product"}],"about":[{"href":"https:\/\/hidrosistem.al\/new\/wp-json\/wp\/v2\/types\/product"}],"version-history":[{"count":3,"href":"https:\/\/hidrosistem.al\/new\/wp-json\/wp\/v2\/product\/4996\/revisions"}],"predecessor-version":[{"id":13020,"href":"https:\/\/hidrosistem.al\/new\/wp-json\/wp\/v2\/product\/4996\/revisions\/13020"}],"wp:featuredmedia":[{"embeddable":true,"href":"https:\/\/hidrosistem.al\/new\/wp-json\/wp\/v2\/media\/5003"}],"wp:attachment":[{"href":"https:\/\/hidrosistem.al\/new\/wp-json\/wp\/v2\/media?parent=4996"}],"wp:term":[{"taxonomy":"product_cat","embeddable":true,"href":"https:\/\/hidrosistem.al\/new\/wp-json\/wp\/v2\/product_cat?post=4996"},{"taxonomy":"product_tag","embeddable":true,"href":"https:\/\/hidrosistem.al\/new\/wp-json\/wp\/v2\/product_tag?post=4996"}],"curies":[{"name":"wp","href":"https:\/\/api.w.org\/{rel}","templated":true}]}}