{"id":4986,"date":"2023-09-29T15:31:10","date_gmt":"2023-09-29T15:31:10","guid":{"rendered":"https:\/\/hidrosistem.al\/new\/?post_type=product&#038;p=4986"},"modified":"2025-12-01T08:26:31","modified_gmt":"2025-12-01T08:26:31","slug":"krahe-koke-dushi-400mm-i-rrumbullaket-i-zi","status":"publish","type":"product","link":"https:\/\/hidrosistem.al\/new\/product\/krahe-koke-dushi-400mm-i-rrumbullaket-i-zi\/","title":{"rendered":"Krah\u00eb koke dushi Roca 400 mm i rrumbullak\u00ebt i zi"},"content":{"rendered":"<p>Krah\u00ebt e kok\u00ebs s\u00eb dushit sigurojn\u00eb montim t\u00eb fort\u00eb dhe drejtim optimal t\u00eb rrjedh\u00ebs s\u00eb ujit. T\u00eb prodhuar nga materiale rezistente ndaj lag\u00ebshtir\u00ebs, garantojn\u00eb jet\u00ebgjat\u00ebsi dhe instalim t\u00eb leht\u00eb.<\/p>\n<p>Kodi i productit ne ROCA : <span data-sheets-value=\"{&quot;1&quot;:2,&quot;2&quot;:&quot;A5B0250CN0&quot;}\" data-sheets-userformat=\"{&quot;2&quot;:12929,&quot;3&quot;:{&quot;1&quot;:0},&quot;10&quot;:2,&quot;12&quot;:0,&quot;15&quot;:&quot;Calibri&quot;,&quot;16&quot;:12}\">A5B0250CN0<\/span><\/p>\n<p>&nbsp;<\/p>\n","protected":false},"excerpt":{"rendered":"<p>Krah\u00ebt e kok\u00ebs s\u00eb dushit sigurojn\u00eb montim t\u00eb fort\u00eb dhe drejtim optimal t\u00eb rrjedh\u00ebs s\u00eb ujit. T\u00eb prodhuar nga materiale<\/p>\n","protected":false},"featured_media":4989,"template":"","meta":[],"product_cat":[340,474,480],"product_tag":[],"class_list":["post-4986","product","type-product","status-publish","has-post-thumbnail","hentry","product_cat-hidrosanitare","product_cat-rubineta","product_cat-aksesore-te-tjere-rubineteri"],"_links":{"self":[{"href":"https:\/\/hidrosistem.al\/new\/wp-json\/wp\/v2\/product\/4986","targetHints":{"allow":["GET"]}}],"collection":[{"href":"https:\/\/hidrosistem.al\/new\/wp-json\/wp\/v2\/product"}],"about":[{"href":"https:\/\/hidrosistem.al\/new\/wp-json\/wp\/v2\/types\/product"}],"version-history":[{"count":3,"href":"https:\/\/hidrosistem.al\/new\/wp-json\/wp\/v2\/product\/4986\/revisions"}],"predecessor-version":[{"id":12914,"href":"https:\/\/hidrosistem.al\/new\/wp-json\/wp\/v2\/product\/4986\/revisions\/12914"}],"wp:featuredmedia":[{"embeddable":true,"href":"https:\/\/hidrosistem.al\/new\/wp-json\/wp\/v2\/media\/4989"}],"wp:attachment":[{"href":"https:\/\/hidrosistem.al\/new\/wp-json\/wp\/v2\/media?parent=4986"}],"wp:term":[{"taxonomy":"product_cat","embeddable":true,"href":"https:\/\/hidrosistem.al\/new\/wp-json\/wp\/v2\/product_cat?post=4986"},{"taxonomy":"product_tag","embeddable":true,"href":"https:\/\/hidrosistem.al\/new\/wp-json\/wp\/v2\/product_tag?post=4986"}],"curies":[{"name":"wp","href":"https:\/\/api.w.org\/{rel}","templated":true}]}}