{"id":4982,"date":"2023-09-29T15:32:55","date_gmt":"2023-09-29T15:32:55","guid":{"rendered":"https:\/\/hidrosistem.al\/new\/?post_type=product&#038;p=4982"},"modified":"2025-12-02T08:31:25","modified_gmt":"2025-12-02T08:31:25","slug":"grup-bideje-victoria","status":"publish","type":"product","link":"https:\/\/hidrosistem.al\/new\/product\/grup-bideje-victoria\/","title":{"rendered":"Grup bideje Roca Victoria"},"content":{"rendered":"<p><span data-sheets-value=\"{&quot;1&quot;:2,&quot;2&quot;:&quot;Koleksioni Victoria : Nj\u00eb p\u00ebrgjigje tradicionale ndaj atmosferave klasike. Kurba elegante dhe funksionale n\u00eb nj\u00eb koleksion t\u00eb gjer\u00eb pjes\u00ebsh q\u00eb kombinojn\u00eb thjesht\u00ebsin\u00eb dhe shkatht\u00ebsin\u00eb.&quot;}\" data-sheets-userformat=\"{&quot;2&quot;:513,&quot;3&quot;:{&quot;1&quot;:0},&quot;12&quot;:0}\">Koleksioni Victoria: Grupi i bides ofron funksionim t\u00eb q\u00ebndruesh\u00ebm dhe p\u00ebrdorim t\u00eb rehatsh\u00ebm. Me dizajn praktik dhe materiale rezistente, siguron rrjedhje t\u00eb kontrolluar dhe jet\u00ebgjat\u00ebsi n\u00eb p\u00ebrdorim t\u00eb p\u00ebrditsh\u00ebm.<\/span><\/p>\n<p>Kodi i produktit ne ROCA : A5A6025C00<\/p>\n","protected":false},"excerpt":{"rendered":"<p>Koleksioni Victoria: Grupi i bides ofron funksionim t\u00eb q\u00ebndruesh\u00ebm dhe p\u00ebrdorim t\u00eb rehatsh\u00ebm. Me dizajn praktik dhe materiale rezistente, siguron<\/p>\n","protected":false},"featured_media":4990,"template":"","meta":[],"product_cat":[340,474,477],"product_tag":[],"class_list":["post-4982","product","type-product","status-publish","has-post-thumbnail","hentry","product_cat-hidrosanitare","product_cat-rubineta","product_cat-rubineta-per-bide"],"_links":{"self":[{"href":"https:\/\/hidrosistem.al\/new\/wp-json\/wp\/v2\/product\/4982","targetHints":{"allow":["GET"]}}],"collection":[{"href":"https:\/\/hidrosistem.al\/new\/wp-json\/wp\/v2\/product"}],"about":[{"href":"https:\/\/hidrosistem.al\/new\/wp-json\/wp\/v2\/types\/product"}],"version-history":[{"count":3,"href":"https:\/\/hidrosistem.al\/new\/wp-json\/wp\/v2\/product\/4982\/revisions"}],"predecessor-version":[{"id":13318,"href":"https:\/\/hidrosistem.al\/new\/wp-json\/wp\/v2\/product\/4982\/revisions\/13318"}],"wp:featuredmedia":[{"embeddable":true,"href":"https:\/\/hidrosistem.al\/new\/wp-json\/wp\/v2\/media\/4990"}],"wp:attachment":[{"href":"https:\/\/hidrosistem.al\/new\/wp-json\/wp\/v2\/media?parent=4982"}],"wp:term":[{"taxonomy":"product_cat","embeddable":true,"href":"https:\/\/hidrosistem.al\/new\/wp-json\/wp\/v2\/product_cat?post=4982"},{"taxonomy":"product_tag","embeddable":true,"href":"https:\/\/hidrosistem.al\/new\/wp-json\/wp\/v2\/product_tag?post=4982"}],"curies":[{"name":"wp","href":"https:\/\/api.w.org\/{rel}","templated":true}]}}