{"id":4980,"date":"2023-09-29T15:28:40","date_gmt":"2023-09-29T15:28:40","guid":{"rendered":"https:\/\/hidrosistem.al\/new\/?post_type=product&#038;p=4980"},"modified":"2025-12-02T09:39:43","modified_gmt":"2025-12-02T09:39:43","slug":"grup-lavamani-incaso-me-deviator-jo-i-kompletuar-i-zi","status":"publish","type":"product","link":"https:\/\/hidrosistem.al\/new\/product\/grup-lavamani-incaso-me-deviator-jo-i-kompletuar-i-zi\/","title":{"rendered":"Grup lavamani Roca incaso me deviator jo i kompletuar, i zi"},"content":{"rendered":"<p>Dizajn elegant dhe cil\u00ebsi e garantuar. Grupi i lavamanit ROCA ofron funksionim t\u00eb q\u00ebndruesh\u00ebm dhe stil modern. I prodhuar me standardet e larta t\u00eb mark\u00ebs ROCA, garanton kursim uji, q\u00ebndrueshm\u00ebri dhe pamje elegante.<\/p>\n<p>Kodi i productit ne ROCA : <span data-sheets-value=\"{&quot;1&quot;:2,&quot;2&quot;:&quot;A5252206CN&quot;}\" data-sheets-userformat=\"{&quot;2&quot;:12929,&quot;3&quot;:{&quot;1&quot;:0},&quot;10&quot;:2,&quot;12&quot;:0,&quot;15&quot;:&quot;Calibri&quot;,&quot;16&quot;:12}\">A5252206CN<\/span><\/p>\n","protected":false},"excerpt":{"rendered":"<p>Dizajn elegant dhe cil\u00ebsi e garantuar. Grupi i lavamanit ROCA ofron funksionim t\u00eb q\u00ebndruesh\u00ebm dhe stil modern. I prodhuar me<\/p>\n","protected":false},"featured_media":4983,"template":"","meta":[],"product_cat":[340,474,475],"product_tag":[],"class_list":["post-4980","product","type-product","status-publish","has-post-thumbnail","hentry","product_cat-hidrosanitare","product_cat-rubineta","product_cat-rubineta-per-lavaman"],"_links":{"self":[{"href":"https:\/\/hidrosistem.al\/new\/wp-json\/wp\/v2\/product\/4980","targetHints":{"allow":["GET"]}}],"collection":[{"href":"https:\/\/hidrosistem.al\/new\/wp-json\/wp\/v2\/product"}],"about":[{"href":"https:\/\/hidrosistem.al\/new\/wp-json\/wp\/v2\/types\/product"}],"version-history":[{"count":3,"href":"https:\/\/hidrosistem.al\/new\/wp-json\/wp\/v2\/product\/4980\/revisions"}],"predecessor-version":[{"id":13392,"href":"https:\/\/hidrosistem.al\/new\/wp-json\/wp\/v2\/product\/4980\/revisions\/13392"}],"wp:featuredmedia":[{"embeddable":true,"href":"https:\/\/hidrosistem.al\/new\/wp-json\/wp\/v2\/media\/4983"}],"wp:attachment":[{"href":"https:\/\/hidrosistem.al\/new\/wp-json\/wp\/v2\/media?parent=4980"}],"wp:term":[{"taxonomy":"product_cat","embeddable":true,"href":"https:\/\/hidrosistem.al\/new\/wp-json\/wp\/v2\/product_cat?post=4980"},{"taxonomy":"product_tag","embeddable":true,"href":"https:\/\/hidrosistem.al\/new\/wp-json\/wp\/v2\/product_tag?post=4980"}],"curies":[{"name":"wp","href":"https:\/\/api.w.org\/{rel}","templated":true}]}}