{"id":4944,"date":"2023-09-29T15:01:55","date_gmt":"2023-09-29T15:01:55","guid":{"rendered":"https:\/\/hidrosistem.al\/new\/?post_type=product&#038;p=4944"},"modified":"2025-12-01T07:59:51","modified_gmt":"2025-12-01T07:59:51","slug":"laura-gjysem-kollone-lavamani-e-bardhe","status":"publish","type":"product","link":"https:\/\/hidrosistem.al\/new\/product\/laura-gjysem-kollone-lavamani-e-bardhe\/","title":{"rendered":"Gjysm\u00eb Kollone Lavamani Roca e bardh\u00eb"},"content":{"rendered":"<p><span data-sheets-value=\"{&quot;1&quot;:2,&quot;2&quot;:&quot;Koleksioni Victoria : Nj\u00eb p\u00ebrgjigje tradicionale ndaj atmosferave klasike. Kurba elegante dhe funksionale n\u00eb nj\u00eb koleksion t\u00eb gjer\u00eb pjes\u00ebsh q\u00eb kombinojn\u00eb thjesht\u00ebsin\u00eb dhe shkatht\u00ebsin\u00eb.&quot;}\" data-sheets-userformat=\"{&quot;2&quot;:513,&quot;3&quot;:{&quot;1&quot;:0},&quot;12&quot;:0}\">Koleksioni Victoria: <\/span>Estetik\u00eb e past\u00ebr dhe praktike. Gjysm\u00eb kollona e lavamanit mbulon tubacionet pjes\u00ebrisht duke ruajtur pamje t\u00eb rregullt dhe moderne. E prodhuar nga material rezistent, ofron p\u00ebrshtatje t\u00eb leht\u00eb me lavaman\u00ebt dhe instalim t\u00eb thjesht\u00eb.<\/p>\n<p>Kodi i produktit ne ROCA : <span data-sheets-value=\"{&quot;1&quot;:2,&quot;2&quot;:&quot;A336312005&quot;}\" data-sheets-userformat=\"{&quot;2&quot;:12929,&quot;3&quot;:{&quot;1&quot;:0},&quot;10&quot;:2,&quot;12&quot;:0,&quot;15&quot;:&quot;Calibri&quot;,&quot;16&quot;:12}\">A336312005<\/span><br \/>\nDimensionet e produktit : <span data-sheets-value=\"{&quot;1&quot;:2,&quot;2&quot;:&quot;215 x 300 x 345 mm&quot;}\">215 x 300 x 345 mm<\/span><\/p>\n","protected":false},"excerpt":{"rendered":"<p>Koleksioni Victoria: Estetik\u00eb e past\u00ebr dhe praktike. Gjysm\u00eb kollona e lavamanit mbulon tubacionet pjes\u00ebrisht duke ruajtur pamje t\u00eb rregullt dhe<\/p>\n","protected":false},"featured_media":4945,"template":"","meta":[],"product_cat":[340,466,473],"product_tag":[],"class_list":["post-4944","product","type-product","status-publish","has-post-thumbnail","hentry","product_cat-hidrosanitare","product_cat-sanitare","product_cat-aksesore-te-tjere-sanitare"],"_links":{"self":[{"href":"https:\/\/hidrosistem.al\/new\/wp-json\/wp\/v2\/product\/4944","targetHints":{"allow":["GET"]}}],"collection":[{"href":"https:\/\/hidrosistem.al\/new\/wp-json\/wp\/v2\/product"}],"about":[{"href":"https:\/\/hidrosistem.al\/new\/wp-json\/wp\/v2\/types\/product"}],"version-history":[{"count":3,"href":"https:\/\/hidrosistem.al\/new\/wp-json\/wp\/v2\/product\/4944\/revisions"}],"predecessor-version":[{"id":12911,"href":"https:\/\/hidrosistem.al\/new\/wp-json\/wp\/v2\/product\/4944\/revisions\/12911"}],"wp:featuredmedia":[{"embeddable":true,"href":"https:\/\/hidrosistem.al\/new\/wp-json\/wp\/v2\/media\/4945"}],"wp:attachment":[{"href":"https:\/\/hidrosistem.al\/new\/wp-json\/wp\/v2\/media?parent=4944"}],"wp:term":[{"taxonomy":"product_cat","embeddable":true,"href":"https:\/\/hidrosistem.al\/new\/wp-json\/wp\/v2\/product_cat?post=4944"},{"taxonomy":"product_tag","embeddable":true,"href":"https:\/\/hidrosistem.al\/new\/wp-json\/wp\/v2\/product_tag?post=4944"}],"curies":[{"name":"wp","href":"https:\/\/api.w.org\/{rel}","templated":true}]}}