{"id":4941,"date":"2023-09-29T14:56:36","date_gmt":"2023-09-29T14:56:36","guid":{"rendered":"https:\/\/hidrosistem.al\/new\/?post_type=product&#038;p=4941"},"modified":"2025-12-01T08:41:36","modified_gmt":"2025-12-01T08:41:36","slug":"aksesore-banjo-mbajtese-koke-dushi-e-rrumbullaket","status":"publish","type":"product","link":"https:\/\/hidrosistem.al\/new\/product\/aksesore-banjo-mbajtese-koke-dushi-e-rrumbullaket\/","title":{"rendered":"Aksesor tualeti -Mbajt\u00ebse koke dushi Roca e rrumbullak\u00ebt"},"content":{"rendered":"<p>Mbajt\u00ebsja e kok\u00ebs s\u00eb dushit garanton pozicionim t\u00eb q\u00ebndruesh\u00ebm dhe p\u00ebrdorim t\u00eb rehatsh\u00ebm. E prodhuar nga materiale rezistente ndaj lag\u00ebshtir\u00ebs, \u00ebsht\u00eb e leht\u00eb p\u00ebr t\u2019u instaluar dhe p\u00ebrshtatet me shumic\u00ebn e kokave standarde t\u00eb dushit.<\/p>\n<p>Kodi i produktit ne ROCA : <span data-sheets-value=\"{&quot;1&quot;:2,&quot;2&quot;:&quot;AG0068500R&quot;}\" data-sheets-userformat=\"{&quot;2&quot;:12929,&quot;3&quot;:{&quot;1&quot;:0},&quot;10&quot;:2,&quot;12&quot;:0,&quot;15&quot;:&quot;Calibri&quot;,&quot;16&quot;:12}\">AG0068500R<\/span><br \/>\nDimensionet e produktit : <span data-sheets-value=\"{&quot;1&quot;:2,&quot;2&quot;:&quot;200 x 130 x 40 mm&quot;}\">200 x 130 x 40 mm<\/span><\/p>\n","protected":false},"excerpt":{"rendered":"<p>Mbajt\u00ebsja e kok\u00ebs s\u00eb dushit garanton pozicionim t\u00eb q\u00ebndruesh\u00ebm dhe p\u00ebrdorim t\u00eb rehatsh\u00ebm. E prodhuar nga materiale rezistente ndaj lag\u00ebshtir\u00ebs,<\/p>\n","protected":false},"featured_media":4942,"template":"","meta":[],"product_cat":[340,474,480],"product_tag":[],"class_list":["post-4941","product","type-product","status-publish","has-post-thumbnail","hentry","product_cat-hidrosanitare","product_cat-rubineta","product_cat-aksesore-te-tjere-rubineteri"],"_links":{"self":[{"href":"https:\/\/hidrosistem.al\/new\/wp-json\/wp\/v2\/product\/4941","targetHints":{"allow":["GET"]}}],"collection":[{"href":"https:\/\/hidrosistem.al\/new\/wp-json\/wp\/v2\/product"}],"about":[{"href":"https:\/\/hidrosistem.al\/new\/wp-json\/wp\/v2\/types\/product"}],"version-history":[{"count":3,"href":"https:\/\/hidrosistem.al\/new\/wp-json\/wp\/v2\/product\/4941\/revisions"}],"predecessor-version":[{"id":12938,"href":"https:\/\/hidrosistem.al\/new\/wp-json\/wp\/v2\/product\/4941\/revisions\/12938"}],"wp:featuredmedia":[{"embeddable":true,"href":"https:\/\/hidrosistem.al\/new\/wp-json\/wp\/v2\/media\/4942"}],"wp:attachment":[{"href":"https:\/\/hidrosistem.al\/new\/wp-json\/wp\/v2\/media?parent=4941"}],"wp:term":[{"taxonomy":"product_cat","embeddable":true,"href":"https:\/\/hidrosistem.al\/new\/wp-json\/wp\/v2\/product_cat?post=4941"},{"taxonomy":"product_tag","embeddable":true,"href":"https:\/\/hidrosistem.al\/new\/wp-json\/wp\/v2\/product_tag?post=4941"}],"curies":[{"name":"wp","href":"https:\/\/api.w.org\/{rel}","templated":true}]}}