{"id":4936,"date":"2023-09-29T14:52:33","date_gmt":"2023-09-29T14:52:33","guid":{"rendered":"https:\/\/hidrosistem.al\/new\/?post_type=product&#038;p=4936"},"modified":"2025-12-02T10:22:08","modified_gmt":"2025-12-02T10:22:08","slug":"kembe-universale-700x750x800","status":"publish","type":"product","link":"https:\/\/hidrosistem.al\/new\/product\/kembe-universale-700x750x800\/","title":{"rendered":"K\u00ebmb\u00eb universale Roca 700x750x800"},"content":{"rendered":"<p>K\u00ebmb\u00ebt universale ofrojn\u00eb stabilitet t\u00eb lart\u00eb dhe nj\u00eb pamje elegante klasike. Materiali i fort\u00eb garanton q\u00ebndrueshm\u00ebri afatgjat\u00eb, nd\u00ebrsa dizajni dekorativ ofron stil dhe karakter unik.<\/p>\n<p>Kodi i produktit ne ROCA : A248427000<\/p>\n","protected":false},"excerpt":{"rendered":"<p>K\u00ebmb\u00ebt universale ofrojn\u00eb stabilitet t\u00eb lart\u00eb dhe nj\u00eb pamje elegante klasike. Materiali i fort\u00eb garanton q\u00ebndrueshm\u00ebri afatgjat\u00eb, nd\u00ebrsa dizajni dekorativ<\/p>\n","protected":false},"featured_media":4937,"template":"","meta":[],"product_cat":[340,491],"product_tag":[],"class_list":["post-4936","product","type-product","status-publish","has-post-thumbnail","hentry","product_cat-hidrosanitare","product_cat-aksesore-te-tjere-hidrosanitare"],"_links":{"self":[{"href":"https:\/\/hidrosistem.al\/new\/wp-json\/wp\/v2\/product\/4936","targetHints":{"allow":["GET"]}}],"collection":[{"href":"https:\/\/hidrosistem.al\/new\/wp-json\/wp\/v2\/product"}],"about":[{"href":"https:\/\/hidrosistem.al\/new\/wp-json\/wp\/v2\/types\/product"}],"version-history":[{"count":6,"href":"https:\/\/hidrosistem.al\/new\/wp-json\/wp\/v2\/product\/4936\/revisions"}],"predecessor-version":[{"id":13443,"href":"https:\/\/hidrosistem.al\/new\/wp-json\/wp\/v2\/product\/4936\/revisions\/13443"}],"wp:featuredmedia":[{"embeddable":true,"href":"https:\/\/hidrosistem.al\/new\/wp-json\/wp\/v2\/media\/4937"}],"wp:attachment":[{"href":"https:\/\/hidrosistem.al\/new\/wp-json\/wp\/v2\/media?parent=4936"}],"wp:term":[{"taxonomy":"product_cat","embeddable":true,"href":"https:\/\/hidrosistem.al\/new\/wp-json\/wp\/v2\/product_cat?post=4936"},{"taxonomy":"product_tag","embeddable":true,"href":"https:\/\/hidrosistem.al\/new\/wp-json\/wp\/v2\/product_tag?post=4936"}],"curies":[{"name":"wp","href":"https:\/\/api.w.org\/{rel}","templated":true}]}}