{"id":4932,"date":"2023-09-29T14:46:57","date_gmt":"2023-09-29T14:46:57","guid":{"rendered":"https:\/\/hidrosistem.al\/new\/?post_type=product&#038;p=4932"},"modified":"2025-12-01T09:18:43","modified_gmt":"2025-12-01T09:18:43","slug":"aksesor-mbajtese-sapuni","status":"publish","type":"product","link":"https:\/\/hidrosistem.al\/new\/product\/aksesor-mbajtese-sapuni\/","title":{"rendered":"Aksesor tualeti \u2013 Mbajt\u00ebse sapuni"},"content":{"rendered":"<p>Mbajt\u00ebsja e sapunit ofron vendosje t\u00eb rregullt dhe higjienike. Me dizajn funksional dhe materiale rezistente ndaj lag\u00ebshtir\u00ebs, \u00ebsht\u00eb ideale p\u00ebr \u00e7do ambient tualeti.<\/p>\n<p>Kodi i produktit :\u00a0 <span data-sheets-value=\"{&quot;1&quot;:2,&quot;2&quot;:&quot;A5B5150C00&quot;}\" data-sheets-userformat=\"{&quot;2&quot;:12929,&quot;3&quot;:{&quot;1&quot;:0},&quot;10&quot;:2,&quot;12&quot;:0,&quot;15&quot;:&quot;Calibri&quot;,&quot;16&quot;:12}\">A5B5150C00<\/span><\/p>\n","protected":false},"excerpt":{"rendered":"<p>Mbajt\u00ebsja e sapunit ofron vendosje t\u00eb rregullt dhe higjienike. Me dizajn funksional dhe materiale rezistente ndaj lag\u00ebshtir\u00ebs, \u00ebsht\u00eb ideale p\u00ebr<\/p>\n","protected":false},"featured_media":4933,"template":"","meta":[],"product_cat":[340,491],"product_tag":[],"class_list":["post-4932","product","type-product","status-publish","has-post-thumbnail","hentry","product_cat-hidrosanitare","product_cat-aksesore-te-tjere-hidrosanitare"],"_links":{"self":[{"href":"https:\/\/hidrosistem.al\/new\/wp-json\/wp\/v2\/product\/4932","targetHints":{"allow":["GET"]}}],"collection":[{"href":"https:\/\/hidrosistem.al\/new\/wp-json\/wp\/v2\/product"}],"about":[{"href":"https:\/\/hidrosistem.al\/new\/wp-json\/wp\/v2\/types\/product"}],"version-history":[{"count":3,"href":"https:\/\/hidrosistem.al\/new\/wp-json\/wp\/v2\/product\/4932\/revisions"}],"predecessor-version":[{"id":12987,"href":"https:\/\/hidrosistem.al\/new\/wp-json\/wp\/v2\/product\/4932\/revisions\/12987"}],"wp:featuredmedia":[{"embeddable":true,"href":"https:\/\/hidrosistem.al\/new\/wp-json\/wp\/v2\/media\/4933"}],"wp:attachment":[{"href":"https:\/\/hidrosistem.al\/new\/wp-json\/wp\/v2\/media?parent=4932"}],"wp:term":[{"taxonomy":"product_cat","embeddable":true,"href":"https:\/\/hidrosistem.al\/new\/wp-json\/wp\/v2\/product_cat?post=4932"},{"taxonomy":"product_tag","embeddable":true,"href":"https:\/\/hidrosistem.al\/new\/wp-json\/wp\/v2\/product_tag?post=4932"}],"curies":[{"name":"wp","href":"https:\/\/api.w.org\/{rel}","templated":true}]}}