{"id":4921,"date":"2023-09-29T14:38:29","date_gmt":"2023-09-29T14:38:29","guid":{"rendered":"https:\/\/hidrosistem.al\/new\/?post_type=product&#038;p=4921"},"modified":"2025-12-01T09:05:58","modified_gmt":"2025-12-01T09:05:58","slug":"aksesore-banjo-krahe-koke-dushi-i-drejt-100mm","status":"publish","type":"product","link":"https:\/\/hidrosistem.al\/new\/product\/aksesore-banjo-krahe-koke-dushi-i-drejt-100mm\/","title":{"rendered":"Aksesor tualeti -Krah\u00eb kok\u00eb dushi i drejt\u00eb 100 mm"},"content":{"rendered":"<p>Krahu i drejt\u00eb i kok\u00ebs s\u00eb dushit siguron fiksim t\u00eb fort\u00eb dhe drejtim optimal t\u00eb ujit. I prodhuar nga materiale rezistente ndaj lag\u00ebshtir\u00ebs, garanton jet\u00ebgjat\u00ebsi dhe instalim t\u00eb leht\u00eb n\u00eb \u00e7do ambient tualeti.<\/p>\n<p>Kodi i produktit :A5B0450C00<br \/>\nDimensionet e produktit :<span id=\"dim-txt\">100 mm<\/span><\/p>\n","protected":false},"excerpt":{"rendered":"<p>Krahu i drejt\u00eb i kok\u00ebs s\u00eb dushit siguron fiksim t\u00eb fort\u00eb dhe drejtim optimal t\u00eb ujit. I prodhuar nga materiale<\/p>\n","protected":false},"featured_media":4922,"template":"","meta":[],"product_cat":[340,474,480],"product_tag":[],"class_list":["post-4921","product","type-product","status-publish","has-post-thumbnail","hentry","product_cat-hidrosanitare","product_cat-rubineta","product_cat-aksesore-te-tjere-rubineteri"],"_links":{"self":[{"href":"https:\/\/hidrosistem.al\/new\/wp-json\/wp\/v2\/product\/4921","targetHints":{"allow":["GET"]}}],"collection":[{"href":"https:\/\/hidrosistem.al\/new\/wp-json\/wp\/v2\/product"}],"about":[{"href":"https:\/\/hidrosistem.al\/new\/wp-json\/wp\/v2\/types\/product"}],"version-history":[{"count":3,"href":"https:\/\/hidrosistem.al\/new\/wp-json\/wp\/v2\/product\/4921\/revisions"}],"predecessor-version":[{"id":12958,"href":"https:\/\/hidrosistem.al\/new\/wp-json\/wp\/v2\/product\/4921\/revisions\/12958"}],"wp:featuredmedia":[{"embeddable":true,"href":"https:\/\/hidrosistem.al\/new\/wp-json\/wp\/v2\/media\/4922"}],"wp:attachment":[{"href":"https:\/\/hidrosistem.al\/new\/wp-json\/wp\/v2\/media?parent=4921"}],"wp:term":[{"taxonomy":"product_cat","embeddable":true,"href":"https:\/\/hidrosistem.al\/new\/wp-json\/wp\/v2\/product_cat?post=4921"},{"taxonomy":"product_tag","embeddable":true,"href":"https:\/\/hidrosistem.al\/new\/wp-json\/wp\/v2\/product_tag?post=4921"}],"curies":[{"name":"wp","href":"https:\/\/api.w.org\/{rel}","templated":true}]}}