{"id":4917,"date":"2023-09-29T14:31:03","date_gmt":"2023-09-29T14:31:03","guid":{"rendered":"https:\/\/hidrosistem.al\/new\/?post_type=product&#038;p=4917"},"modified":"2025-12-01T09:05:43","modified_gmt":"2025-12-01T09:05:43","slug":"aksesore-banjo-krahe-koke-dushi-300x75mm","status":"publish","type":"product","link":"https:\/\/hidrosistem.al\/new\/product\/aksesore-banjo-krahe-koke-dushi-300x75mm\/","title":{"rendered":"Aksesor tualeti -Krah\u00eb kok\u00eb dushi 300&#215;75 mm"},"content":{"rendered":"<p>Krah\u00ebt e kok\u00ebs s\u00eb dushit ofrojn\u00eb montim t\u00eb q\u00ebndruesh\u00ebm dhe k\u00ebnd optimal p\u00ebr rrjedhjen e ujit. Me materiale rezistente ndaj lag\u00ebshtir\u00ebs, garantojn\u00eb jet\u00ebgjat\u00ebsi dhe instalim t\u00eb leht\u00eb.<\/p>\n<p>Kodi i produktit : A5B0150C00<br \/>\nDimensionet e produktit : <span id=\"dim-txt\">300 x 75 mm<\/span><\/p>\n","protected":false},"excerpt":{"rendered":"<p>Krah\u00ebt e kok\u00ebs s\u00eb dushit ofrojn\u00eb montim t\u00eb q\u00ebndruesh\u00ebm dhe k\u00ebnd optimal p\u00ebr rrjedhjen e ujit. Me materiale rezistente ndaj<\/p>\n","protected":false},"featured_media":4918,"template":"","meta":[],"product_cat":[340,474,480],"product_tag":[],"class_list":["post-4917","product","type-product","status-publish","has-post-thumbnail","hentry","product_cat-hidrosanitare","product_cat-rubineta","product_cat-aksesore-te-tjere-rubineteri"],"_links":{"self":[{"href":"https:\/\/hidrosistem.al\/new\/wp-json\/wp\/v2\/product\/4917","targetHints":{"allow":["GET"]}}],"collection":[{"href":"https:\/\/hidrosistem.al\/new\/wp-json\/wp\/v2\/product"}],"about":[{"href":"https:\/\/hidrosistem.al\/new\/wp-json\/wp\/v2\/types\/product"}],"version-history":[{"count":3,"href":"https:\/\/hidrosistem.al\/new\/wp-json\/wp\/v2\/product\/4917\/revisions"}],"predecessor-version":[{"id":12960,"href":"https:\/\/hidrosistem.al\/new\/wp-json\/wp\/v2\/product\/4917\/revisions\/12960"}],"wp:featuredmedia":[{"embeddable":true,"href":"https:\/\/hidrosistem.al\/new\/wp-json\/wp\/v2\/media\/4918"}],"wp:attachment":[{"href":"https:\/\/hidrosistem.al\/new\/wp-json\/wp\/v2\/media?parent=4917"}],"wp:term":[{"taxonomy":"product_cat","embeddable":true,"href":"https:\/\/hidrosistem.al\/new\/wp-json\/wp\/v2\/product_cat?post=4917"},{"taxonomy":"product_tag","embeddable":true,"href":"https:\/\/hidrosistem.al\/new\/wp-json\/wp\/v2\/product_tag?post=4917"}],"curies":[{"name":"wp","href":"https:\/\/api.w.org\/{rel}","templated":true}]}}