{"id":4908,"date":"2023-09-29T14:23:21","date_gmt":"2023-09-29T14:23:21","guid":{"rendered":"https:\/\/hidrosistem.al\/new\/?post_type=product&#038;p=4908"},"modified":"2025-11-19T08:12:15","modified_gmt":"2025-11-19T08:12:15","slug":"kapak-perforcues-ne-forme-l-je-per-vaske-vythos","status":"publish","type":"product","link":"https:\/\/hidrosistem.al\/new\/product\/kapak-perforcues-ne-forme-l-je-per-vaske-vythos\/","title":{"rendered":"Kapak p\u00ebrforcues n\u00eb form\u00eb L-je p\u00ebr vask\u00eb Vythos"},"content":{"rendered":"<p data-start=\"187\" data-end=\"469\">Kapaku p\u00ebrforcues n\u00eb form\u00eb L-je siguron mb\u00ebshtetje shtes\u00eb p\u00ebr vask\u00ebn, duke rritur q\u00ebndrueshm\u00ebrin\u00eb dhe duke parandaluar deformimet gjat\u00eb p\u00ebrdorimit. Dizajni L-form\u00eb mund\u00ebson instalim t\u00eb fort\u00eb dhe t\u00eb sigurt, nd\u00ebrsa materiali rezistent garanton jet\u00ebgjat\u00ebsi dhe funksionalitet t\u00eb lart\u00eb.<\/p>\n<p>Kodi i produktit : A259830000<br \/>\nDimensionet e produktit : <span id=\"dim-txt\">1700 x 800 mm<\/span><\/p>\n","protected":false},"excerpt":{"rendered":"<p>Kapaku p\u00ebrforcues n\u00eb form\u00eb L-je siguron mb\u00ebshtetje shtes\u00eb p\u00ebr vask\u00ebn, duke rritur q\u00ebndrueshm\u00ebrin\u00eb dhe duke parandaluar deformimet gjat\u00eb p\u00ebrdorimit. Dizajni<\/p>\n","protected":false},"featured_media":4909,"template":"","meta":[],"product_cat":[340,481,484],"product_tag":[],"class_list":["post-4908","product","type-product","status-publish","has-post-thumbnail","hentry","product_cat-hidrosanitare","product_cat-vaska","product_cat-aksesore-per-vaska"],"_links":{"self":[{"href":"https:\/\/hidrosistem.al\/new\/wp-json\/wp\/v2\/product\/4908","targetHints":{"allow":["GET"]}}],"collection":[{"href":"https:\/\/hidrosistem.al\/new\/wp-json\/wp\/v2\/product"}],"about":[{"href":"https:\/\/hidrosistem.al\/new\/wp-json\/wp\/v2\/types\/product"}],"version-history":[{"count":3,"href":"https:\/\/hidrosistem.al\/new\/wp-json\/wp\/v2\/product\/4908\/revisions"}],"predecessor-version":[{"id":12828,"href":"https:\/\/hidrosistem.al\/new\/wp-json\/wp\/v2\/product\/4908\/revisions\/12828"}],"wp:featuredmedia":[{"embeddable":true,"href":"https:\/\/hidrosistem.al\/new\/wp-json\/wp\/v2\/media\/4909"}],"wp:attachment":[{"href":"https:\/\/hidrosistem.al\/new\/wp-json\/wp\/v2\/media?parent=4908"}],"wp:term":[{"taxonomy":"product_cat","embeddable":true,"href":"https:\/\/hidrosistem.al\/new\/wp-json\/wp\/v2\/product_cat?post=4908"},{"taxonomy":"product_tag","embeddable":true,"href":"https:\/\/hidrosistem.al\/new\/wp-json\/wp\/v2\/product_tag?post=4908"}],"curies":[{"name":"wp","href":"https:\/\/api.w.org\/{rel}","templated":true}]}}