{"id":4900,"date":"2023-09-29T14:14:41","date_gmt":"2023-09-29T14:14:41","guid":{"rendered":"https:\/\/hidrosistem.al\/new\/?post_type=product&#038;p=4900"},"modified":"2025-11-19T08:09:17","modified_gmt":"2025-11-19T08:09:17","slug":"kaset-inkaso-me-konstruksion-te-plote-1320mm-blu-per-pishuar","status":"publish","type":"product","link":"https:\/\/hidrosistem.al\/new\/product\/kaset-inkaso-me-konstruksion-te-plote-1320mm-blu-per-pishuar\/","title":{"rendered":"Kaset\u00eb inkaso Roca me konstruksion t\u00eb plot\u00eb p\u00ebr pishuar"},"content":{"rendered":"<p>Kaseta p\u00ebr pishuar siguron shkarkim t\u00eb fsheht\u00eb dhe t\u00eb qet\u00eb, duke ofruar nj\u00eb pamje moderne dhe t\u00eb past\u00ebr n\u00eb tualet. Me mekaniz\u00ebm t\u00eb q\u00ebndruesh\u00ebm dhe kursim uji, ajo garanton funksionim higjienik, jet\u00ebgjat\u00ebsi dhe instalim t\u00eb sigurt pas murit.<\/p>\n<p>Kodi i produktit : <span data-sheets-value=\"{&quot;1&quot;:2,&quot;2&quot;:&quot;A890094100&quot;}\" data-sheets-userformat=\"{&quot;2&quot;:12929,&quot;3&quot;:{&quot;1&quot;:0},&quot;10&quot;:2,&quot;12&quot;:0,&quot;15&quot;:&quot;Calibri&quot;,&quot;16&quot;:12}\">A890094100<\/span><br \/>\nDimensionet e produktit : <span data-sheets-value=\"{&quot;1&quot;:2,&quot;2&quot;:&quot;500 x 130 x 1320 mm&quot;}\">500 x 130 x 1320 mm<\/span><\/p>\n","protected":false},"excerpt":{"rendered":"<p>Kaseta p\u00ebr pishuar siguron shkarkim t\u00eb fsheht\u00eb dhe t\u00eb qet\u00eb, duke ofruar nj\u00eb pamje moderne dhe t\u00eb past\u00ebr n\u00eb tualet.<\/p>\n","protected":false},"featured_media":4901,"template":"","meta":[],"product_cat":[340,489,528],"product_tag":[],"class_list":["post-4900","product","type-product","status-publish","has-post-thumbnail","hentry","product_cat-hidrosanitare","product_cat-kaseta-inkaso","product_cat-kaseta"],"_links":{"self":[{"href":"https:\/\/hidrosistem.al\/new\/wp-json\/wp\/v2\/product\/4900","targetHints":{"allow":["GET"]}}],"collection":[{"href":"https:\/\/hidrosistem.al\/new\/wp-json\/wp\/v2\/product"}],"about":[{"href":"https:\/\/hidrosistem.al\/new\/wp-json\/wp\/v2\/types\/product"}],"version-history":[{"count":3,"href":"https:\/\/hidrosistem.al\/new\/wp-json\/wp\/v2\/product\/4900\/revisions"}],"predecessor-version":[{"id":12825,"href":"https:\/\/hidrosistem.al\/new\/wp-json\/wp\/v2\/product\/4900\/revisions\/12825"}],"wp:featuredmedia":[{"embeddable":true,"href":"https:\/\/hidrosistem.al\/new\/wp-json\/wp\/v2\/media\/4901"}],"wp:attachment":[{"href":"https:\/\/hidrosistem.al\/new\/wp-json\/wp\/v2\/media?parent=4900"}],"wp:term":[{"taxonomy":"product_cat","embeddable":true,"href":"https:\/\/hidrosistem.al\/new\/wp-json\/wp\/v2\/product_cat?post=4900"},{"taxonomy":"product_tag","embeddable":true,"href":"https:\/\/hidrosistem.al\/new\/wp-json\/wp\/v2\/product_tag?post=4900"}],"curies":[{"name":"wp","href":"https:\/\/api.w.org\/{rel}","templated":true}]}}