{"id":4454,"date":"2023-09-28T14:32:59","date_gmt":"2023-09-28T14:32:59","guid":{"rendered":"https:\/\/hidrosistem.al\/new\/?post_type=product&#038;p=4454"},"modified":"2023-09-28T14:36:28","modified_gmt":"2023-09-28T14:36:28","slug":"daikin-altherma-3-h-ht-ech2o-etsx16e7","status":"publish","type":"product","link":"https:\/\/hidrosistem.al\/new\/product\/daikin-altherma-3-h-ht-ech2o-etsx16e7\/","title":{"rendered":"Daikin Altherma 3 H HT ECH2O &#8211; ETSX16E7"},"content":{"rendered":"<ul>\n<li>Nj\u00ebsi diellore e integruar, q\u00eb ofron komoditet maksimal n\u00eb ngrohje, ftohje dhe uj\u00eb t\u00eb ngroht\u00eb<\/li>\n<li>Depozit\u00eb pa nevoj\u00eb mir\u00ebmbajtjeje: pa g\u00ebrryerje, anod\u00eb, depozitime \u00e7m\u00ebrsi ose g\u00eblqerore, dhe pa humbje t\u00eb ujit p\u00ebrmes valvul\u00ebs s\u00eb siguris\u00eb<\/li>\n<li>P\u00ebrdorimi maksimal i energjis\u00eb s\u00eb rinovueshme: shfryt\u00ebzon teknologjin\u00eb e pomp\u00ebs s\u00eb nxeht\u00ebsis\u00eb p\u00ebr ngrohje dhe mb\u00ebshtetje diellore p\u00ebr ngrohjen e hap\u00ebsirave dhe prodhim t\u00eb ujit t\u00eb ngroht\u00eb sht\u00ebpiak<\/li>\n<li>Parimet e ujit t\u00eb fresk\u00ebt: uj\u00eb higjienik, pa qen\u00eb nevoja p\u00ebr dezinfektim termik p\u00ebr legjionel\u00eb<\/li>\n<li>Konfigurim i shpejt\u00eb n\u00eb 9 hapa n\u00eb nj\u00eb asistent t\u00eb nd\u00ebrfaqes me ngjyra me rezolucion t\u00eb lart\u00eb<\/li>\n<\/ul>\n","protected":false},"excerpt":{"rendered":"<p>Nj\u00ebsi diellore e integruar, q\u00eb ofron komoditet maksimal n\u00eb ngrohje, ftohje dhe uj\u00eb t\u00eb ngroht\u00eb Depozit\u00eb pa nevoj\u00eb mir\u00ebmbajtjeje: pa<\/p>\n","protected":false},"featured_media":4455,"template":"","meta":[],"product_cat":[339],"product_tag":[],"class_list":["post-4454","product","type-product","status-publish","has-post-thumbnail","hentry","product_cat-altherma"],"_links":{"self":[{"href":"https:\/\/hidrosistem.al\/new\/wp-json\/wp\/v2\/product\/4454","targetHints":{"allow":["GET"]}}],"collection":[{"href":"https:\/\/hidrosistem.al\/new\/wp-json\/wp\/v2\/product"}],"about":[{"href":"https:\/\/hidrosistem.al\/new\/wp-json\/wp\/v2\/types\/product"}],"version-history":[{"count":1,"href":"https:\/\/hidrosistem.al\/new\/wp-json\/wp\/v2\/product\/4454\/revisions"}],"predecessor-version":[{"id":4461,"href":"https:\/\/hidrosistem.al\/new\/wp-json\/wp\/v2\/product\/4454\/revisions\/4461"}],"wp:featuredmedia":[{"embeddable":true,"href":"https:\/\/hidrosistem.al\/new\/wp-json\/wp\/v2\/media\/4455"}],"wp:attachment":[{"href":"https:\/\/hidrosistem.al\/new\/wp-json\/wp\/v2\/media?parent=4454"}],"wp:term":[{"taxonomy":"product_cat","embeddable":true,"href":"https:\/\/hidrosistem.al\/new\/wp-json\/wp\/v2\/product_cat?post=4454"},{"taxonomy":"product_tag","embeddable":true,"href":"https:\/\/hidrosistem.al\/new\/wp-json\/wp\/v2\/product_tag?post=4454"}],"curies":[{"name":"wp","href":"https:\/\/api.w.org\/{rel}","templated":true}]}}