{"id":4443,"date":"2023-09-28T13:40:48","date_gmt":"2023-09-28T13:40:48","guid":{"rendered":"https:\/\/hidrosistem.al\/new\/?post_type=product&#038;p=4443"},"modified":"2023-09-28T13:40:49","modified_gmt":"2023-09-28T13:40:49","slug":"fwxv-atv3","status":"publish","type":"product","link":"https:\/\/hidrosistem.al\/new\/product\/fwxv-atv3\/","title":{"rendered":"FWXV-ATV3"},"content":{"rendered":"<ul>\n<li>Kapacitet i lart\u00eb ngroh\u00ebs\/ftoh\u00ebs p\u00ebrmes konveksionit t\u00eb detyruar<\/li>\n<li>Presioni i zhurm\u00ebs 25 dB(A) n\u00eb 1 m<\/li>\n<li>Lidhja e tubacioneve n\u00eb an\u00ebn e majt\u00eb<\/li>\n<li>Optimizuar p\u00ebr kombinimin me pompat e nxeht\u00ebsis\u00eb, T e qarkullimit (\u00b0C) ulet n\u00eb 35 \u00b0C n\u00eb regjimin e ngrohjes<\/li>\n<li>Fal\u00eb nj\u00eb sensori opsional CO2, n\u00eb dhom\u00eb furnizohet aj\u00ebr i fresk\u00ebt kur nivelet e CO2 jan\u00eb mbi prag<\/li>\n<\/ul>\n","protected":false},"excerpt":{"rendered":"<p>Kapacitet i lart\u00eb ngroh\u00ebs\/ftoh\u00ebs p\u00ebrmes konveksionit t\u00eb detyruar Presioni i zhurm\u00ebs 25 dB(A) n\u00eb 1 m Lidhja e tubacioneve n\u00eb<\/p>\n","protected":false},"featured_media":4447,"template":"","meta":[],"product_cat":[338],"product_tag":[],"class_list":["post-4443","product","type-product","status-publish","has-post-thumbnail","hentry","product_cat-chiller-fan-coil"],"_links":{"self":[{"href":"https:\/\/hidrosistem.al\/new\/wp-json\/wp\/v2\/product\/4443","targetHints":{"allow":["GET"]}}],"collection":[{"href":"https:\/\/hidrosistem.al\/new\/wp-json\/wp\/v2\/product"}],"about":[{"href":"https:\/\/hidrosistem.al\/new\/wp-json\/wp\/v2\/types\/product"}],"version-history":[{"count":1,"href":"https:\/\/hidrosistem.al\/new\/wp-json\/wp\/v2\/product\/4443\/revisions"}],"predecessor-version":[{"id":4449,"href":"https:\/\/hidrosistem.al\/new\/wp-json\/wp\/v2\/product\/4443\/revisions\/4449"}],"wp:featuredmedia":[{"embeddable":true,"href":"https:\/\/hidrosistem.al\/new\/wp-json\/wp\/v2\/media\/4447"}],"wp:attachment":[{"href":"https:\/\/hidrosistem.al\/new\/wp-json\/wp\/v2\/media?parent=4443"}],"wp:term":[{"taxonomy":"product_cat","embeddable":true,"href":"https:\/\/hidrosistem.al\/new\/wp-json\/wp\/v2\/product_cat?post=4443"},{"taxonomy":"product_tag","embeddable":true,"href":"https:\/\/hidrosistem.al\/new\/wp-json\/wp\/v2\/product_tag?post=4443"}],"curies":[{"name":"wp","href":"https:\/\/api.w.org\/{rel}","templated":true}]}}