{"id":3535,"date":"2023-09-22T17:31:20","date_gmt":"2023-09-22T17:31:20","guid":{"rendered":"https:\/\/hidrosistem.al\/new\/?post_type=product&#038;p=3535"},"modified":"2023-09-22T17:38:22","modified_gmt":"2023-09-22T17:38:22","slug":"model-tk-profesional-50kw-60kw","status":"publish","type":"product","link":"https:\/\/hidrosistem.al\/new\/product\/model-tk-profesional-50kw-60kw\/","title":{"rendered":"MODEL TK-PROFESIONAL 50KW-60KW"},"content":{"rendered":"<p>Kaldaja elektrike me uj\u00eb t\u00eb ngroht\u00eb TK-Professional jan\u00eb t\u00eb destinuara p\u00ebr ngrohjen e hap\u00ebsirave m\u00eb t\u00eb m\u00ebdha, sht\u00ebpive, nd\u00ebrtesave t\u00eb banimit, sallave t\u00eb prodhimit, ambjenteve afariste etj&#8230; Dallohen p\u00ebr nd\u00ebrtim t\u00eb fort\u00eb, montim t\u00eb thjesht\u00eb, funksionim t\u00eb besuesh\u00ebm dhe jet\u00ebgjat\u00ebsi t\u00eb gjat\u00eb sh\u00ebrbimi. Zgjidhjet teknike jan\u00eb ato q\u00eb i dallojn\u00eb produktet tona nga konkurrenca. Kaldaja me fuqi 50 kW dhe m\u00eb e lart\u00eb b\u00ebhen me nj\u00eb nj\u00ebsi procesori dhe nj\u00eb ekran LCD. Gjegj\u00ebsisht, ato jan\u00eb t\u00eb pajisura me nj\u00eb nj\u00ebsi procesori t\u00eb zhvilluar nga kompania jon\u00eb p\u00ebr nevojat e bojlerit elektrik t\u00eb prodhuar p\u00ebr kompanin\u00eb ROBERT BOSCH. Nd\u00ebrtimi i bojlerit lejon akses t\u00eb leht\u00eb n\u00eb t\u00eb gjith\u00eb komponent\u00ebt. Ajrimi \u00ebsht\u00eb automatik dhe rregullimi i temperatur\u00ebs \u00ebsht\u00eb shum\u00eb i sakt\u00eb me an\u00eb t\u00eb procesorit q\u00eb rregullon fuqin\u00eb dhe p\u00ebr rrjedhoj\u00eb temperatur\u00ebn. K\u00ebto kaldaja jan\u00eb t\u00eb destinuara p\u00ebr instalim n\u00eb dysheme.<\/p>\n","protected":false},"excerpt":{"rendered":"<p>Kaldaja elektrike me uj\u00eb t\u00eb ngroht\u00eb TK-Professional jan\u00eb t\u00eb destinuara p\u00ebr ngrohjen e hap\u00ebsirave m\u00eb t\u00eb m\u00ebdha, sht\u00ebpive, nd\u00ebrtesave t\u00eb<\/p>\n","protected":false},"featured_media":3545,"template":"","meta":[],"product_cat":[364],"product_tag":[],"class_list":["post-3535","product","type-product","status-publish","has-post-thumbnail","hentry","product_cat-kaldaja-elektrike"],"_links":{"self":[{"href":"https:\/\/hidrosistem.al\/new\/wp-json\/wp\/v2\/product\/3535","targetHints":{"allow":["GET"]}}],"collection":[{"href":"https:\/\/hidrosistem.al\/new\/wp-json\/wp\/v2\/product"}],"about":[{"href":"https:\/\/hidrosistem.al\/new\/wp-json\/wp\/v2\/types\/product"}],"version-history":[{"count":1,"href":"https:\/\/hidrosistem.al\/new\/wp-json\/wp\/v2\/product\/3535\/revisions"}],"predecessor-version":[{"id":3540,"href":"https:\/\/hidrosistem.al\/new\/wp-json\/wp\/v2\/product\/3535\/revisions\/3540"}],"wp:featuredmedia":[{"embeddable":true,"href":"https:\/\/hidrosistem.al\/new\/wp-json\/wp\/v2\/media\/3545"}],"wp:attachment":[{"href":"https:\/\/hidrosistem.al\/new\/wp-json\/wp\/v2\/media?parent=3535"}],"wp:term":[{"taxonomy":"product_cat","embeddable":true,"href":"https:\/\/hidrosistem.al\/new\/wp-json\/wp\/v2\/product_cat?post=3535"},{"taxonomy":"product_tag","embeddable":true,"href":"https:\/\/hidrosistem.al\/new\/wp-json\/wp\/v2\/product_tag?post=3535"}],"curies":[{"name":"wp","href":"https:\/\/api.w.org\/{rel}","templated":true}]}}