{"id":3493,"date":"2023-09-22T16:41:07","date_gmt":"2023-09-22T16:41:07","guid":{"rendered":"https:\/\/hidrosistem.al\/new\/?post_type=product&#038;p=3493"},"modified":"2023-09-22T16:45:56","modified_gmt":"2023-09-22T16:45:56","slug":"procesor-mtronic-7000-6kw-24kw-montim-i-larte-ne-mur","status":"publish","type":"product","link":"https:\/\/hidrosistem.al\/new\/product\/procesor-mtronic-7000-6kw-24kw-montim-i-larte-ne-mur\/","title":{"rendered":"PROCESOR &#8211; MTRONIC 7000 6KW &#8211; 24KW MONTIM I LARTE NE MUR"},"content":{"rendered":"<p>Modeli i ri mTronic 7000 \u00ebsht\u00eb kaldaja elektrike m\u00eb perfekte, q\u00eb rrjedh nga modeli eTronic 7000 q\u00eb Mikotherm prodhoi p\u00ebr kompanin\u00eb gjermane Robert Bosch. N\u00eb Mikoterm jan\u00eb b\u00ebr\u00eb zgjidhje t\u00eb plota projektuese dhe teknike. Avantazhi m\u00eb i madh \u00ebsht\u00eb nd\u00ebrfaqja e p\u00ebrdoruesit, m\u00ebnyra p\u00ebr t\u00eb monitoruar dhe mbrojtur si bojlerin ashtu edhe parametrat e sistemit t\u00eb plot\u00eb t\u00eb ngrohjes. N\u00eb k\u00ebt\u00eb model, si n\u00eb t\u00eb gjitha modelet e kaldajave Mikoterm, jan\u00eb instaluar vet\u00ebm komponent\u00eb cil\u00ebsor\u00eb nga prodhues t\u00eb njohur vendas dhe t\u00eb huaj: Siemens, Wilo, Wago, Benedict, ETI, Zilio, Finder, Caleffi, Sintermetal&#8230; Kaldaja \u00ebsht\u00eb kontrollohet n\u00ebp\u00ebrmjet nj\u00eb nj\u00ebsie procesori dhe nj\u00eb ekrani t\u00eb madh LCD. Nj\u00ebsia e procesorit siguron monitorimin e t\u00eb gjitha karakteristikave thelb\u00ebsore t\u00eb bojlerit dhe vet\u00eb sistemit t\u00eb ngrohjes ( video &#8211; p\u00ebrshkrimi i funksioneve t\u00eb CPU). Kjo siguron funksionimin e sigurt dhe afatgjat\u00eb t\u00eb bojlerit. Ekrani LCD mund\u00ebson vendosjen e qart\u00eb dhe t\u00eb sakt\u00eb t\u00eb parametrave jetik n\u00eb pajisje. Cil\u00ebsimi thjeshtohet maksimalisht n\u00ebp\u00ebrmjet 4 butonave t\u00eb but\u00eb me prekje. N\u00ebp\u00ebrmjet nj\u00ebsis\u00eb s\u00eb procesorit, mund t\u00eb monitorohet koha e funksionimit t\u00eb secilit ngroh\u00ebs ve\u00e7 e ve\u00e7, si dhe e gjith\u00eb pajisjes. Modaliteti i funksionimit mund t\u00eb vendoset n\u00eb modalitetin normal dhe kund\u00ebr ngrirjes. Dizajni i sakt\u00eb siguron pun\u00eb shum\u00eb t\u00eb leht\u00eb p\u00ebr riparuesit dhe instaluesit. Pajisja ka 4 nivele mbrojtjeje dhe alarme paralajm\u00ebruese n\u00ebse disa parametra jan\u00eb n\u00eb vlera kritike ( gabimet e videos dhe paralajm\u00ebrimet e CPU ). mTronic7000 \u00ebsht\u00eb m\u00eb i avancuar se eTronic7000 p\u00ebr funksionet e m\u00ebposhtme:<\/p>\n<ul>\n<li>Mund\u00ebsia e zgjedhjes s\u00eb prioriteteve n\u00eb pun\u00eb: ngrohja ose p\u00ebrgatitja e ujit t\u00eb ngroht\u00eb sht\u00ebpiak<\/li>\n<li>Funksioni i mbrojtjes nga ngrirja (mbrojtja nga ngrica) e ujit n\u00eb sistem n\u00eb temperatura t\u00eb ul\u00ebta<\/li>\n<li>Zgjedhja e nivelit t\u00eb modulimit (zvog\u00eblimit) t\u00eb fuqis\u00eb s\u00eb angazhuar t\u00eb bojlerit gjat\u00eb funksionimit, i cili kontribuon n\u00eb konsumin m\u00eb t\u00eb ul\u00ebt t\u00eb energjis\u00eb elektrike<\/li>\n<\/ul>\n","protected":false},"excerpt":{"rendered":"<p>Modeli i ri mTronic 7000 \u00ebsht\u00eb kaldaja elektrike m\u00eb perfekte, q\u00eb rrjedh nga modeli eTronic 7000 q\u00eb Mikotherm prodhoi p\u00ebr<\/p>\n","protected":false},"featured_media":3494,"template":"","meta":[],"product_cat":[364],"product_tag":[],"class_list":["post-3493","product","type-product","status-publish","has-post-thumbnail","hentry","product_cat-kaldaja-elektrike"],"_links":{"self":[{"href":"https:\/\/hidrosistem.al\/new\/wp-json\/wp\/v2\/product\/3493","targetHints":{"allow":["GET"]}}],"collection":[{"href":"https:\/\/hidrosistem.al\/new\/wp-json\/wp\/v2\/product"}],"about":[{"href":"https:\/\/hidrosistem.al\/new\/wp-json\/wp\/v2\/types\/product"}],"version-history":[{"count":1,"href":"https:\/\/hidrosistem.al\/new\/wp-json\/wp\/v2\/product\/3493\/revisions"}],"predecessor-version":[{"id":3500,"href":"https:\/\/hidrosistem.al\/new\/wp-json\/wp\/v2\/product\/3493\/revisions\/3500"}],"wp:featuredmedia":[{"embeddable":true,"href":"https:\/\/hidrosistem.al\/new\/wp-json\/wp\/v2\/media\/3494"}],"wp:attachment":[{"href":"https:\/\/hidrosistem.al\/new\/wp-json\/wp\/v2\/media?parent=3493"}],"wp:term":[{"taxonomy":"product_cat","embeddable":true,"href":"https:\/\/hidrosistem.al\/new\/wp-json\/wp\/v2\/product_cat?post=3493"},{"taxonomy":"product_tag","embeddable":true,"href":"https:\/\/hidrosistem.al\/new\/wp-json\/wp\/v2\/product_tag?post=3493"}],"curies":[{"name":"wp","href":"https:\/\/api.w.org\/{rel}","templated":true}]}}