{"id":3476,"date":"2023-09-22T14:14:52","date_gmt":"2023-09-22T14:14:52","guid":{"rendered":"https:\/\/hidrosistem.al\/new\/?post_type=product&#038;p=3476"},"modified":"2023-09-22T14:15:19","modified_gmt":"2023-09-22T14:15:19","slug":"ats-80-prism","status":"publish","type":"product","link":"https:\/\/hidrosistem.al\/new\/product\/ats-80-prism\/","title":{"rendered":"ATS 80 PRISM"},"content":{"rendered":"<div class=\"product attribute overview\">\n<div class=\"value\">Oxhak POLIGONAL ENERGJIK ME KALDAJ UJI ME EFI\u00c7ENCA TE LART\u00cb TERMIKE Der\u00eb<br \/>\nhap\u00ebse &amp; rr\u00ebshqit\u00ebse.\u00a0Me \u00e7el\u00ebs t\u00eb rregulluesh\u00ebm ajri dhe sigurie,<br \/>\nkristal qeramik zjarrdurues rezistent deri n\u00eb 750\u00b0C dhe perde ajri.<\/div>\n<\/div>\n","protected":false},"excerpt":{"rendered":"<p>Oxhak POLIGONAL ENERGJIK ME KALDAJ UJI ME EFI\u00c7ENCA TE LART\u00cb TERMIKE Der\u00eb hap\u00ebse &amp; rr\u00ebshqit\u00ebse.\u00a0Me \u00e7el\u00ebs t\u00eb rregulluesh\u00ebm ajri dhe<\/p>\n","protected":false},"featured_media":3477,"template":"","meta":[],"product_cat":[349],"product_tag":[],"class_list":["post-3476","product","type-product","status-publish","has-post-thumbnail","hentry","product_cat-oxhaqe"],"_links":{"self":[{"href":"https:\/\/hidrosistem.al\/new\/wp-json\/wp\/v2\/product\/3476","targetHints":{"allow":["GET"]}}],"collection":[{"href":"https:\/\/hidrosistem.al\/new\/wp-json\/wp\/v2\/product"}],"about":[{"href":"https:\/\/hidrosistem.al\/new\/wp-json\/wp\/v2\/types\/product"}],"version-history":[{"count":2,"href":"https:\/\/hidrosistem.al\/new\/wp-json\/wp\/v2\/product\/3476\/revisions"}],"predecessor-version":[{"id":3479,"href":"https:\/\/hidrosistem.al\/new\/wp-json\/wp\/v2\/product\/3476\/revisions\/3479"}],"wp:featuredmedia":[{"embeddable":true,"href":"https:\/\/hidrosistem.al\/new\/wp-json\/wp\/v2\/media\/3477"}],"wp:attachment":[{"href":"https:\/\/hidrosistem.al\/new\/wp-json\/wp\/v2\/media?parent=3476"}],"wp:term":[{"taxonomy":"product_cat","embeddable":true,"href":"https:\/\/hidrosistem.al\/new\/wp-json\/wp\/v2\/product_cat?post=3476"},{"taxonomy":"product_tag","embeddable":true,"href":"https:\/\/hidrosistem.al\/new\/wp-json\/wp\/v2\/product_tag?post=3476"}],"curies":[{"name":"wp","href":"https:\/\/api.w.org\/{rel}","templated":true}]}}