{"id":3462,"date":"2023-09-22T14:09:54","date_gmt":"2023-09-22T14:09:54","guid":{"rendered":"https:\/\/hidrosistem.al\/new\/?post_type=product&#038;p=3462"},"modified":"2023-09-22T14:09:54","modified_gmt":"2023-09-22T14:09:54","slug":"ats-casker","status":"publish","type":"product","link":"https:\/\/hidrosistem.al\/new\/product\/ats-casker\/","title":{"rendered":"ATS CASKER"},"content":{"rendered":"<div class=\"product attribute overview\">\n<div class=\"value\"><span>Oxhak KASETE ENERGJIKE ME BOILER UJI ME EFI\u00c7ENCA TERMIKE TE LARTE Dere<\/span><br \/>\n<span>hap\u00ebse &amp; rr\u00ebshqit\u00ebse, me \u00e7el\u00ebs ajri dhe sigurie t\u00eb rregullueshme.<\/span><\/div>\n<\/div>\n","protected":false},"excerpt":{"rendered":"<p>Oxhak KASETE ENERGJIKE ME BOILER UJI ME EFI\u00c7ENCA TERMIKE TE LARTE Dere hap\u00ebse &amp; rr\u00ebshqit\u00ebse, me \u00e7el\u00ebs ajri dhe sigurie<\/p>\n","protected":false},"featured_media":3463,"template":"","meta":[],"product_cat":[349],"product_tag":[],"class_list":["post-3462","product","type-product","status-publish","has-post-thumbnail","hentry","product_cat-oxhaqe"],"_links":{"self":[{"href":"https:\/\/hidrosistem.al\/new\/wp-json\/wp\/v2\/product\/3462","targetHints":{"allow":["GET"]}}],"collection":[{"href":"https:\/\/hidrosistem.al\/new\/wp-json\/wp\/v2\/product"}],"about":[{"href":"https:\/\/hidrosistem.al\/new\/wp-json\/wp\/v2\/types\/product"}],"version-history":[{"count":1,"href":"https:\/\/hidrosistem.al\/new\/wp-json\/wp\/v2\/product\/3462\/revisions"}],"predecessor-version":[{"id":3465,"href":"https:\/\/hidrosistem.al\/new\/wp-json\/wp\/v2\/product\/3462\/revisions\/3465"}],"wp:featuredmedia":[{"embeddable":true,"href":"https:\/\/hidrosistem.al\/new\/wp-json\/wp\/v2\/media\/3463"}],"wp:attachment":[{"href":"https:\/\/hidrosistem.al\/new\/wp-json\/wp\/v2\/media?parent=3462"}],"wp:term":[{"taxonomy":"product_cat","embeddable":true,"href":"https:\/\/hidrosistem.al\/new\/wp-json\/wp\/v2\/product_cat?post=3462"},{"taxonomy":"product_tag","embeddable":true,"href":"https:\/\/hidrosistem.al\/new\/wp-json\/wp\/v2\/product_tag?post=3462"}],"curies":[{"name":"wp","href":"https:\/\/api.w.org\/{rel}","templated":true}]}}