{"id":3453,"date":"2023-09-22T14:04:30","date_gmt":"2023-09-22T14:04:30","guid":{"rendered":"https:\/\/hidrosistem.al\/new\/?post_type=product&#038;p=3453"},"modified":"2023-09-22T14:04:30","modified_gmt":"2023-09-22T14:04:30","slug":"ats-double-face","status":"publish","type":"product","link":"https:\/\/hidrosistem.al\/new\/product\/ats-double-face\/","title":{"rendered":"ATS Double Face"},"content":{"rendered":"<div class=\"product attribute overview\">\n<div class=\"value\"><span>Oxhak ME NXEHJE ME AJER TE NDRISHME ME EFI\u00c7ENCA TE LARTE TERMIKE<\/span><br \/>\n<span>Dere hap\u00ebse dhe rr\u00ebshqit\u00ebse, me \u00e7el\u00ebs t\u00eb rregulluesh\u00ebm ajri dhe sigurie.<\/span><br \/>\n<span>Kristal qeramike zjarrduruese rezistente deri n\u00eb 750\u00b0C.\u00a0Perde me djegie dyt\u00ebsore dhe ajri,<\/span><br \/>\n<span>e disponueshme n\u00eb 2 madh\u00ebsi 700\/800<\/span><\/div>\n<\/div>\n","protected":false},"excerpt":{"rendered":"<p>Oxhak ME NXEHJE ME AJER TE NDRISHME ME EFI\u00c7ENCA TE LARTE TERMIKE Dere hap\u00ebse dhe rr\u00ebshqit\u00ebse, me \u00e7el\u00ebs t\u00eb rregulluesh\u00ebm<\/p>\n","protected":false},"featured_media":3454,"template":"","meta":[],"product_cat":[349],"product_tag":[],"class_list":["post-3453","product","type-product","status-publish","has-post-thumbnail","hentry","product_cat-oxhaqe"],"_links":{"self":[{"href":"https:\/\/hidrosistem.al\/new\/wp-json\/wp\/v2\/product\/3453","targetHints":{"allow":["GET"]}}],"collection":[{"href":"https:\/\/hidrosistem.al\/new\/wp-json\/wp\/v2\/product"}],"about":[{"href":"https:\/\/hidrosistem.al\/new\/wp-json\/wp\/v2\/types\/product"}],"version-history":[{"count":1,"href":"https:\/\/hidrosistem.al\/new\/wp-json\/wp\/v2\/product\/3453\/revisions"}],"predecessor-version":[{"id":3456,"href":"https:\/\/hidrosistem.al\/new\/wp-json\/wp\/v2\/product\/3453\/revisions\/3456"}],"wp:featuredmedia":[{"embeddable":true,"href":"https:\/\/hidrosistem.al\/new\/wp-json\/wp\/v2\/media\/3454"}],"wp:attachment":[{"href":"https:\/\/hidrosistem.al\/new\/wp-json\/wp\/v2\/media?parent=3453"}],"wp:term":[{"taxonomy":"product_cat","embeddable":true,"href":"https:\/\/hidrosistem.al\/new\/wp-json\/wp\/v2\/product_cat?post=3453"},{"taxonomy":"product_tag","embeddable":true,"href":"https:\/\/hidrosistem.al\/new\/wp-json\/wp\/v2\/product_tag?post=3453"}],"curies":[{"name":"wp","href":"https:\/\/api.w.org\/{rel}","templated":true}]}}