{"id":3428,"date":"2023-09-22T13:51:40","date_gmt":"2023-09-22T13:51:40","guid":{"rendered":"https:\/\/hidrosistem.al\/new\/?post_type=product&#038;p=3428"},"modified":"2023-09-22T13:51:40","modified_gmt":"2023-09-22T13:51:40","slug":"ats-stable-700","status":"publish","type":"product","link":"https:\/\/hidrosistem.al\/new\/product\/ats-stable-700\/","title":{"rendered":"ATS STABLE 700"},"content":{"rendered":"<div class=\"product attribute overview\">\n<div class=\"value\"><span>Stufa me energji termike me aj\u00ebr ATS STABLE \u00ebsht\u00eb nj\u00eb oxhak me efikasitet t\u00eb lart\u00eb termik, me der\u00eb hap\u00ebse dhe aj\u00ebr t\u00eb rregulluesh\u00ebm, rreshtim t\u00eb brendsh\u00ebm prej pllakash t\u00eb l\u00ebvizshme prej gize, xhami qeramike 750c, perde me djegie dyt\u00ebsore dhe aj\u00ebr.\u00a0Ai p\u00ebrfshin gjithashtu nj\u00eb tabaka hiri t\u00eb l\u00ebvizshme t\u00eb dyfisht\u00eb.<\/span><\/div>\n<\/div>\n","protected":false},"excerpt":{"rendered":"<p>Stufa me energji termike me aj\u00ebr ATS STABLE \u00ebsht\u00eb nj\u00eb oxhak me efikasitet t\u00eb lart\u00eb termik, me der\u00eb hap\u00ebse dhe<\/p>\n","protected":false},"featured_media":3430,"template":"","meta":[],"product_cat":[349],"product_tag":[],"class_list":["post-3428","product","type-product","status-publish","has-post-thumbnail","hentry","product_cat-oxhaqe"],"_links":{"self":[{"href":"https:\/\/hidrosistem.al\/new\/wp-json\/wp\/v2\/product\/3428","targetHints":{"allow":["GET"]}}],"collection":[{"href":"https:\/\/hidrosistem.al\/new\/wp-json\/wp\/v2\/product"}],"about":[{"href":"https:\/\/hidrosistem.al\/new\/wp-json\/wp\/v2\/types\/product"}],"version-history":[{"count":1,"href":"https:\/\/hidrosistem.al\/new\/wp-json\/wp\/v2\/product\/3428\/revisions"}],"predecessor-version":[{"id":3431,"href":"https:\/\/hidrosistem.al\/new\/wp-json\/wp\/v2\/product\/3428\/revisions\/3431"}],"wp:featuredmedia":[{"embeddable":true,"href":"https:\/\/hidrosistem.al\/new\/wp-json\/wp\/v2\/media\/3430"}],"wp:attachment":[{"href":"https:\/\/hidrosistem.al\/new\/wp-json\/wp\/v2\/media?parent=3428"}],"wp:term":[{"taxonomy":"product_cat","embeddable":true,"href":"https:\/\/hidrosistem.al\/new\/wp-json\/wp\/v2\/product_cat?post=3428"},{"taxonomy":"product_tag","embeddable":true,"href":"https:\/\/hidrosistem.al\/new\/wp-json\/wp\/v2\/product_tag?post=3428"}],"curies":[{"name":"wp","href":"https:\/\/api.w.org\/{rel}","templated":true}]}}