{"id":3412,"date":"2023-09-22T11:09:16","date_gmt":"2023-09-22T11:09:16","guid":{"rendered":"https:\/\/hidrosistem.al\/new\/?post_type=product&#038;p=3412"},"modified":"2023-09-22T11:09:16","modified_gmt":"2023-09-22T11:09:16","slug":"100-ats","status":"publish","type":"product","link":"https:\/\/hidrosistem.al\/new\/product\/100-ats\/","title":{"rendered":"100 ATS"},"content":{"rendered":"<div class=\"product attribute overview\">\n<div class=\"value\"><span>Ngroh\u00ebsi i drurit ATS 100 STEEL \u00ebsht\u00eb ideal p\u00ebr k\u00ebdo q\u00eb d\u00ebshiron t\u00eb ngroh\u00eb hap\u00ebsir\u00ebn e tij me djegie t\u00eb thjesht\u00eb dhe ekonomike t\u00eb l\u00ebnd\u00ebve djeg\u00ebse t\u00eb ngurta.\u00a0Me kristal qeramik zjarrdurues n\u00eb pjes\u00ebn e p\u00ebrparme q\u00eb mund t\u00eb p\u00ebrballoj\u00eb temperaturat deri n\u00eb 750\u00b0C.<\/span><\/div>\n<\/div>\n","protected":false},"excerpt":{"rendered":"<p>Ngroh\u00ebsi i drurit ATS 100 STEEL \u00ebsht\u00eb ideal p\u00ebr k\u00ebdo q\u00eb d\u00ebshiron t\u00eb ngroh\u00eb hap\u00ebsir\u00ebn e tij me djegie t\u00eb<\/p>\n","protected":false},"featured_media":3414,"template":"","meta":[],"product_cat":[356],"product_tag":[],"class_list":["post-3412","product","type-product","status-publish","has-post-thumbnail","hentry","product_cat-soba-me-dru"],"_links":{"self":[{"href":"https:\/\/hidrosistem.al\/new\/wp-json\/wp\/v2\/product\/3412","targetHints":{"allow":["GET"]}}],"collection":[{"href":"https:\/\/hidrosistem.al\/new\/wp-json\/wp\/v2\/product"}],"about":[{"href":"https:\/\/hidrosistem.al\/new\/wp-json\/wp\/v2\/types\/product"}],"version-history":[{"count":1,"href":"https:\/\/hidrosistem.al\/new\/wp-json\/wp\/v2\/product\/3412\/revisions"}],"predecessor-version":[{"id":3416,"href":"https:\/\/hidrosistem.al\/new\/wp-json\/wp\/v2\/product\/3412\/revisions\/3416"}],"wp:featuredmedia":[{"embeddable":true,"href":"https:\/\/hidrosistem.al\/new\/wp-json\/wp\/v2\/media\/3414"}],"wp:attachment":[{"href":"https:\/\/hidrosistem.al\/new\/wp-json\/wp\/v2\/media?parent=3412"}],"wp:term":[{"taxonomy":"product_cat","embeddable":true,"href":"https:\/\/hidrosistem.al\/new\/wp-json\/wp\/v2\/product_cat?post=3412"},{"taxonomy":"product_tag","embeddable":true,"href":"https:\/\/hidrosistem.al\/new\/wp-json\/wp\/v2\/product_tag?post=3412"}],"curies":[{"name":"wp","href":"https:\/\/api.w.org\/{rel}","templated":true}]}}