{"id":3407,"date":"2023-09-22T11:06:32","date_gmt":"2023-09-22T11:06:32","guid":{"rendered":"https:\/\/hidrosistem.al\/new\/?post_type=product&#038;p=3407"},"modified":"2023-09-22T11:07:34","modified_gmt":"2023-09-22T11:07:34","slug":"ats-zero","status":"publish","type":"product","link":"https:\/\/hidrosistem.al\/new\/product\/ats-zero\/","title":{"rendered":"ATS ZERO"},"content":{"rendered":"<div class=\"product attribute overview\">\n<div class=\"value\">Ngroh\u00ebsi i drurit ATS ZERO STEEL \u00ebsht\u00eb ideal p\u00ebr k\u00ebdo q\u00eb d\u00ebshiron t\u00eb ngroh hap\u00ebsir\u00ebn e tij duke p\u00ebrdorur l\u00ebnd\u00eb djeg\u00ebse t\u00eb ngurta.\u00a0Me nj\u00eb fytyr\u00eb t\u00eb rrumbullakosur dhe kristal qeramike rezistente ndaj zjarrit q\u00eb i reziston temperaturave deri n\u00eb 750\u00b0C.<\/div>\n<\/div>\n","protected":false},"excerpt":{"rendered":"<p>Ngroh\u00ebsi i drurit ATS ZERO STEEL \u00ebsht\u00eb ideal p\u00ebr k\u00ebdo q\u00eb d\u00ebshiron t\u00eb ngroh hap\u00ebsir\u00ebn e tij duke p\u00ebrdorur l\u00ebnd\u00eb<\/p>\n","protected":false},"featured_media":3408,"template":"","meta":[],"product_cat":[356],"product_tag":[],"class_list":["post-3407","product","type-product","status-publish","has-post-thumbnail","hentry","product_cat-soba-me-dru"],"_links":{"self":[{"href":"https:\/\/hidrosistem.al\/new\/wp-json\/wp\/v2\/product\/3407","targetHints":{"allow":["GET"]}}],"collection":[{"href":"https:\/\/hidrosistem.al\/new\/wp-json\/wp\/v2\/product"}],"about":[{"href":"https:\/\/hidrosistem.al\/new\/wp-json\/wp\/v2\/types\/product"}],"version-history":[{"count":2,"href":"https:\/\/hidrosistem.al\/new\/wp-json\/wp\/v2\/product\/3407\/revisions"}],"predecessor-version":[{"id":3411,"href":"https:\/\/hidrosistem.al\/new\/wp-json\/wp\/v2\/product\/3407\/revisions\/3411"}],"wp:featuredmedia":[{"embeddable":true,"href":"https:\/\/hidrosistem.al\/new\/wp-json\/wp\/v2\/media\/3408"}],"wp:attachment":[{"href":"https:\/\/hidrosistem.al\/new\/wp-json\/wp\/v2\/media?parent=3407"}],"wp:term":[{"taxonomy":"product_cat","embeddable":true,"href":"https:\/\/hidrosistem.al\/new\/wp-json\/wp\/v2\/product_cat?post=3407"},{"taxonomy":"product_tag","embeddable":true,"href":"https:\/\/hidrosistem.al\/new\/wp-json\/wp\/v2\/product_tag?post=3407"}],"curies":[{"name":"wp","href":"https:\/\/api.w.org\/{rel}","templated":true}]}}